{"id":910,"date":"2020-04-14T17:08:36","date_gmt":"2020-04-14T17:08:36","guid":{"rendered":"https:\/\/masachs.com\/contacto"},"modified":"2026-01-14T15:46:46","modified_gmt":"2026-01-14T14:46:46","slug":"contacte","status":"publish","type":"page","link":"https:\/\/masachs.com\/ca\/contacte","title":{"rendered":"Contacte"},"content":{"rendered":"<p>[vc_row full_width=&#8221;stretch_row_content_no_spaces&#8221;][vc_column][vc_separator color=&#8221;custom&#8221; align=&#8221;align_left&#8221; border_width=&#8221;10&#8243; accent_color=&#8221;#15326e&#8221; el_id=&#8221;separador-header&#8221;][vc_raw_js]JTNDc2NyaXB0JTNFJTBBdmFyJTIwd2lud2klMjAlM0QlMjB3aW5kb3cuaW5uZXJXaWR0aCUzQiUwQXZhciUyMHAlMjAlM0QlMjBkb2N1bWVudC5xdWVyeVNlbGVjdG9yJTI4JTIyLnNpbmdsZV93aWR0aF9wYWdlJTIyJTI5JTNCJTBBdmFyJTIwc3R5bGUlMjAlM0QlMjBwLmN1cnJlbnRTdHlsZSUyMCU3QyU3QyUyMHdpbmRvdy5nZXRDb21wdXRlZFN0eWxlJTI4cCUyOSUzQiUwQXZhciUyMGxlZnRzcGFjZSUyMCUzRCUyMCUyOHdpbndpLSUyOHBhcnNlSW50JTI4c3R5bGUud2lkdGglMjktMzAlMjklMjklMkYyJTNCJTBBZG9jdW1lbnQuZ2V0RWxlbWVudEJ5SWQlMjglMjJzZXBhcmFkb3ItaGVhZGVyJTIyJTI5LnN0eWxlLmxlZnQlMjAlM0QlMjBsZWZ0c3BhY2UlMkIlMjJweCUyMiUzQiUwQSUzQyUyRnNjcmlwdCUzRQ==[\/vc_raw_js][\/vc_column][\/vc_row][vc_row css=&#8221;.vc_custom_1586394704583{margin-top: 80px !important;margin-bottom: 50px !important;}&#8221;][vc_column width=&#8221;5\/12&#8243;][vc_column_text el_class=&#8221;contacto_text&#8221;]Masachs Industrial \u00e9s una empresa immobili\u00e0ria especialitzada en naus industrials, naus log\u00edstiques, s\u00f2l industrial, locals comercials i oficines, que opera a nivell nacional.<\/p>\n<p><strong>Pla\u00e7a Clav\u00e9, 13, 1r, despatx 2<br \/>\n08221 Terrassa (Barcelona)<br \/>\n<a href=\"mailto:masachs@masachs.com\">masachs@masachs.com<\/a><br \/>\n<a href=\"tel:937884284\">937 884 284<\/a><\/strong><\/p>\n<p><strong>c\/ Alcal\u00e1, 136, 1\u00ba D<br \/>\n28009 Madrid<br \/>\n<a href=\"mailto:masachs@masachs.com\">masachs@masachs.com<\/a><br \/>\n<a href=\"tel:937884284\">937 884 284<\/a><\/strong><\/p>\n<p>Horari d&#8217;atenci\u00f3<br \/>\n<strong>De dilluns a dijous, de 9 a 18 h<br \/>\nDivendres, de 9 a 14h<br \/>\n<\/strong>[\/vc_column_text][\/vc_column][vc_column width=&#8221;1\/12&#8243;][\/vc_column][vc_column width=&#8221;6\/12&#8243;][vc_gmaps link=&#8221;#E-8_JTNDaWZyYW1lJTIwc3JjJTNEJTIyaHR0cHMlM0ElMkYlMkZ3d3cuZ29vZ2xlLmNvbSUyRm1hcHMlMkZlbWJlZCUzRnBiJTNEJTIxMW0xNCUyMTFtOCUyMTFtMyUyMTFkMTE5NDEuNTc2MzYzMzgzNTQ3JTIxMmQyLjAwMDY5MzI3NjEzNTI1MzQlMjEzZDQxLjU2MDcxNDY3Njk0OTgzJTIxM20yJTIxMWkxMDI0JTIxMmk3NjglMjE0ZjEzLjElMjEzbTMlMjExbTIlMjExczB4MCUyNTNBMHg4NGI4MzJiNzVmYWU1NmZhJTIxMnNNYXNhY2hzJTI1MjBOYXVzJTI1MjBJbmR1c3RyaWFscyUyMTVlMCUyMTNtMiUyMTFzY2ElMjEyc2VzJTIxNHYxNTg2ODg0NDU5MTQ5JTIxNW0yJTIxMXNjYSUyMTJzZXMlMjIlMjB3aWR0aCUzRCUyMjYwMCUyMiUyMGhlaWdodCUzRCUyMjUwMCUyMiUyMGZyYW1lYm9yZGVyJTNEJTIyMCUyMiUyMHN0eWxlJTNEJTIyYm9yZGVyJTNBMCUzQiUyMiUyMGFsbG93ZnVsbHNjcmVlbiUzRCUyMiUyMiUyMGFyaWEtaGlkZGVuJTNEJTIyZmFsc2UlMjIlMjB0YWJpbmRleCUzRCUyMjAlMjIlM0UlM0MlMkZpZnJhbWUlM0U=&#8221; css_animation=&#8221;fadeInRight&#8221;][\/vc_column][\/vc_row][vc_row full_width=&#8221;stretch_row&#8221; el_class=&#8221;contacto&#8221; css=&#8221;.vc_custom_1586885232263{margin-bottom: 90px !important;padding-top: 60px !important;padding-bottom: 60px !important;background-color: #15326e !important;}&#8221;][vc_column width=&#8221;1\/12&#8243;][\/vc_column][vc_column width=&#8221;10\/12&#8243; css=&#8221;.vc_custom_1586296857514{padding-top: 0px !important;padding-right: 0px !important;padding-bottom: 0px !important;padding-left: 0px !important;}&#8221;][vc_custom_heading text=&#8221;Contacta amb nosaltres&#8221; font_container=&#8221;tag:h2|text_align:center|color:%23ffffff&#8221; use_theme_fonts=&#8221;yes&#8221; css=&#8221;.vc_custom_1588254308575{margin-bottom: 70px !important;}&#8221;][vc_wp_text]\n<div class=\"wpcf7 no-js\" id=\"wpcf7-f825-o1\" lang=\"es-ES\" dir=\"ltr\" data-wpcf7-id=\"825\">\n<div class=\"screen-reader-response\"><p role=\"status\" aria-live=\"polite\" aria-atomic=\"true\"><\/p> <ul><\/ul><\/div>\n<form action=\"\/ca\/wp-json\/wp\/v2\/pages\/910#wpcf7-f825-o1\" method=\"post\" class=\"wpcf7-form init\" aria-label=\"Formulario de contacto\" novalidate=\"novalidate\" data-status=\"init\">\n<div style=\"display: none;\">\n<input type=\"hidden\" name=\"_wpcf7\" value=\"825\" \/>\n<input type=\"hidden\" name=\"_wpcf7_version\" value=\"6.0.6\" \/>\n<input type=\"hidden\" name=\"_wpcf7_locale\" value=\"es_ES\" \/>\n<input type=\"hidden\" name=\"_wpcf7_unit_tag\" value=\"wpcf7-f825-o1\" \/>\n<input type=\"hidden\" name=\"_wpcf7_container_post\" value=\"0\" \/>\n<input type=\"hidden\" name=\"_wpcf7_posted_data_hash\" value=\"\" \/>\n<input type=\"hidden\" name=\"_wpcf7_recaptcha_response\" value=\"\" \/>\n<\/div>\n<p><span class=\"wpcf7-form-control-wrap\" data-name=\"nombre\"><input size=\"40\" maxlength=\"400\" class=\"wpcf7-form-control wpcf7-text wpcf7-validates-as-required\" aria-required=\"true\" aria-invalid=\"false\" placeholder=\"Nom i cognoms\" value=\"\" type=\"text\" name=\"nombre\" \/><\/span>\n<\/p>\n<p><span class=\"wpcf7-form-control-wrap\" data-name=\"telefono\"><input size=\"40\" maxlength=\"400\" class=\"wpcf7-form-control wpcf7-tel wpcf7-validates-as-required wpcf7-text wpcf7-validates-as-tel\" aria-required=\"true\" aria-invalid=\"false\" placeholder=\"Tel\u00e8fon\" value=\"\" type=\"tel\" name=\"telefono\" \/><\/span>\n<\/p>\n<p><span class=\"wpcf7-form-control-wrap\" data-name=\"email\"><input size=\"40\" maxlength=\"400\" class=\"wpcf7-form-control wpcf7-email wpcf7-validates-as-required wpcf7-text wpcf7-validates-as-email\" aria-required=\"true\" aria-invalid=\"false\" placeholder=\"Email\" value=\"\" type=\"email\" name=\"email\" \/><\/span>\n<\/p>\n<p><span class=\"wpcf7-form-control-wrap\" data-name=\"mensaje\"><textarea cols=\"40\" rows=\"10\" maxlength=\"2000\" class=\"wpcf7-form-control wpcf7-textarea wpcf7-validates-as-required\" aria-required=\"true\" aria-invalid=\"false\" placeholder=\"Missatge\" name=\"mensaje\"><\/textarea><\/span>\n<\/p>\n<input class=\"wpcf7-form-control wpcf7-hidden\" id=\"landing_url\" value=\"\" type=\"hidden\" name=\"landing_url\" \/>\n<input class=\"wpcf7-form-control wpcf7-hidden\" value=\"web\" type=\"hidden\" name=\"tipoSolicitud\" \/>\n<p style=\"display:none;\"><br \/>\n<input class=\"wpcf7-form-control wpcf7-hidden utm_source\" id=\"utm_source\" value=\"\" type=\"hidden\" name=\"utm_source_cf7\" \/><br \/>\n<input class=\"wpcf7-form-control wpcf7-hidden utm_medium\" id=\"utm_medium\" value=\"\" type=\"hidden\" name=\"utm_medium_cf7\" \/><br \/>\n<input class=\"wpcf7-form-control wpcf7-hidden utm_term\" id=\"utm_term\" value=\"\" type=\"hidden\" name=\"utm_term_cf7\" \/><br \/>\n<input class=\"wpcf7-form-control wpcf7-hidden utm_content\" id=\"utm_content\" value=\"\" type=\"hidden\" name=\"utm_content_cf7\" \/><br \/>\n<input class=\"wpcf7-form-control wpcf7-hidden utm_campaign\" id=\"utm_campaign\" value=\"\" type=\"hidden\" name=\"utm_campaign_cf7\" \/><br \/>\n<input class=\"wpcf7-form-control wpcf7-hidden gclid\" id=\"gclid\" value=\"\" type=\"hidden\" name=\"gclid_cf7\" \/>\n<\/p>\n<p><input class=\"wpcf7-form-control wpcf7-submit has-spinner red_button\" type=\"submit\" value=\"Enviar\" \/><span class=\"wpcf7-form-control-wrap\" data-name=\"politica\"><span class=\"wpcf7-form-control wpcf7-acceptance\"><span class=\"wpcf7-list-item\"><label><input type=\"checkbox\" name=\"politica\" value=\"1\" aria-invalid=\"false\" \/><span class=\"wpcf7-list-item-label\">He llegit i accepto la <a href=\"https:\/\/masachs.com\/ca\/politica-de-privadesa\" target=\u201d_blank\u201d>Pol\u00edtica de privadesa<\/a><\/span><\/label><\/span><\/span><\/span>\n<\/p><div class=\"wpcf7-response-output\" aria-hidden=\"true\"><\/div>\n<\/form>\n<\/div>\n[\/vc_wp_text][\/vc_column][vc_column width=&#8221;1\/12&#8243;][\/vc_column][\/vc_row]<\/p>\n","protected":false},"excerpt":{"rendered":"<p>[vc_row full_width=&#8221;stretch_row_content_no_spaces&#8221;][vc_column][vc_separator color=&#8221;custom&#8221; align=&#8221;align_left&#8221; border_width=&#8221;10&#8243; accent_color=&#8221;#15326e&#8221; el_id=&#8221;separador-header&#8221;][vc_raw_js]JTNDc2NyaXB0JTNFJTBBdmFyJTIwd2lud2klMjAlM0QlMjB3aW5kb3cuaW5uZXJXaWR0aCUzQiUwQXZhciUyMHAlMjAlM0QlMjBkb2N1bWVudC5xdWVyeVNlbGVjdG9yJTI4JTIyLnNpbmdsZV93aWR0aF9wYWdlJTIyJTI5JTNCJTBBdmFyJTIwc3R5bGUlMjAlM0QlMjBwLmN1cnJlbnRTdHlsZSUyMCU3QyU3QyUyMHdpbmRvdy5nZXRDb21wdXRlZFN0eWxlJTI4cCUyOSUzQiUwQXZhciUyMGxlZnRzcGFjZSUyMCUzRCUyMCUyOHdpbndpLSUyOHBhcnNlSW50JTI4c3R5bGUud2lkdGglMjktMzAlMjklMjklMkYyJTNCJTBBZG9jdW1lbnQuZ2V0RWxlbWVudEJ5SWQlMjglMjJzZXBhcmFkb3ItaGVhZGVyJTIyJTI5LnN0eWxlLmxlZnQlMjAlM0QlMjBsZWZ0c3BhY2UlMkIlMjJweCUyMiUzQiUwQSUzQyUyRnNjcmlwdCUzRQ==[\/vc_raw_js][\/vc_column][\/vc_row][vc_row css=&#8221;.vc_custom_1586394704583{margin-top: 80px !important;margin-bottom: 50px !important;}&#8221;][vc_column width=&#8221;5\/12&#8243;][vc_column_text el_class=&#8221;contacto_text&#8221;]Masachs Industrial \u00e9s una empresa immobili\u00e0ria especialitzada en naus industrials, naus log\u00edstiques, s\u00f2l industrial, locals comercials i oficines, que opera a nivell nacional. Pla\u00e7a Clav\u00e9, 13, 1r, despatx 2 08221 Terrassa (Barcelona) masachs@masachs.com 937 884 284 c\/ Alcal\u00e1, 136, 1\u00ba D 28009 Madrid masachs@masachs.com 937 884 284 Horari d&#8217;atenci\u00f3 De dilluns &#8230;<\/p>\n","protected":false},"author":1,"featured_media":0,"parent":0,"menu_order":0,"comment_status":"closed","ping_status":"closed","template":"","meta":{"footnotes":""},"class_list":["post-910","page","type-page","status-publish","hentry"],"_links":{"self":[{"href":"https:\/\/masachs.com\/ca\/wp-json\/wp\/v2\/pages\/910"}],"collection":[{"href":"https:\/\/masachs.com\/ca\/wp-json\/wp\/v2\/pages"}],"about":[{"href":"https:\/\/masachs.com\/ca\/wp-json\/wp\/v2\/types\/page"}],"author":[{"embeddable":true,"href":"https:\/\/masachs.com\/ca\/wp-json\/wp\/v2\/users\/1"}],"replies":[{"embeddable":true,"href":"https:\/\/masachs.com\/ca\/wp-json\/wp\/v2\/comments?post=910"}],"version-history":[{"count":9,"href":"https:\/\/masachs.com\/ca\/wp-json\/wp\/v2\/pages\/910\/revisions"}],"predecessor-version":[{"id":435523,"href":"https:\/\/masachs.com\/ca\/wp-json\/wp\/v2\/pages\/910\/revisions\/435523"}],"wp:attachment":[{"href":"https:\/\/masachs.com\/ca\/wp-json\/wp\/v2\/media?parent=910"}],"curies":[{"name":"wp","href":"https:\/\/api.w.org\/{rel}","templated":true}]}}