{"id":877,"date":"2020-04-20T22:11:54","date_gmt":"2020-04-20T22:11:54","guid":{"rendered":"https:\/\/masachs.com\/politica-de-cookies"},"modified":"2025-12-11T10:16:15","modified_gmt":"2025-12-11T09:16:15","slug":"politica-de-cookies","status":"publish","type":"page","link":"https:\/\/masachs.com\/ca\/politica-de-cookies","title":{"rendered":"Pol\u00edtica de Cookies"},"content":{"rendered":"\r\n<p>Una cookie \u00e9s un fitxer que es descarrega al vostre ordinador en accedir a determinades p\u00e0gines web. Les cookies permeten a una p\u00e0gina web, entre d&#8217;altres, emmagatzemar i recuperar informaci\u00f3 sobre els h\u00e0bits de navegaci\u00f3 d&#8217;un usuari o del seu equip i, en funci\u00f3 de la informaci\u00f3 que contingui i de la forma en qu\u00e8 faci servir el seu equip, es poden utilitzar per recon\u00e8ixer l&#8217;usuari. Les cookies s\u00f3n essencials per al funcionament d&#8217;internet, i aporten innumerables avantatges en la prestaci\u00f3 de serveis interactius, a m\u00e9s de facilitar la navegaci\u00f3 i la usabilitat del nostre web. Per a m\u00e9s informaci\u00f3 sobre com utilitzem les teves dades, visita la <a href=\"https:\/\/policies.google.com\/technologies\/partner-sites\" target=\"_blank\" rel=\"noopener noreferrer\"><strong>Pol\u00edtica de privacitat i condicions de Google.<\/strong><\/a><\/p>\r\n\r\n\r\n\r\n<p>La informaci\u00f3 que us proporcionem a continuaci\u00f3 us ajudar\u00e0 a entendre els diferents tipus de cookies:\u00a0<\/p>\r\n\r\n\r\n\r\n<figure class=\"wp-block-table\">\r\n<table>\r\n<tbody>\r\n<tr>\r\n<td>Tipus de cookies<\/td>\r\n<\/tr>\r\n<tr>\r\n<td><strong>Segons l&#8217;entitat que les gestioni<\/strong><\/td>\r\n<td>Cookies pr\u00f2pies<\/td>\r\n<td>S\u00f3n aquelles que es recapten pel propi editor per prestar el servei sol\u00b7licitat per l&#8217;usuari.<\/td>\r\n<\/tr>\r\n<tr>\r\n<td><strong>Cookies de tercer<\/strong><\/td>\r\n<td>S\u00f3n aquelles recaptades i gestionades per un tercer, i que no es poden considerar pr\u00f2pies.<\/td>\r\n<\/tr>\r\n<tr>\r\n<td><strong>Segons el termini de temps que romanguin activades<\/strong><\/td>\r\n<td>Cookies de sessi\u00f3<\/td>\r\n<td>Recapten dades mentre l&#8217;usuari navega per la xarxa amb la finalitat de prestar el servei sol\u00b7licitat.<\/td>\r\n<\/tr>\r\n<tr>\r\n<td><strong>Cookies persistents<\/strong><\/td>\r\n<td>S&#8217;emmagatzemen al terminal i la informaci\u00f3 obtinguda ser\u00e0 utilitzada pel responsable de la cookie amb la finalitat de prestar el servei sol\u00b7licitat.<\/td>\r\n<\/tr>\r\n<tr>\r\n<td><strong>Segons la finalitat<\/strong><\/td>\r\n<td>Cookies t\u00e8cniques<\/td>\r\n<td>S\u00f3n les necess\u00e0ries per a la correcta navegaci\u00f3 pel web.<\/td>\r\n<\/tr>\r\n<tr>\r\n<td><strong>Cookies de personalitzaci\u00f3<\/strong><\/td>\r\n<td>Permeten a l&#8217;usuari les caracter\u00edstiques (idioma) per a la navegaci\u00f3 pel website.<\/td>\r\n<\/tr>\r\n<tr>\r\n<td><strong>Cookies d&#8217;an\u00e0lisi<\/strong><\/td>\r\n<td>Permeten al prestador l&#8217;an\u00e0lisi vinculada a la navegaci\u00f3 feta per l&#8217;usuari, amb la finalitat de portar un seguiment d&#8217;\u00fas de la p\u00e0gina web, aix\u00ed com fer estad\u00edstiques dels continguts m\u00e9s visitats, nombre de visitants, etc.<\/td>\r\n<\/tr>\r\n<tr>\r\n<td><strong>Cookies publicit\u00e0ries<\/strong><\/td>\r\n<td>Permeten a l&#8217;editor incloure al web, espais publicitaris, segons el contingut del propi web.<\/td>\r\n<\/tr>\r\n<tr>\r\n<td><strong>Cookies de publicitat comportamental<\/strong><\/td>\r\n<td>Permeten a l&#8217;editor incloure a la p\u00e0gina web espais publicitaris segons la informaci\u00f3 obtinguda a trav\u00e9s dels h\u00e0bits de navegaci\u00f3 de l&#8217;usuari.<\/td>\r\n<\/tr>\r\n<\/tbody>\r\n<\/table>\r\n<\/figure>\r\n\r\n\r\n\r\n<p>Segons all\u00f2 que disposa l&#8217;article 22.2 de la Llei 34\/2002, de 11 de juliol, de Serveis de la Societat de la Informaci\u00f3 i de Comer\u00e7 Electr\u00f2nic (LSSI-CE), MASACHS 1975 SL informa de les cookies utilitzades al nostre website:<\/p>\r\n\r\n\r\n\r\n<figure class=\"wp-block-table\">\r\n<table>\r\n<tbody>\r\n<tr>\r\n<td>\u00a0<\/td>\r\n<td>\u00a0<\/td>\r\n<td>Tipus de cookies<\/td>\r\n<\/tr>\r\n<tr>\r\n<td>\u00a0<\/td>\r\n<td>\u00a0<\/td>\r\n<td>Cookies pr\u00f2pies<\/td>\r\n<td>Cookies de tercer<\/td>\r\n<td>Cookies de sessi\u00f3<\/td>\r\n<td>Cookies persistents<\/td>\r\n<\/tr>\r\n<tr>\r\n<td>Finalitat<\/td>\r\n<td>Cookies t\u00e8cniques<\/td>\r\n<td>No<\/td>\r\n<td>No<\/td>\r\n<td>No<\/td>\r\n<td>No<\/td>\r\n<\/tr>\r\n<tr>\r\n<td>Cookies de personalitzaci\u00f3<\/td>\r\n<td>No<\/td>\r\n<td>No<\/td>\r\n<td>No<\/td>\r\n<td>No<\/td>\r\n<\/tr>\r\n<tr>\r\n<td>Cookies d&#8217;an\u00e0lisi<\/td>\r\n<td>No<\/td>\r\n<td>S\u00ed<\/td>\r\n<td>No<\/td>\r\n<td>No<\/td>\r\n<\/tr>\r\n<tr>\r\n<td>Cookies publicit\u00e0ries<\/td>\r\n<td>No<\/td>\r\n<td>S\u00ed<\/td>\r\n<td>No<\/td>\r\n<td>No<\/td>\r\n<\/tr>\r\n<tr>\r\n<td>Cookies de publicitat comportamental<\/td>\r\n<td>No<\/td>\r\n<td>S\u00ed<\/td>\r\n<td>No<\/td>\r\n<td>No<\/td>\r\n<\/tr>\r\n<\/tbody>\r\n<\/table>\r\n<\/figure>\r\n\r\n<p>&nbsp;<\/p>\r\n<p>Cookies qu\u00e9 utilitzem:<\/p>\r\n<table>\r\n<thead>\r\n<tr>\r\n<th>Hostname<\/th>\r\n<th>Category<\/th>\r\n<th>Name<\/th>\r\n<th>Secure<\/th>\r\n<th>Http Only<\/th>\r\n<th>Third Party<\/th>\r\n<th>Type<\/th>\r\n<th>Expiry<\/th>\r\n<\/tr>\r\n<\/thead>\r\n<tbody>\r\n<tr>\r\n<td>www.google.com<\/td>\r\n<td>Necessary<\/td>\r\n<td>_GRECAPTCHA<\/td>\r\n<td>Yes<\/td>\r\n<td>Yes<\/td>\r\n<td>Yes<\/td>\r\n<td>Cookie<\/td>\r\n<td>180 days<\/td>\r\n<\/tr>\r\n<tr>\r\n<td>www.google.com<\/td>\r\n<td>Necessary<\/td>\r\n<td>_grecaptcha<\/td>\r\n<td>No<\/td>\r\n<td>No<\/td>\r\n<td>No<\/td>\r\n<td>Local storage<\/td>\r\n<td>Persistent<\/td>\r\n<\/tr>\r\n<tr>\r\n<td>www.google.com<\/td>\r\n<td>Necessary<\/td>\r\n<td>wpEmojiSettingsSupports<\/td>\r\n<td>No<\/td>\r\n<td>No<\/td>\r\n<td>No<\/td>\r\n<td>Session storage<\/td>\r\n<td>Session<\/td>\r\n<\/tr>\r\n<tr>\r\n<td>.masachs.com<\/td>\r\n<td>Necessary<\/td>\r\n<td>cookiehub<\/td>\r\n<td>No<\/td>\r\n<td>No<\/td>\r\n<td>No<\/td>\r\n<td>Cookie<\/td>\r\n<td>365 days<\/td>\r\n<\/tr>\r\n<tr>\r\n<td>masachs.com<\/td>\r\n<td>Preferences<\/td>\r\n<td>wp-wpml_current_language<\/td>\r\n<td>No<\/td>\r\n<td>No<\/td>\r\n<td>No<\/td>\r\n<td>Cookie<\/td>\r\n<td>Session<\/td>\r\n<\/tr>\r\n<tr>\r\n<td>.masachs.com<\/td>\r\n<td>Analytics<\/td>\r\n<td>_ga_*<\/td>\r\n<td>No<\/td>\r\n<td>No<\/td>\r\n<td>No<\/td>\r\n<td>Cookie<\/td>\r\n<td>400 days<\/td>\r\n<\/tr>\r\n<tr>\r\n<td>.masachs.com<\/td>\r\n<td>Analytics<\/td>\r\n<td>_ga<\/td>\r\n<td>No<\/td>\r\n<td>No<\/td>\r\n<td>No<\/td>\r\n<td>Cookie<\/td>\r\n<td>400 days<\/td>\r\n<\/tr>\r\n<tr>\r\n<td>.masachs.com<\/td>\r\n<td>Analytics<\/td>\r\n<td>_hjSessionUser_*<\/td>\r\n<td>Yes<\/td>\r\n<td>No<\/td>\r\n<td>No<\/td>\r\n<td>Cookie<\/td>\r\n<td>365 days<\/td>\r\n<\/tr>\r\n<tr>\r\n<td>.masachs.com<\/td>\r\n<td>Analytics<\/td>\r\n<td>_hjSession_*<\/td>\r\n<td>Yes<\/td>\r\n<td>No<\/td>\r\n<td>No<\/td>\r\n<td>Cookie<\/td>\r\n<td>1 hour<\/td>\r\n<\/tr>\r\n<tr>\r\n<td>masachs.com<\/td>\r\n<td>Analytics<\/td>\r\n<td>hjActiveViewportIds<\/td>\r\n<td>No<\/td>\r\n<td>No<\/td>\r\n<td>No<\/td>\r\n<td>Local storage<\/td>\r\n<td>Persistent<\/td>\r\n<\/tr>\r\n<tr>\r\n<td>masachs.com<\/td>\r\n<td>Analytics<\/td>\r\n<td>hjViewportId<\/td>\r\n<td>No<\/td>\r\n<td>No<\/td>\r\n<td>No<\/td>\r\n<td>Session storage<\/td>\r\n<td>Session<\/td>\r\n<\/tr>\r\n<tr>\r\n<td>masachs.com<\/td>\r\n<td>Analytics<\/td>\r\n<td>cookie_data_lastviewed_widget_3<\/td>\r\n<td>No<\/td>\r\n<td>No<\/td>\r\n<td>No<\/td>\r\n<td>Cookie<\/td>\r\n<td>365 days<\/td>\r\n<\/tr>\r\n<tr>\r\n<td>.masachs.com<\/td>\r\n<td>Marketing<\/td>\r\n<td>_gcl_au<\/td>\r\n<td>No<\/td>\r\n<td>No<\/td>\r\n<td>No<\/td>\r\n<td>Cookie<\/td>\r\n<td>90 days<\/td>\r\n<\/tr>\r\n<tr>\r\n<td>.doubleclick.net<\/td>\r\n<td>Marketing<\/td>\r\n<td>test_cookie<\/td>\r\n<td>Yes<\/td>\r\n<td>No<\/td>\r\n<td>Yes<\/td>\r\n<td>Cookie<\/td>\r\n<td>1 hour<\/td>\r\n<\/tr>\r\n<tr>\r\n<td>masachs.com<\/td>\r\n<td>Marketing<\/td>\r\n<td>_gcl_ls<\/td>\r\n<td>No<\/td>\r\n<td>No<\/td>\r\n<td>No<\/td>\r\n<td>Local storage<\/td>\r\n<td>Persistent<\/td>\r\n<\/tr>\r\n<tr>\r\n<td>.doubleclick.net<\/td>\r\n<td>Marketing<\/td>\r\n<td>IDE<\/td>\r\n<td>Yes<\/td>\r\n<td>Yes<\/td>\r\n<td>Yes<\/td>\r\n<td>Cookie<\/td>\r\n<td>390 days<\/td>\r\n<\/tr>\r\n<\/tbody>\r\n<\/table>\r\n<!-- \/wp:table -->\r\n\r\n<!-- wp:paragraph -->\r\n<p><strong>Google Analytics<\/strong>: Emmagatzema cookies per poder elaborar estad\u00edstiques sobre el tr\u00e0fic i volum de visites d&#8217;aquest web. En utilitzar aquest lloc web esteu consentint el tractament d&#8217;informaci\u00f3 sobre vosaltres per Google. Per tant, l&#8217;exercici de qualsevol dret en aquest sentit ho haur\u00e0 de fer comunicant-se directament amb Google.<\/p>\r\n<!-- \/wp:paragraph -->\r\n\r\n<!-- wp:paragraph -->\r\n<p>Les cookies de Google Analytics s&#8217;emmagatzemen en servidors ubicats a Estats Units i es compromet a no compartir-la amb tercers, excepte en els casos en qu\u00e8 sigui necessari per al funcionament del sistema o quan la llei obligui a tal efecte. Segons Google no guarda la vostra adre\u00e7a IP.\u00a0<\/p>\r\n<!-- \/wp:paragraph -->\r\n\r\n<!-- wp:paragraph -->\r\n<p>Google Inc. \u00e9s una companyia adherida a\u00a0<em>Privacy Shields<\/em>\u00a0(escuts de privacitat) que garanteix que totes les dades transferides es tractin amb un nivell de protecci\u00f3 d&#8217;acord amb la normativa europea. Podeu consultar informaci\u00f3 detallada respecte d&#8217;aix\u00f2 a trav\u00e9s de l&#8217;enlla\u00e7 seg\u00fcent: https:\/\/support.google.com\/analytics\/answer\/6004245<\/p>\r\n<!-- \/wp:paragraph -->\r\n\r\n<!-- wp:paragraph -->\r\n<p>Si voleu, podeu fer servir el Complement d&#8217;inhabilitaci\u00f3 per a navegadors de Google Analytics, a trav\u00e9s de les instruccions del qual es poden rebutjar les cookies anal\u00edtiques del servei esmentat a tots els navegadors. Podeu consultar m\u00e9s informaci\u00f3 sobre aix\u00f2 en l&#8217;enlla\u00e7 seg\u00fcent: https:\/\/tools.google.com\/dlpage\/gaoptout.<\/p>\r\n<!-- \/wp:paragraph -->\r\n\r\n<!-- wp:paragraph -->\r\n<p>Aix\u00ed mateix, MASACHS 1975 SL informa l&#8217;usuari que t\u00e9 la possibilitat de configurar el seu navegador de forma que se l&#8217;informi de la recepci\u00f3 de cookies, i pot aleshores si aix\u00ed ho vol impedir que s&#8217;instal\u00b7lin en el seu disc dur. A continuaci\u00f3 us proporcionem els enlla\u00e7os de diversos navegadors, a trav\u00e9s dels quals podreu fer la configuraci\u00f3 esmentada:<\/p>\r\n<!-- \/wp:paragraph -->\r\n\r\n<!-- wp:list -->\r\n<ul>\r\n<li>Firefox des d&#8217;aqu\u00ed:\u00a0<a href=\"https:\/\/support.mozilla.org\/es\/kb\/habilitar-y-deshabilitar-cookies-sitios-web-rastrear-preferencias\">https:\/\/support.mozilla.org\/es\/kb\/habilitar-y-deshabilitar-cookies-sitios-web-rastrear-preferencias<\/a>\u00a0<\/li>\r\n<li>Chrome des d&#8217;aqu\u00ed:\u00a0<a href=\"http:\/\/support.google.com\/chrome\/bin\/answer.py?hl=es&amp;answer=95647\">http:\/\/support.google.com\/chrome\/bin\/answer.py?hl=es&amp;answer=95647<\/a><\/li>\r\n<li>Explorer des d&#8217;aqu\u00ed:\u00a0<a href=\"http:\/\/windows.microsoft.com\/es-es\/internet-explorer\/delete-managecookies#ie=ie-10\">http:\/\/windows.microsoft.com\/es-es\/internet-explorer\/delete-managecookies#ie=ie-10<\/a><\/li>\r\n<li>Safari des d&#8217;aqu\u00ed:\u00a0<a href=\"https:\/\/support.apple.com\/kb\/ph17191?locale=es_ES\">https:\/\/support.apple.com\/kb\/ph17191?locale=es_ES<\/a><\/li>\r\n<li>Opera des d&#8217;aqu\u00ed:\u00a0<a href=\"https:\/\/blogs.opera.com\/news\/2015\/08\/how-to-manage-cookies-in-opera\/\">https:\/\/blogs.opera.com\/news\/2015\/08\/how-to-manage-cookies-in-opera\/<\/a><\/li>\r\n<\/ul>\r\n<!-- \/wp:list -->","protected":false},"excerpt":{"rendered":"<p>Una cookie \u00e9s un fitxer que es descarrega al vostre ordinador en accedir a determinades p\u00e0gines web. Les cookies permeten a una p\u00e0gina web, entre d&#8217;altres, emmagatzemar i recuperar informaci\u00f3 sobre els h\u00e0bits de navegaci\u00f3 d&#8217;un usuari o del seu equip i, en funci\u00f3 de la informaci\u00f3 que contingui i de la forma en qu\u00e8 faci servir el seu equip, es poden utilitzar per &#8230;<\/p>\n","protected":false},"author":1,"featured_media":0,"parent":0,"menu_order":0,"comment_status":"closed","ping_status":"closed","template":"","meta":{"footnotes":""},"class_list":["post-877","page","type-page","status-publish","hentry"],"_links":{"self":[{"href":"https:\/\/masachs.com\/ca\/wp-json\/wp\/v2\/pages\/877"}],"collection":[{"href":"https:\/\/masachs.com\/ca\/wp-json\/wp\/v2\/pages"}],"about":[{"href":"https:\/\/masachs.com\/ca\/wp-json\/wp\/v2\/types\/page"}],"author":[{"embeddable":true,"href":"https:\/\/masachs.com\/ca\/wp-json\/wp\/v2\/users\/1"}],"replies":[{"embeddable":true,"href":"https:\/\/masachs.com\/ca\/wp-json\/wp\/v2\/comments?post=877"}],"version-history":[{"count":6,"href":"https:\/\/masachs.com\/ca\/wp-json\/wp\/v2\/pages\/877\/revisions"}],"predecessor-version":[{"id":434411,"href":"https:\/\/masachs.com\/ca\/wp-json\/wp\/v2\/pages\/877\/revisions\/434411"}],"wp:attachment":[{"href":"https:\/\/masachs.com\/ca\/wp-json\/wp\/v2\/media?parent=877"}],"curies":[{"name":"wp","href":"https:\/\/api.w.org\/{rel}","templated":true}]}}