{"id":872,"date":"2020-04-20T22:06:53","date_gmt":"2020-04-20T22:06:53","guid":{"rendered":"https:\/\/masachs.com\/aviso-legal"},"modified":"2025-11-25T10:24:18","modified_gmt":"2025-11-25T09:24:18","slug":"avis-legal","status":"publish","type":"page","link":"https:\/\/masachs.com\/ca\/avis-legal","title":{"rendered":"Av\u00eds Legal"},"content":{"rendered":"\r\n<p>En compliment amb la Llei 34\/2002, d&#8217;11 de juliol, de Serveis de la Societat de la Informaci\u00f3 i Comer\u00e7 Electr\u00f2nic (LSSI-CE), Masachs 1975 SL informa que \u00e9s titular del lloc web <a href=\"https:\/\/masachs.com\/ca\/\">www.masachs.com<\/a>. D&#8217;acord amb l&#8217;exig\u00e8ncia de l&#8217;article 10 de la llei esmentada, Masachs 1975 SL informa de les dades seg\u00fcents:<\/p>\r\n\r\n\r\n\r\n<p>El titular d&#8217;aquest lloc web \u00e9s Masachs 1975 SL, amb CIF B61544185 i domicili social a la PLA\u00c7A CLAV\u00c9, 13, 1r, DESPATX 2, 08221 TERRASSA (BARCELONA), inscrita en el Registre Mercantil, en el volum 42143, foli 99, fulla B401584 i inscripci\u00f3 1. L&#8217;adre\u00e7a de correu electr\u00f2nic de contacte amb l&#8217;empresa \u00e9s: <a href=\"mailto:contacta@masachs.com\">contacta@masachs.com<\/a>.<\/p>\r\n\r\n\r\n\r\n<h4 class=\"wp-block-heading\">USUARI I R\u00c8GIM DE RESPONSABILITATS<\/h4>\r\n\r\n\r\n\r\n<p>La navegaci\u00f3, acc\u00e9s i \u00fas del lloc web de Masachs 1975 SL confereix la condici\u00f3 d&#8217;usuari, per la qual s&#8217;accepten, des de la navegaci\u00f3 pel lloc web de Masachs 1975 SL, totes les condicions d&#8217;\u00fas aqu\u00ed establertes, sense perjudici de l&#8217;aplicaci\u00f3 de la corresponent normativa d&#8217;obligat compliment legal segons el cas.<\/p>\r\n\r\n\r\n\r\n<p>El lloc web de Masachs 1975 SL proporciona gran diversitat d&#8217;informaci\u00f3, serveis i dades. L&#8217;usuari assumeix la seva responsabilitat en l&#8217;\u00fas correcte del lloc web. Aquesta responsabilitat s\u2019estendr\u00e0 a:<\/p>\r\n\r\n\r\n\r\n<ul class=\"wp-block-list\">\r\n<li>La veracitat i licitud de les informacions aportades per l&#8217;usuari en els formularis estesos per Masachs 1975 SL per a l&#8217;acc\u00e9s a certs continguts o serveis oferts pel web.<\/li>\r\n<li>L&#8217;\u00fas de la informaci\u00f3, serveis i dades ofertes per Masachs 1975 SL contr\u00e0riament a all\u00f2 que disposen aquestes condicions, la Llei, la moral, els bons costums o l&#8217;ordre p\u00fablic, o que de qualsevol altra forma puguin suposar lesi\u00f3 dels drets de tercers o del mateix funcionament del lloc web.<\/li>\r\n<\/ul>\r\n\r\n\r\n\r\n<h4 class=\"wp-block-heading\">POL\u00cdTICA D&#8217;ENLLA\u00c7OS I EXEMPCIONS DE RESPONSABILITAT<\/h4>\r\n\r\n\r\n\r\n<p>Masachs 1975 SL no es fa responsable del contingut dels llocs web als quals l&#8217;usuari pugui accedir a trav\u00e9s dels enlla\u00e7os establerts en el seu lloc web i declara que en cap cas procedir\u00e0 a examinar o exercir cap tipus de control sobre el contingut d&#8217;altres llocs web. Aix\u00ed mateix, tampoc garantir\u00e0 la disponibilitat t\u00e8cnica, exactitud, veracitat, validesa o legalitat de llocs aliens a la seva propietat als quals pugui accedir per mitj\u00e0 dels enlla\u00e7os.<\/p>\r\n\r\n\r\n\r\n<p>Masachs 1975 SL declara que ha adoptat totes les mesures necess\u00e0ries per evitar qualsevol dany als usuaris del seu lloc web, que es pugui derivar de la navegaci\u00f3 per aquest. En conseq\u00fc\u00e8ncia, Masachs 1975 SL no es fa responsable, en cap cas, dels danys eventuals que per la seva navegaci\u00f3 per Internet pugui patir l&#8217;usuari.<\/p>\r\n\r\n\r\n\r\n<h4 class=\"wp-block-heading\">MODIFICACIONS<\/h4>\r\n\r\n\r\n\r\n<p>Masachs 1975 SL es reserva el dret de fer les modificacions que consideri escaients, sense av\u00eds previ, en el contingut del seu lloc web. Tant en all\u00f2 referent als continguts del lloc web, com en les condicions d&#8217;\u00fas d&#8217;aquest. Aquestes modificacions podran fer-se a trav\u00e9s del lloc web per qualsevol forma admissible en dret i seran d&#8217;obligat compliment durant el temps que es trobin publicades al web i fins que no es modifiquin v\u00e0lidament per altres de posteriors.<\/p>\r\n\r\n\r\n\r\n<h4 class=\"wp-block-heading\">PROTECCI\u00d3 DE DADES<\/h4>\r\n\r\n\r\n\r\n<p>D&#8217;acord amb all\u00f2 que estableix la normativa vigent en Protecci\u00f3 de Dades de Car\u00e0cter Personal, us informem que les vostres dades s&#8217;incorporaran al sistema de tractament titularitat de Masachs 1975 SL amb CIF B61544185 i domicili social a la PLA\u00c7A CLAV\u00c9, 13, 1r, DESPATX 2, 08221 TERRASSA (BARCELONA), amb la finalitat de poder facilitar, agilitzar i complir els compromisos establerts entre ambdues parts. En compliment amb la normativa vigent, Masachs 1975 SL informa que les dades es conservaran durant el termini estrictament necessari per complir amb els preceptes esmentats amb anterioritat.<\/p>\r\n\r\n\r\n\r\n<p>Aix\u00ed mateix, us informem sobre el tractament indicat en el par\u00e0graf anterior que tractem les vostres dades d&#8217;acord amb l&#8217;exist\u00e8ncia del vostre consentiment.\u00a0<\/p>\r\n\r\n\r\n\r\n<p>Masachs 1975 SL informa que procedir\u00e0 a tractar les dades de forma l\u00edcita, lleial, transparent, adequada, pertinent, limitada, exacta i actualitzada. Per a aix\u00f2 que Masachs 1975 SL es compromet a adoptar totes les mesures raonables perqu\u00e8 aquests se suprimeixin o rectifiquin sense dilaci\u00f3 quan siguin inexactes.<\/p>\r\n\r\n\r\n\r\n<p>D&#8217;acord amb els drets que us confereix la normativa vigent en protecci\u00f3 de dades, podreu exercir els drets d&#8217;acc\u00e9s, rectificaci\u00f3, limitaci\u00f3 de tractament, supressi\u00f3, portabilitat i oposici\u00f3 al tractament de les vostres dades de car\u00e0cter personal, aix\u00ed com del consentiment donat per al tractament d&#8217;aquests, adre\u00e7ant la vostra petici\u00f3 a l&#8217;adre\u00e7a postal indicada a dalt o al correu electr\u00f2nic contacta@masachs.com.<\/p>\r\n\r\n\r\n\r\n<p>Podreu adre\u00e7ar-vos a l&#8217;Autoritat de Control competent per presentar la reclamaci\u00f3 que considereu adient.<\/p>\r\n\r\n\r\n\r\n<h4 class=\"wp-block-heading\">PROPIETAT INTEL\u00b7LECTUAL I INDUSTRIAL<\/h4>\r\n\r\n\r\n\r\n<p>Masachs 1975 SL, per si mateixa o com a cession\u00e0ria, \u00e9s titular de tots els drets de propietat intel\u00b7lectual i industrial de la seva p\u00e0gina web, aix\u00ed com dels elements continguts en aquesta (a t\u00edtol enunciatiu, imatges, so, \u00e0udio, v\u00eddeo, software o textos; marques o logotips, combinacions de colors, estructura i disseny, selecci\u00f3 de materials usats, programes d&#8217;ordinador necessaris per al seu funcionament, acc\u00e9s i \u00fas, etc.), titularitat de Masachs 1975 SL.<\/p>\r\n\r\n\r\n\r\n<p>Seran, per tant, obres protegides com a propietat intel\u00b7lectual per l&#8217;ordenament jur\u00eddic espanyol, sent aplicables tant la normativa espanyola i comunit\u00e0ria en aquest camp, com els tractats internacionals relatius a la mat\u00e8ria i subscrits per Espanya.<\/p>\r\n\r\n\r\n\r\n<p>Tots els drets reservats. En virtut d&#8217;all\u00f2 que disposa la Llei de Propietat Intel\u00b7lectual, queden expressament prohibides la reproducci\u00f3, la distribuci\u00f3 i la comunicaci\u00f3 p\u00fablica, inclosa la modalitat de posada a disposici\u00f3, de la totalitat o part dels continguts d&#8217;aquesta p\u00e0gina web, amb fins comercials, en qualsevol suport i per qualsevol mitj\u00e0 t\u00e8cnic, sense l&#8217;autoritzaci\u00f3 de Masachs 1975 SL.<\/p>\r\n\r\n\r\n\r\n<p>L&#8217;usuari es compromet a respectar els drets de Propietat Intel\u00b7lectual i Industrial titularitat de Masachs 1975 SL. Podr\u00e0 visualitzar els elements del portal i fins i tot imprimir-los, copiar-los i emmagatzemar-los en el disc dur del seu ordinador o en qualsevol altre suport f\u00edsic sempre que sigui \u00fanicament i exclusivament per al seu \u00fas personal i privat. L&#8217;usuari s&#8217;haur\u00e0 d&#8217;abstenir de suprimir, alterar, eludir o manipular qualsevol dispositiu de protecci\u00f3 o sistema de seguretat que estigu\u00e9s instal\u00b7lat en les p\u00e0gines de Masachs 1975 SL.<\/p>\r\n\r\n\r\n\r\n<h4 class=\"wp-block-heading\">ACCIONS LEGALS, LEGISLACI\u00d3 APLICABLE I JURISDICCI\u00d3<\/h4>\r\n\r\n\r\n\r\n<p>Masachs 1975 SL es reserva, aix\u00ed mateix, la facultat de presentar les accions civils o penals que consideri adients per la utilitzaci\u00f3 indeguda del seu lloc web i continguts, o per l&#8217;incompliment d&#8217;aquestes condicions.<\/p>\r\n\r\n\r\n\r\n<p>La relaci\u00f3 entre l&#8217;usuari i el prestador es regir\u00e0 per la normativa vigent i d&#8217;aplicaci\u00f3 en el territori espanyol. En el cas que sorgeixi qualsevol controv\u00e8rsia les parts podran sotmetre els seus conflictes a arbitratge o acudir a la jurisdicci\u00f3 ordin\u00e0ria complint amb les normes sobre jurisdicci\u00f3 i compet\u00e8ncia al respecte. Masachs 1975 SL t\u00e9 el seu domicili a BARCELONA, Espa\u00f1a.<\/p>\r\n","protected":false},"excerpt":{"rendered":"<p>En compliment amb la Llei 34\/2002, d&#8217;11 de juliol, de Serveis de la Societat de la Informaci\u00f3 i Comer\u00e7 Electr\u00f2nic (LSSI-CE), Masachs 1975 SL informa que \u00e9s titular del lloc web www.masachs.com. D&#8217;acord amb l&#8217;exig\u00e8ncia de l&#8217;article 10 de la llei esmentada, Masachs 1975 SL informa de les dades seg\u00fcents: El titular d&#8217;aquest lloc web \u00e9s Masachs 1975 SL, amb CIF B61544185 i domicili &#8230;<\/p>\n","protected":false},"author":1,"featured_media":0,"parent":0,"menu_order":0,"comment_status":"closed","ping_status":"closed","template":"","meta":{"footnotes":""},"class_list":["post-872","page","type-page","status-publish","hentry"],"_links":{"self":[{"href":"https:\/\/masachs.com\/ca\/wp-json\/wp\/v2\/pages\/872"}],"collection":[{"href":"https:\/\/masachs.com\/ca\/wp-json\/wp\/v2\/pages"}],"about":[{"href":"https:\/\/masachs.com\/ca\/wp-json\/wp\/v2\/types\/page"}],"author":[{"embeddable":true,"href":"https:\/\/masachs.com\/ca\/wp-json\/wp\/v2\/users\/1"}],"replies":[{"embeddable":true,"href":"https:\/\/masachs.com\/ca\/wp-json\/wp\/v2\/comments?post=872"}],"version-history":[{"count":4,"href":"https:\/\/masachs.com\/ca\/wp-json\/wp\/v2\/pages\/872\/revisions"}],"predecessor-version":[{"id":432864,"href":"https:\/\/masachs.com\/ca\/wp-json\/wp\/v2\/pages\/872\/revisions\/432864"}],"wp:attachment":[{"href":"https:\/\/masachs.com\/ca\/wp-json\/wp\/v2\/media?parent=872"}],"curies":[{"name":"wp","href":"https:\/\/api.w.org\/{rel}","templated":true}]}}