{"id":867,"date":"2020-02-17T16:02:18","date_gmt":"2020-02-17T16:02:18","guid":{"rendered":"https:\/\/masachs.com\/politica-de-privacidad"},"modified":"2025-12-11T10:20:54","modified_gmt":"2025-12-11T09:20:54","slug":"politica-de-privadesa","status":"publish","type":"page","link":"https:\/\/masachs.com\/ca\/politica-de-privadesa","title":{"rendered":"Pol\u00edtica de privadesa"},"content":{"rendered":"<p>[vc_row][vc_column][vc_column_text]<\/p>\n<p>MASACHS 1975, SL est\u00e0 especialment sensibilitzada en la protecci\u00f3 de dades de car\u00e0cter personal dels usuaris dels serveis del lloc web. Mitjan\u00e7ant aquesta Pol\u00edtica de Privadesa (d&#8217;ara endavant, la Pol\u00edtica) MASACHS 1975, SL, informa els USUARIS d&#8217;aquest lloc web, dels usos a qu\u00e8 se sotmeten les dades de car\u00e0cter personal que es recapten en lloc Web, a fi que decideixin, lliurement i volunt\u00e0riament, si volen facilitar la informaci\u00f3 sol\u00b7licitada. <\/p>\n<p>MASACHS 1975, SL es reserva la facultat de modificar aquesta Pol\u00edtica per adaptar-la a novetats legislatives, criteris jurisprudencials, pr\u00e0ctiques del sector, o interessos de l&#8217;entitat. Qualsevol modificaci\u00f3 en aquesta ser\u00e0 anunciada amb la deguda antelaci\u00f3, a fi que tingui perfecte coneixement del seu contingut. <\/p>\n<p><strong>RESPONSABLE<\/strong><\/p>\n<p>El Responsable del Tractament de les dades de car\u00e0cter personal \u00e9s:<br \/> Identitat: MASACHS 1975, SL amb NIF: B61544185, en endavant ENTITAT<br \/> Adre\u00e7a: PLA\u00c7A CLAU 13, 1\u00ba &#8211; DESPATX 2, 08221 &#8211; TERRASSA<br \/> E-mail: comptabilitat@masachs.com<\/p>\n<p><strong>DELEGAT DE PROTECCI\u00d3 DE DADES<\/strong><\/p>\n<p>Contacte per email: info@aemol.com<\/p>\n<p><strong>FINALITAT DEL TRACTAMENT<\/strong><\/p>\n<p>La recollida i el tractament de les dades personals recollides a trav\u00e9s del formulari de contacte, t\u00e9 com a finalitat la gesti\u00f3, administraci\u00f3, prestaci\u00f3, ampliaci\u00f3 i millora dels serveis prestats per MASACHS 1975, SL, atenent les sol\u00b7licituds d&#8217;informaci\u00f3 i\/o consultes plantejades.<\/p>\n<p><strong>TERMINI DE CONSERVACI\u00d3<\/strong><\/p>\n<p>Les dades personals proporcionades es conservaran durant el termini corresponent per complir les obligacions legals, o fins que se sol\u00b7liciti la seva supressi\u00f3 per l&#8217;interessat i aquest estigui legitimat per fer-ho.<\/p>\n<p><strong>LEGITIMACI\u00d3<\/strong><\/p>\n<p>MASACHS 1975, SL est\u00e0 legitimat al tractament de dades personals, en base al consentiment atorgat per l&#8217;interessat per a un o diversos fins espec\u00edfics, tal com recull l&#8217;article 6.1.a) i 6.1.b) del Reglament General de Protecci\u00f3 de dades personals.<\/p>\n<p><strong>DESTINATARIS<\/strong><\/p>\n<p>Les dades personals demanades no seran cedides a cap altra empresa.<\/p>\n<p>No seran cedits o comunicats a altres tercers, llevat dels sup\u00f2sits necessaris per al desenvolupament, control i compliment de la\/les finalitat\/s expressada\/es, en els sup\u00f2sits previstos segons Llei, aix\u00ed com en els casos espec\u00edfics, dels quals s&#8217;informi expressament a l&#8217;Usuari.<\/p>\n<p><strong>DRETS DELS USUARIS<\/strong> : Quins s\u00f3n els seus drets quan ens facilita les dades?<\/p>\n<ul>\n<li>Acc\u00e9s: L&#8217;interessat t\u00e9 dret a saber quines dades est\u00e0 tractant sobre l&#8217;ENTITAT.<\/li>\n<li>Rectificaci\u00f3: L&#8217;interessat t\u00e9 dret a sol\u00b7licitar la rectificaci\u00f3 de les dades inexactes.<\/li>\n<li>Supressi\u00f3: L&#8217;interessat t\u00e9 dret a sol\u00b7licitar la supressi\u00f3 de les seves dades quan, entre altres motius, les dades no siguin necess\u00e0ries per a les finalitats recollides.<\/li>\n<li>Limitaci\u00f3 del tractament: En determinades circumst\u00e0ncies l&#8217;interessat podr\u00e0 sol\u00b7licitar la limitaci\u00f3 del tractament de les seves dades, cas en qu\u00e8 \u00fanicament les conservarem per a l&#8217;exercici o la defensa de reclamacions.<\/li>\n<li>Oposici\u00f3: En determinades circumst\u00e0ncies linteressat podr\u00e0 oposar-se al tractament de les seves dades. En aquest cas l&#8217;ENTITAT deixar\u00e0 de tractar les vostres dades, excepte per motius leg\u00edtims imperiosos o l&#8217;exercici o la defensa de possibles reclamacions. <\/li>\n<li>Portabilitat de les dades: Nom\u00e9s aplicable a dades automatitzades i consisteix a passar les dades des de l&#8217;ENTITAT a un altre RESPONSABLE DEL TRACTAMENT (no a l&#8217;interessat i per sol\u00b7licitud d&#8217;aquest).<\/li>\n<\/ul>\n<p>Podeu exercir els vostres drets incl\u00f2s el dret a retirar el vostre consentiment (si aquest va ser atorgat) enviant un escrit a MASACHS 1975, SL a PLA\u00c7A CLAU 13, 1r &#8211; DESPATX 2, 08221 &#8211; TERRASSA o enviant un e-mail a comptabilitat@masachs.com<\/p>\n<p>A m\u00e9s, vost\u00e8 t\u00e9 dret a presentar una reclamaci\u00f3 davant l&#8217;Autoritat de Control en mat\u00e8ria de Protecci\u00f3 de Dades, actualment l&#8217;Ag\u00e8ncia Espanyola de Protecci\u00f3 de Dades.<\/p>\n<p><strong>MESURES DE SEGURETAT<\/strong><\/p>\n<p>El responsable del tractament MASACHS 1975, SL aplicar\u00e0 mesures t\u00e8cniques i organitzatives apropiades per garantir un nivell de seguretat adequat al seu risc.<\/p>\n<p><strong>TRANSFER\u00c8NCIES INTERNACIONALS<\/strong><\/p>\n<p>No es fan transfer\u00e8ncies internacionals.<\/p>\n<p><strong>PERFILS I PRENES DE DECISIONS AUTOMATITZADES<\/strong><\/p>\n<p>No s&#8217;elaboren perfils ni es prenen decisions automatitzades amb les dades facilitades per l&#8217;usuari.<\/p>\n<p>[\/vc_column_text][\/vc_column][\/vc_row]<\/p>\n","protected":false},"excerpt":{"rendered":"<p>[vc_row][vc_column][vc_column_text] MASACHS 1975, SL est\u00e0 especialment sensibilitzada en la protecci\u00f3 de dades de car\u00e0cter personal dels usuaris dels serveis del lloc web. Mitjan\u00e7ant aquesta Pol\u00edtica de Privadesa (d&#8217;ara endavant, la Pol\u00edtica) MASACHS 1975, SL, informa els USUARIS d&#8217;aquest lloc web, dels usos a qu\u00e8 se sotmeten les dades de car\u00e0cter personal que es recapten en lloc Web, a fi que decideixin, lliurement i volunt\u00e0riament, &#8230;<\/p>\n","protected":false},"author":1,"featured_media":0,"parent":0,"menu_order":0,"comment_status":"closed","ping_status":"closed","template":"","meta":{"footnotes":""},"class_list":["post-867","page","type-page","status-publish","hentry"],"_links":{"self":[{"href":"https:\/\/masachs.com\/ca\/wp-json\/wp\/v2\/pages\/867"}],"collection":[{"href":"https:\/\/masachs.com\/ca\/wp-json\/wp\/v2\/pages"}],"about":[{"href":"https:\/\/masachs.com\/ca\/wp-json\/wp\/v2\/types\/page"}],"author":[{"embeddable":true,"href":"https:\/\/masachs.com\/ca\/wp-json\/wp\/v2\/users\/1"}],"replies":[{"embeddable":true,"href":"https:\/\/masachs.com\/ca\/wp-json\/wp\/v2\/comments?post=867"}],"version-history":[{"count":3,"href":"https:\/\/masachs.com\/ca\/wp-json\/wp\/v2\/pages\/867\/revisions"}],"predecessor-version":[{"id":434416,"href":"https:\/\/masachs.com\/ca\/wp-json\/wp\/v2\/pages\/867\/revisions\/434416"}],"wp:attachment":[{"href":"https:\/\/masachs.com\/ca\/wp-json\/wp\/v2\/media?parent=867"}],"curies":[{"name":"wp","href":"https:\/\/api.w.org\/{rel}","templated":true}]}}