{"id":840,"date":"2020-04-13T15:48:44","date_gmt":"2020-04-13T15:48:44","guid":{"rendered":"https:\/\/masachs.com\/ofrece-tu-inmueble"},"modified":"2022-06-28T15:08:36","modified_gmt":"2022-06-28T13:08:36","slug":"ofereix-el-teu-immoble","status":"publish","type":"page","link":"https:\/\/masachs.com\/ca\/ofereix-el-teu-immoble","title":{"rendered":"Ofereix el teu immoble"},"content":{"rendered":"<p>[vc_row full_width=&#8221;stretch_row_content_no_spaces&#8221;][vc_column][vc_separator color=&#8221;custom&#8221; align=&#8221;align_left&#8221; border_width=&#8221;10&#8243; accent_color=&#8221;#15326e&#8221; el_id=&#8221;separador-header&#8221;][vc_raw_js]JTNDc2NyaXB0JTNFJTBBdmFyJTIwd2lud2klMjAlM0QlMjB3aW5kb3cuaW5uZXJXaWR0aCUzQiUwQXZhciUyMHAlMjAlM0QlMjBkb2N1bWVudC5xdWVyeVNlbGVjdG9yJTI4JTIyLnNpbmdsZV93aWR0aF9wYWdlJTIyJTI5JTNCJTBBdmFyJTIwc3R5bGUlMjAlM0QlMjBwLmN1cnJlbnRTdHlsZSUyMCU3QyU3QyUyMHdpbmRvdy5nZXRDb21wdXRlZFN0eWxlJTI4cCUyOSUzQiUwQXZhciUyMGxlZnRzcGFjZSUyMCUzRCUyMCUyOHdpbndpLSUyOHBhcnNlSW50JTI4c3R5bGUud2lkdGglMjktMzAlMjklMjklMkYyJTNCJTBBZG9jdW1lbnQuZ2V0RWxlbWVudEJ5SWQlMjglMjJzZXBhcmFkb3ItaGVhZGVyJTIyJTI5LnN0eWxlLmxlZnQlMjAlM0QlMjBsZWZ0c3BhY2UlMkIlMjJweCUyMiUzQiUwQSUzQyUyRnNjcmlwdCUzRQ==[\/vc_raw_js][\/vc_column][\/vc_row][vc_row css=&#8221;.vc_custom_1588613468114{margin-top: 80px !important;margin-bottom: 50px !important;}&#8221; el_class=&#8221;mobile_hide&#8221;][vc_column width=&#8221;5\/12&#8243;][vc_custom_heading text=&#8221;Ofereix<br \/>\nel teu immoble&#8221; font_container=&#8221;tag:h1|text_align:left&#8221; use_theme_fonts=&#8221;yes&#8221; css=&#8221;.vc_custom_1587331805671{margin-bottom: 30px !important;}&#8221;][vc_column_text]Si tens una nau industrial, s\u00f2l industrial, oficina o local que vols vendre o llogar, i no et dediques professionalment a la gesti\u00f3 immobili\u00e0ria, aquest proc\u00e9s et pot portar molt de temps i algun maldecap.<\/p>\n<p>Per aix\u00f2, a Masachs t&#8217;oferim la possibilitat d&#8217;encarregar-nos de tota l&#8217;operaci\u00f3, des de la publicaci\u00f3 i difusi\u00f3 de l&#8217;immoble, fins a la negociaci\u00f3 i tancament de l&#8217;operaci\u00f3. [\/vc_column_text][\/vc_column][vc_column width=&#8221;1\/12&#8243;][\/vc_column][vc_column width=&#8221;6\/12&#8243;][vc_single_image image=&#8221;386&#8243; img_size=&#8221;full&#8221; alignment=&#8221;right&#8221; css_animation=&#8221;fadeInRight&#8221;][\/vc_column][\/vc_row][vc_row css=&#8221;.vc_custom_1588613535916{margin-top: 50px !important;margin-bottom: 0px !important;}&#8221; el_class=&#8221;desktop_hide&#8221;][vc_column width=&#8221;5\/12&#8243;][vc_single_image image=&#8221;386&#8243; img_size=&#8221;full&#8221; alignment=&#8221;right&#8221; css_animation=&#8221;fadeInRight&#8221;][\/vc_column][vc_column width=&#8221;1\/12&#8243; offset=&#8221;vc_hidden-xs&#8221;][\/vc_column][vc_column width=&#8221;6\/12&#8243;][vc_custom_heading text=&#8221;Ofereix<br \/>\nel teu immoble&#8221; font_container=&#8221;tag:h1|text_align:left&#8221; use_theme_fonts=&#8221;yes&#8221; css=&#8221;.vc_custom_1587331805671{margin-bottom: 30px !important;}&#8221;][vc_column_text]Si tens una nau industrial, s\u00f2l industrial, oficina o local que vols vendre o llogar, i no et dediques professionalment a la gesti\u00f3 immobili\u00e0ria, aquest proc\u00e9s et pot portar molt de temps i algun maldecap.<\/p>\n<p>Per aix\u00f2, a Masachs t&#8217;oferim la possibilitat d&#8217;encarregar-nos de tota l&#8217;operaci\u00f3, des de la publicaci\u00f3 i difusi\u00f3 de l&#8217;immoble, fins a la negociaci\u00f3 i tancament de l&#8217;operaci\u00f3. [\/vc_column_text][\/vc_column][\/vc_row][vc_row css=&#8221;.vc_custom_1588613574973{margin-top: 0px !important;margin-bottom: 90px !important;}&#8221; el_class=&#8221;row_mobile&#8221;][vc_column width=&#8221;5\/12&#8243; offset=&#8221;vc_hidden-xs&#8221;][vc_single_image image=&#8221;384&#8243; img_size=&#8221;full&#8221; alignment=&#8221;right&#8221; css_animation=&#8221;fadeInLeft&#8221;][\/vc_column][vc_column width=&#8221;1\/12&#8243; offset=&#8221;vc_hidden-xs&#8221;][\/vc_column][vc_column width=&#8221;5\/12&#8243; css=&#8221;.vc_custom_1586449140850{margin-top: 50px !important;}&#8221;][vc_custom_heading text=&#8221;Qu\u00e8 podem fer per tu?&#8221; font_container=&#8221;tag:h3|text_align:left&#8221; use_theme_fonts=&#8221;yes&#8221;][vc_column_text]<\/p>\n<ul>\n<li>Publiquem l&#8217;immoble al nostre web i als principals portals de refer\u00e8ncia: Habitaclia, YaEncontr\u00e9, Pisos.com, Idealista, Api.cat i Belbex (aquest darrer nom\u00e9s per a immobles ubicats a Madrid).<\/li>\n<li>Fem campanyes de comunicaci\u00f3 online i offline per a les zones d&#8217;inter\u00e8s: cartells, anuncis en premsa, campanyes de Google Ads&#8230;<\/li>\n<li>Ens encarreguem d&#8217;ensenyar la nau a totes les persones interessades.<\/li>\n<li>Assessorem durant el proc\u00e9s de negociaci\u00f3 i tancament.<\/li>\n<li>No fem contractes d&#8217;exclusivitat.<\/li>\n<li>No cobrem res fins que es tanca l&#8217;operaci\u00f3.<\/li>\n<\/ul>\n<p>[\/vc_column_text][\/vc_column][\/vc_row][vc_row full_width=&#8221;stretch_row&#8221; el_class=&#8221;contacto&#8221; css=&#8221;.vc_custom_1586295831700{padding-top: 60px !important;padding-bottom: 60px !important;background-color: #15326e !important;}&#8221;][vc_column width=&#8221;1\/3&#8243; el_class=&#8221;contacto_text&#8221;][vc_column_text]<strong>Vols oferir el teu immoble? <\/strong>[\/vc_column_text][vc_column_text]Truca&#8217;ns al <strong>93 788 42 84<\/strong> o emplena el formulari[\/vc_column_text][\/vc_column][vc_column width=&#8221;2\/3&#8243;]<div class=\"spacer\" style=\"height:40px;\"><\/div>[vc_wp_text el_class=&#8221;red_buttoncenter&#8221;]<a href=\"\/ca\/anuncia-el-teu-immoble\">Accedir al formulari<\/a>[\/vc_wp_text][\/vc_column][\/vc_row][vc_row disable_element=&#8221;yes&#8221; css=&#8221;.vc_custom_1656417616073{margin-top: 60px !important;}&#8221;][vc_column width=&#8221;1\/12&#8243; offset=&#8221;vc_hidden-xs&#8221;][\/vc_column][vc_column width=&#8221;10\/12&#8243;][vc_custom_heading text=&#8221;Invertir en naus industrials&#8221; font_container=&#8221;tag:h2|text_align:center&#8221; use_theme_fonts=&#8221;yes&#8221;][vc_column_text css=&#8221;.vc_custom_1587332021166{margin-bottom: 45px !important;}&#8221;]<\/p>\n<p style=\"text-align: center;\">La inversi\u00f3 en producte immobiliari industrial representa un percentatge significatiu de l&#8217;activitat del sector, ja que per una banda dona unes bones rendibilitats i de forma estable, i per l&#8217;altra \u00e9s una via de finan\u00e7ament alternativa per a les empreses. A Masachs posem en contacte inversors amb empreses interessades en aquesta f\u00f3rmula, o els oferim una \u00e0mplia cartera de naus industrials per a inversi\u00f3 que els puguin donar una bona rendibilitat.<\/p>\n<p>[\/vc_column_text][vc_wp_text el_class=&#8221;red_buttoncenter&#8221;]<a href=\"#\">M&#8217;interessa<\/a>[\/vc_wp_text][\/vc_column][vc_column width=&#8221;1\/12&#8243; offset=&#8221;vc_hidden-xs&#8221;][\/vc_column][\/vc_row][vc_row css=&#8221;.vc_custom_1586392896530{margin-top: 80px !important;margin-bottom: 20px !important;}&#8221;][vc_column][vc_custom_heading text=&#8221;Serveis relacionats&#8221; font_container=&#8221;tag:h2|text_align:center&#8221; use_theme_fonts=&#8221;yes&#8221;][\/vc_column][\/vc_row][vc_row css=&#8221;.vc_custom_1626423804276{margin-bottom: 22px !important;}&#8221; el_class=&#8221;servicios_row&#8221;][vc_column width=&#8221;1\/3&#8243;]<div class=\"ult-content-box-container servicio_actual\" >\t<a class=\"ult-content-box-anchor\" href=\"https:\/\/masachs.com\/ca\/ofereix-el-teu-immoble\" title=\"Ofrece tu inmueble\" >\t\t<div class=\"ult-content-box\" style=\"box-shadow: px px px px none;border-style:solid;border-width:1px;border-color:#15326e;padding-top:50px;padding-right:30px;padding-bottom:50px;padding-left:30px;margin-bottom:22px;-webkit-transition: all 700ms ease;-moz-transition: all 700ms ease;-ms-transition: all 700ms ease;-o-transition: all 700ms ease;transition: all 700ms ease;\"  data-hover_box_shadow=\" 5px 10px 10px 0px rgba(0,0,0,0.15) \"  data-hover_border_color=\"#15326e\"    data-normal_margins=\"margin-bottom:22px;\"   data-border_color=\"#15326e\" >[vc_single_image image=&#8221;140&#8243; img_size=&#8221;full&#8221; alignment=&#8221;center&#8221;][vc_custom_heading text=&#8221;Ofereix el teu immoble&#8221; font_container=&#8221;tag:h2|font_size:17px|text_align:center|color:%2315326e|line_height:17px&#8221;]<div class=\" vc_custom_1626441875220 ult_buttons ubtn-ctn-center \"><a class=\"ubtn-link ult-adjust-bottom-margin ubtn-center ubtn-normal \" href=\"https:\/\/masachs.com\/ca\/ofereix-el-teu-immoble\" title=\"Ofrece tu inmueble\" ><button type=\"button\" id=\"ubtn-9006\"  class=\"ubtn ult-adjust-bottom-margin ult-responsive ubtn-normal ubtn-no-hover-bg  none  ubtn-center   tooltip-69d288cec7144\"  data-hover=\"#15326e\" data-border-color=\"\" data-bg=\"#15326e\" data-hover-bg=\"#ffffff\" data-border-hover=\"\" data-shadow-hover=\"\" data-shadow-click=\"none\" data-shadow=\"\" data-shd-shadow=\"\"  data-ultimate-target='#ubtn-9006'  data-responsive-json-new='{\"font-size\":\"\",\"line-height\":\"\"}'  style=\"font-weight:bold;border:none;background: #15326e;color: #ffffff;\"><span class=\"ubtn-hover\" style=\"background-color:#ffffff\"><\/span><span class=\"ubtn-data ubtn-text \" >M\u00e9s informaci\u00f3<\/span><\/button><\/a><\/div>\t\t<\/div>\t<\/a><\/div><div class=\"ult-content-box-container \" >\t<a class=\"ult-content-box-anchor\" href=\"https:\/\/masachs.com\/ca\/servei-juridic\" title=\"Servicio jur\u00eddico\" >\t\t<div class=\"ult-content-box\" style=\"box-shadow: px px px px none;border-style:solid;border-width:1px;border-color:#15326e;padding-top:50px;padding-right:30px;padding-bottom:50px;padding-left:30px;-webkit-transition: all 700ms ease;-moz-transition: all 700ms ease;-ms-transition: all 700ms ease;-o-transition: all 700ms ease;transition: all 700ms ease;\"  data-hover_box_shadow=\" 5px 10px 10px 0px rgba(0,0,0,0.15) \"  data-hover_border_color=\"#15326e\"     data-border_color=\"#15326e\" >[vc_single_image image=&#8221;141&#8243; img_size=&#8221;full&#8221; alignment=&#8221;center&#8221;][vc_custom_heading text=&#8221;Servei jur\u00eddic&#8221; font_container=&#8221;tag:h2|font_size:17px|text_align:center|color:%2315326e|line_height:17px&#8221;]<div class=\" vc_custom_1626441932305 ult_buttons ubtn-ctn-center \"><a class=\"ubtn-link ult-adjust-bottom-margin ubtn-center ubtn-normal \" href=\"https:\/\/masachs.com\/ca\/servei-juridic\" title=\"Servicio jur\u00eddico\" ><button type=\"button\" id=\"ubtn-5060\"  class=\"ubtn ult-adjust-bottom-margin ult-responsive ubtn-normal ubtn-no-hover-bg  none  ubtn-center   tooltip-69d288cec719c\"  data-hover=\"#15326e\" data-border-color=\"\" data-bg=\"#15326e\" data-hover-bg=\"#ffffff\" data-border-hover=\"\" data-shadow-hover=\"\" data-shadow-click=\"none\" data-shadow=\"\" data-shd-shadow=\"\"  data-ultimate-target='#ubtn-5060'  data-responsive-json-new='{\"font-size\":\"\",\"line-height\":\"\"}'  style=\"font-weight:bold;border:none;background: #15326e;color: #ffffff;\"><span class=\"ubtn-hover\" style=\"background-color:#ffffff\"><\/span><span class=\"ubtn-data ubtn-text \" >M\u00e9s informaci\u00f3<\/span><\/button><\/a><\/div>\t\t<\/div>\t<\/a><\/div>[\/vc_column][vc_column width=&#8221;1\/3&#8243;]<div class=\"ult-content-box-container \" >\t<a class=\"ult-content-box-anchor\" href=\"https:\/\/masachs.com\/ca\/administracio\" title=\"Administraci\u00f3n\" >\t\t<div class=\"ult-content-box\" style=\"box-shadow: px px px px none;border-style:solid;border-width:1px;border-color:#15326e;padding-top:50px;padding-right:30px;padding-bottom:50px;padding-left:30px;margin-bottom:22px;-webkit-transition: all 700ms ease;-moz-transition: all 700ms ease;-ms-transition: all 700ms ease;-o-transition: all 700ms ease;transition: all 700ms ease;\"  data-hover_box_shadow=\" 5px 10px 10px 0px rgba(0,0,0,0.15) \"  data-hover_border_color=\"#15326e\"    data-normal_margins=\"margin-bottom:22px;\"   data-border_color=\"#15326e\" >[vc_single_image image=&#8221;137&#8243; img_size=&#8221;full&#8221; alignment=&#8221;center&#8221;][vc_custom_heading text=&#8221;Administraci\u00f3&#8221; font_container=&#8221;tag:h2|font_size:17px|text_align:center|color:%2315326e|line_height:17px&#8221;]<div class=\" vc_custom_1626441892916 ult_buttons ubtn-ctn-center \"><a class=\"ubtn-link ult-adjust-bottom-margin ubtn-center ubtn-normal \" href=\"https:\/\/masachs.com\/ca\/administracio\" title=\"Administraci\u00f3n\" ><button type=\"button\" id=\"ubtn-7039\"  class=\"ubtn ult-adjust-bottom-margin ult-responsive ubtn-normal ubtn-no-hover-bg  none  ubtn-center   tooltip-69d288cec720a\"  data-hover=\"#15326e\" data-border-color=\"\" data-bg=\"#15326e\" data-hover-bg=\"#ffffff\" data-border-hover=\"\" data-shadow-hover=\"\" data-shadow-click=\"none\" data-shadow=\"\" data-shd-shadow=\"\"  data-ultimate-target='#ubtn-7039'  data-responsive-json-new='{\"font-size\":\"\",\"line-height\":\"\"}'  style=\"font-weight:bold;border:none;background: #15326e;color: #ffffff;\"><span class=\"ubtn-hover\" style=\"background-color:#ffffff\"><\/span><span class=\"ubtn-data ubtn-text \" >M\u00e9s informaci\u00f3<\/span><\/button><\/a><\/div>\t\t<\/div>\t<\/a><\/div><div class=\"ult-content-box-container \" >\t<a class=\"ult-content-box-anchor\" href=\"https:\/\/masachs.com\/ca\/enginyeria-industrial\" title=\"Ingenier\u00eda industrial\" >\t\t<div class=\"ult-content-box\" style=\"box-shadow: px px px px none;border-style:solid;border-width:1px;border-color:#15326e;padding-top:50px;padding-right:30px;padding-bottom:50px;padding-left:30px;-webkit-transition: all 700ms ease;-moz-transition: all 700ms ease;-ms-transition: all 700ms ease;-o-transition: all 700ms ease;transition: all 700ms ease;\"  data-hover_box_shadow=\" 5px 10px 10px 0px rgba(0,0,0,0.15) \"  data-hover_border_color=\"#15326e\"     data-border_color=\"#15326e\" >[vc_single_image image=&#8221;139&#8243; img_size=&#8221;full&#8221; alignment=&#8221;center&#8221;][vc_custom_heading text=&#8221;Enginyeria industrial&#8221; font_container=&#8221;tag:h2|font_size:17px|text_align:center|color:%2315326e|line_height:17px&#8221;]<div class=\" vc_custom_1626441949633 ult_buttons ubtn-ctn-center \"><a class=\"ubtn-link ult-adjust-bottom-margin ubtn-center ubtn-normal \" href=\"https:\/\/masachs.com\/ca\/enginyeria-industrial\" title=\"Ingenier\u00eda industrial\" ><button type=\"button\" id=\"ubtn-7663\"  class=\"ubtn ult-adjust-bottom-margin ult-responsive ubtn-normal ubtn-no-hover-bg  none  ubtn-center   tooltip-69d288cec727e\"  data-hover=\"#15326e\" data-border-color=\"\" data-bg=\"#15326e\" data-hover-bg=\"#ffffff\" data-border-hover=\"\" data-shadow-hover=\"\" data-shadow-click=\"none\" data-shadow=\"\" data-shd-shadow=\"\"  data-ultimate-target='#ubtn-7663'  data-responsive-json-new='{\"font-size\":\"\",\"line-height\":\"\"}'  style=\"font-weight:bold;border:none;background: #15326e;color: #ffffff;\"><span class=\"ubtn-hover\" style=\"background-color:#ffffff\"><\/span><span class=\"ubtn-data ubtn-text \" >M\u00e9s informaci\u00f3<\/span><\/button><\/a><\/div>\t\t<\/div>\t<\/a><\/div>[\/vc_column][vc_column width=&#8221;1\/3&#8243;]<div class=\"ult-content-box-container \" >\t<a class=\"ult-content-box-anchor\" href=\"https:\/\/masachs.com\/ca\/calcular-hipoteca\" title=\"Home\" >\t\t<div class=\"ult-content-box\" style=\"box-shadow: px px px px none;border-style:solid;border-width:1px;border-color:#15326e;padding-top:50px;padding-right:30px;padding-bottom:50px;padding-left:30px;margin-bottom:22px;-webkit-transition: all 700ms ease;-moz-transition: all 700ms ease;-ms-transition: all 700ms ease;-o-transition: all 700ms ease;transition: all 700ms ease;\"  data-hover_box_shadow=\" 5px 10px 10px 0px rgba(0,0,0,0.15) \"  data-hover_border_color=\"#15326e\"    data-normal_margins=\"margin-bottom:22px;\"   data-border_color=\"#15326e\" >[vc_single_image image=&#8221;138&#8243; img_size=&#8221;full&#8221; alignment=&#8221;center&#8221;][vc_custom_heading text=&#8221;Calcular hipoteca&#8221; font_container=&#8221;tag:h2|font_size:17px|text_align:center|color:%2315326e|line_height:17px&#8221;]<div class=\" vc_custom_1626441910656 ult_buttons ubtn-ctn-center \"><a class=\"ubtn-link ult-adjust-bottom-margin ubtn-center ubtn-normal \" href=\"https:\/\/masachs.com\/ca\/calcular-hipoteca\" title=\"Calcular hipoteca\" ><button type=\"button\" id=\"ubtn-7049\"  class=\"ubtn ult-adjust-bottom-margin ult-responsive ubtn-normal ubtn-no-hover-bg  none  ubtn-center   tooltip-69d288cec72c5\"  data-hover=\"#15326e\" data-border-color=\"\" data-bg=\"#15326e\" data-hover-bg=\"#ffffff\" data-border-hover=\"\" data-shadow-hover=\"\" data-shadow-click=\"none\" data-shadow=\"\" data-shd-shadow=\"\"  data-ultimate-target='#ubtn-7049'  data-responsive-json-new='{\"font-size\":\"\",\"line-height\":\"\"}'  style=\"font-weight:bold;border:none;background: #15326e;color: #ffffff;\"><span class=\"ubtn-hover\" style=\"background-color:#ffffff\"><\/span><span class=\"ubtn-data ubtn-text \" >M\u00e9s informaci\u00f3<\/span><\/button><\/a><\/div>\t\t<\/div>\t<\/a><\/div><div class=\"ult-content-box-container \" >\t<a class=\"ult-content-box-anchor\" href=\"https:\/\/masachs.com\/ca\/venda-i-lloguer\" title=\"Venta y alquiler\" >\t\t<div class=\"ult-content-box\" style=\"box-shadow: px px px px none;border-style:solid;border-width:1px;border-color:#15326e;padding-top:50px;padding-right:30px;padding-bottom:50px;padding-left:30px;-webkit-transition: all 700ms ease;-moz-transition: all 700ms ease;-ms-transition: all 700ms ease;-o-transition: all 700ms ease;transition: all 700ms ease;\"  data-hover_box_shadow=\" 5px 10px 10px 0px rgba(0,0,0,0.15) \"  data-hover_border_color=\"#15326e\"     data-border_color=\"#15326e\" >[vc_single_image image=&#8221;142&#8243; img_size=&#8221;full&#8221; alignment=&#8221;center&#8221;][vc_custom_heading text=&#8221;Venda i lloguer&#8221; font_container=&#8221;tag:h2|font_size:17px|text_align:center|color:%2315326e|line_height:17px&#8221;]<div class=\" vc_custom_1626441969425 ult_buttons ubtn-ctn-center \"><a class=\"ubtn-link ult-adjust-bottom-margin ubtn-center ubtn-normal \" href=\"https:\/\/masachs.com\/ca\/venda-i-lloguer\" title=\"Venta y alquiler\" ><button type=\"button\" id=\"ubtn-2521\"  class=\"ubtn ult-adjust-bottom-margin ult-responsive ubtn-normal ubtn-no-hover-bg  none  ubtn-center   tooltip-69d288cec72fa\"  data-hover=\"#15326e\" data-border-color=\"\" data-bg=\"#15326e\" data-hover-bg=\"#ffffff\" data-border-hover=\"\" data-shadow-hover=\"\" data-shadow-click=\"none\" data-shadow=\"\" data-shd-shadow=\"\"  data-ultimate-target='#ubtn-2521'  data-responsive-json-new='{\"font-size\":\"\",\"line-height\":\"\"}'  style=\"font-weight:bold;border:none;background: #15326e;color: #ffffff;\"><span class=\"ubtn-hover\" style=\"background-color:#ffffff\"><\/span><span class=\"ubtn-data ubtn-text \" >M\u00e9s informaci\u00f3<\/span><\/button><\/a><\/div>\t\t<\/div>\t<\/a><\/div>[\/vc_column][\/vc_row][vc_row equal_height=&#8221;yes&#8221; css=&#8221;.vc_custom_1626426620978{margin-bottom: 60px !important;}&#8221; el_class=&#8221;servicios_row&#8221;][vc_column width=&#8221;1\/3&#8243;]<div class=\"ult-content-box-container \" >\t<a class=\"ult-content-box-anchor\" href=\"https:\/\/masachs.com\/ca\/invertir-en-naus-industrials\" title=\"Invertir en naves industriales\" >\t\t<div class=\"ult-content-box\" style=\"box-shadow: px px px px none;border-style:solid;border-width:1px;border-color:#15326e;padding-top:50px;padding-right:30px;padding-bottom:50px;padding-left:30px;-webkit-transition: all 700ms ease;-moz-transition: all 700ms ease;-ms-transition: all 700ms ease;-o-transition: all 700ms ease;transition: all 700ms ease;\"  data-hover_box_shadow=\" 5px 10px 10px 0px rgba(0,0,0,0.15) \"  data-hover_border_color=\"#15326e\"     data-border_color=\"#15326e\" >[vc_single_image image=&#8221;188351&#8243; img_size=&#8221;full&#8221; alignment=&#8221;center&#8221;][vc_custom_heading text=&#8221;Invertir en naus industrials&#8221; font_container=&#8221;tag:h2|font_size:17px|text_align:center|color:%2315326e|line_height:17px&#8221;]<div class=\" vc_custom_1626678640476 ult_buttons ubtn-ctn-center \"><a class=\"ubtn-link ult-adjust-bottom-margin ubtn-center ubtn-normal \" href=\"https:\/\/masachs.com\/ca\/invertir-en-naus-industrials\" title=\"Venta y alquiler\" ><button type=\"button\" id=\"ubtn-1090\"  class=\"ubtn ult-adjust-bottom-margin ult-responsive ubtn-normal ubtn-no-hover-bg  none  ubtn-center   tooltip-69d288cec732a\"  data-hover=\"#15326e\" data-border-color=\"\" data-bg=\"#15326e\" data-hover-bg=\"#ffffff\" data-border-hover=\"\" data-shadow-hover=\"\" data-shadow-click=\"none\" data-shadow=\"\" data-shd-shadow=\"\"  data-ultimate-target='#ubtn-1090'  data-responsive-json-new='{\"font-size\":\"\",\"line-height\":\"\"}'  style=\"font-weight:bold;border:none;background: #15326e;color: #ffffff;\"><span class=\"ubtn-hover\" style=\"background-color:#ffffff\"><\/span><span class=\"ubtn-data ubtn-text \" >M\u00e9s informaci\u00f3<\/span><\/button><\/a><\/div>\t\t<\/div>\t<\/a><\/div>[\/vc_column][vc_column width=&#8221;2\/3&#8243; css=&#8221;.vc_custom_1626423938127{padding-top: 30px !important;padding-right: 50px !important;padding-bottom: 30px !important;padding-left: 50px !important;background-color: #15326e !important;}&#8221;][vc_row_inner equal_height=&#8221;yes&#8221; content_placement=&#8221;middle&#8221;][vc_column_inner width=&#8221;2\/3&#8243;][vc_custom_heading text=&#8221;Cerquem per tu!&#8221; font_container=&#8221;tag:h3|font_size:32px|text_align:left|color:%23ffffff|line_height:32px&#8221; use_theme_fonts=&#8221;yes&#8221; css=&#8221;.vc_custom_1626426613318{margin-bottom: 25px !important;}&#8221;][vc_column_text]<\/p>\n<p class=\"p1\"><span class=\"s1\" style=\"color: #ffffff;\">Si no tens temps d&#8217;explorar tots els nostres immobles o no trobes el que necessites, emplena i envia el formulari seg\u00fcent. El nostre equip comercial el buscar\u00e0 per tu.<\/span><\/p>\n<p>[\/vc_column_text]<div class=\" ult_buttons ubtn-ctn-left buscamos_button\"><a class=\"ubtn-link ult-adjust-bottom-margin ubtn-left ubtn-normal buscamos_button\" href=\"https:\/\/masachs.com\/ca\/cerquem-per-tu\" ><button type=\"button\" id=\"ubtn-1616\"  class=\"ubtn ult-adjust-bottom-margin ult-responsive ubtn-normal ubtn-no-hover-bg  none  ubtn-left   tooltip-69d288cec7344\"  data-hover=\"#d0021b\" data-border-color=\"#d0021b\" data-bg=\"#d0021b\" data-hover-bg=\"#15326e\" data-border-hover=\"#d0021b\" data-shadow-hover=\"\" data-shadow-click=\"none\" data-shadow=\"\" data-shd-shadow=\"\"  data-ultimate-target='#ubtn-1616'  data-responsive-json-new='{\"font-size\":\"desktop:16px;\",\"line-height\":\"desktop:24px;\"}'  style=\"font-weight:bold;border-radius:50px;border-width:2px;border-color:#d0021b;border-style:solid;background: #d0021b;color: #ffffff;\"><span class=\"ubtn-hover\" style=\"background-color:#15326e\"><\/span><span class=\"ubtn-data ubtn-text \" >Emplenar formulari<\/span><\/button><\/a><\/div>[\/vc_column_inner][vc_column_inner width=&#8221;1\/3&#8243;][vc_single_image image=&#8221;188288&#8243; img_size=&#8221;full&#8221; alignment=&#8221;center&#8221;][\/vc_column_inner][\/vc_row_inner][\/vc_column][\/vc_row]<\/p>\n","protected":false},"excerpt":{"rendered":"<p>[vc_row full_width=&#8221;stretch_row_content_no_spaces&#8221;][vc_column][vc_separator color=&#8221;custom&#8221; align=&#8221;align_left&#8221; border_width=&#8221;10&#8243; accent_color=&#8221;#15326e&#8221; el_id=&#8221;separador-header&#8221;][vc_raw_js]JTNDc2NyaXB0JTNFJTBBdmFyJTIwd2lud2klMjAlM0QlMjB3aW5kb3cuaW5uZXJXaWR0aCUzQiUwQXZhciUyMHAlMjAlM0QlMjBkb2N1bWVudC5xdWVyeVNlbGVjdG9yJTI4JTIyLnNpbmdsZV93aWR0aF9wYWdlJTIyJTI5JTNCJTBBdmFyJTIwc3R5bGUlMjAlM0QlMjBwLmN1cnJlbnRTdHlsZSUyMCU3QyU3QyUyMHdpbmRvdy5nZXRDb21wdXRlZFN0eWxlJTI4cCUyOSUzQiUwQXZhciUyMGxlZnRzcGFjZSUyMCUzRCUyMCUyOHdpbndpLSUyOHBhcnNlSW50JTI4c3R5bGUud2lkdGglMjktMzAlMjklMjklMkYyJTNCJTBBZG9jdW1lbnQuZ2V0RWxlbWVudEJ5SWQlMjglMjJzZXBhcmFkb3ItaGVhZGVyJTIyJTI5LnN0eWxlLmxlZnQlMjAlM0QlMjBsZWZ0c3BhY2UlMkIlMjJweCUyMiUzQiUwQSUzQyUyRnNjcmlwdCUzRQ==[\/vc_raw_js][\/vc_column][\/vc_row][vc_row css=&#8221;.vc_custom_1588613468114{margin-top: 80px !important;margin-bottom: 50px !important;}&#8221; el_class=&#8221;mobile_hide&#8221;][vc_column width=&#8221;5\/12&#8243;][vc_custom_heading text=&#8221;Ofereix el teu immoble&#8221; font_container=&#8221;tag:h1|text_align:left&#8221; use_theme_fonts=&#8221;yes&#8221; css=&#8221;.vc_custom_1587331805671{margin-bottom: 30px !important;}&#8221;][vc_column_text]Si tens una nau industrial, s\u00f2l industrial, oficina o local que vols vendre o llogar, i no et dediques professionalment a la gesti\u00f3 immobili\u00e0ria, aquest proc\u00e9s et pot portar molt de temps i algun maldecap. Per aix\u00f2, a Masachs t&#8217;oferim la possibilitat &#8230;<\/p>\n","protected":false},"author":1,"featured_media":0,"parent":0,"menu_order":0,"comment_status":"closed","ping_status":"closed","template":"","meta":{"footnotes":""},"class_list":["post-840","page","type-page","status-publish","hentry"],"_links":{"self":[{"href":"https:\/\/masachs.com\/ca\/wp-json\/wp\/v2\/pages\/840"}],"collection":[{"href":"https:\/\/masachs.com\/ca\/wp-json\/wp\/v2\/pages"}],"about":[{"href":"https:\/\/masachs.com\/ca\/wp-json\/wp\/v2\/types\/page"}],"author":[{"embeddable":true,"href":"https:\/\/masachs.com\/ca\/wp-json\/wp\/v2\/users\/1"}],"replies":[{"embeddable":true,"href":"https:\/\/masachs.com\/ca\/wp-json\/wp\/v2\/comments?post=840"}],"version-history":[{"count":10,"href":"https:\/\/masachs.com\/ca\/wp-json\/wp\/v2\/pages\/840\/revisions"}],"predecessor-version":[{"id":200330,"href":"https:\/\/masachs.com\/ca\/wp-json\/wp\/v2\/pages\/840\/revisions\/200330"}],"wp:attachment":[{"href":"https:\/\/masachs.com\/ca\/wp-json\/wp\/v2\/media?parent=840"}],"curies":[{"name":"wp","href":"https:\/\/api.w.org\/{rel}","templated":true}]}}