{"id":837,"date":"2020-04-12T18:27:58","date_gmt":"2020-04-12T18:27:58","guid":{"rendered":"https:\/\/masachs.com\/calcular-hipoteca"},"modified":"2025-12-05T11:19:57","modified_gmt":"2025-12-05T10:19:57","slug":"calcular-hipoteca","status":"publish","type":"page","link":"https:\/\/masachs.com\/ca\/calcular-hipoteca","title":{"rendered":"Calcular Hipoteca Nau Industrial"},"content":{"rendered":"<p>[vc_row full_width=&#8221;stretch_row_content_no_spaces&#8221;][vc_column][vc_separator color=&#8221;custom&#8221; align=&#8221;align_left&#8221; border_width=&#8221;10&#8243; accent_color=&#8221;#15326e&#8221; el_id=&#8221;separador-header&#8221;][vc_raw_js]JTNDc2NyaXB0JTNFJTBBdmFyJTIwd2lud2klMjAlM0QlMjB3aW5kb3cuaW5uZXJXaWR0aCUzQiUwQXZhciUyMHAlMjAlM0QlMjBkb2N1bWVudC5xdWVyeVNlbGVjdG9yJTI4JTIyLnNpbmdsZV93aWR0aF9wYWdlJTIyJTI5JTNCJTBBdmFyJTIwc3R5bGUlMjAlM0QlMjBwLmN1cnJlbnRTdHlsZSUyMCU3QyU3QyUyMHdpbmRvdy5nZXRDb21wdXRlZFN0eWxlJTI4cCUyOSUzQiUwQXZhciUyMGxlZnRzcGFjZSUyMCUzRCUyMCUyOHdpbndpLSUyOHBhcnNlSW50JTI4c3R5bGUud2lkdGglMjktMzAlMjklMjklMkYyJTNCJTBBZG9jdW1lbnQuZ2V0RWxlbWVudEJ5SWQlMjglMjJzZXBhcmFkb3ItaGVhZGVyJTIyJTI5LnN0eWxlLmxlZnQlMjAlM0QlMjBsZWZ0c3BhY2UlMkIlMjJweCUyMiUzQiUwQSUzQyUyRnNjcmlwdCUzRQ==[\/vc_raw_js][\/vc_column][\/vc_row][vc_row css=&#8221;.vc_custom_1588612532300{margin-top: 80px !important;margin-bottom: 50px !important;}&#8221; el_class=&#8221;mobile_hide&#8221;][vc_column width=&#8221;5\/12&#8243;][vc_custom_heading source=&#8221;post_title&#8221; font_container=&#8221;tag:h1|text_align:left&#8221; use_theme_fonts=&#8221;yes&#8221;][vc_column_text]A Masachs assessorem els nostres clients per aconseguir la millor operaci\u00f3 per a totes les parts implicades, des de la recerca inicial de l&#8217;immoble, fins al proc\u00e9s de negociaci\u00f3 i tancament de l&#8217;operaci\u00f3.<\/p>\n<p>Si t&#8217;interessa comprar una nau industrial, calcula la hipoteca emplenant els camps seg\u00fcents:[\/vc_column_text][\/vc_column][vc_column width=&#8221;1\/12&#8243;][\/vc_column][vc_column width=&#8221;6\/12&#8243;][vc_single_image image=&#8221;390&#8243; img_size=&#8221;full&#8221; alignment=&#8221;right&#8221; css_animation=&#8221;fadeInRight&#8221;][\/vc_column][\/vc_row][vc_row css=&#8221;.vc_custom_1588612568245{margin-top: 50px !important;margin-bottom: 50px !important;}&#8221; el_class=&#8221;desktop_hide&#8221;][vc_column width=&#8221;5\/12&#8243;][vc_single_image image=&#8221;390&#8243; img_size=&#8221;full&#8221; alignment=&#8221;right&#8221; css_animation=&#8221;fadeInRight&#8221;][\/vc_column][vc_column width=&#8221;1\/12&#8243;][\/vc_column][vc_column width=&#8221;6\/12&#8243;][vc_custom_heading source=&#8221;post_title&#8221; font_container=&#8221;tag:h1|text_align:left&#8221; use_theme_fonts=&#8221;yes&#8221;][vc_column_text]A Masachs assessorem els nostres clients per aconseguir la millor operaci\u00f3 per a totes les parts implicades, des de la recerca inicial de l&#8217;immoble, fins al proc\u00e9s de negociaci\u00f3 i tancament de l&#8217;operaci\u00f3.<\/p>\n<p>Si t&#8217;interessa comprar una nau industrial, calcula la hipoteca emplenant els camps seg\u00fcents:[\/vc_column_text][\/vc_column][\/vc_row][vc_row css=&#8221;.vc_custom_1588612686422{margin-top: 80px !important;margin-bottom: 50px !important;}&#8221; el_class=&#8221;calculadora&#8221;][vc_column width=&#8221;1\/4&#8243; offset=&#8221;vc_hidden-xs&#8221;][\/vc_column][vc_column width=&#8221;1\/2&#8243;][vc_widget_sidebar sidebar_id=&#8221;calculadora-hipoteca&#8221; el_class=&#8221;sombra_caja&#8221;][\/vc_column][vc_column width=&#8221;1\/4&#8243; offset=&#8221;vc_hidden-xs&#8221;][\/vc_column][\/vc_row][vc_row full_width=&#8221;stretch_row&#8221; el_class=&#8221;contacto&#8221; css=&#8221;.vc_custom_1586295831700{padding-top: 60px !important;padding-bottom: 60px !important;background-color: #15326e !important;}&#8221;][vc_column width=&#8221;4\/12&#8243; el_class=&#8221;contacto_text&#8221;][vc_column_text]<strong>Necessites assessorament financer? <\/strong>[\/vc_column_text][vc_column_text]Truca&#8217;ns al <strong>93 788 42 84<\/strong> o emplena el formulari[\/vc_column_text][\/vc_column][vc_column width=&#8221;2\/12&#8243;][\/vc_column][vc_column width=&#8221;6\/12&#8243; css=&#8221;.vc_custom_1586296857514{padding-top: 0px !important;padding-right: 0px !important;padding-bottom: 0px !important;padding-left: 0px !important;}&#8221;][vc_wp_text]\n<div class=\"wpcf7 no-js\" id=\"wpcf7-f825-o1\" lang=\"es-ES\" dir=\"ltr\" data-wpcf7-id=\"825\">\n<div class=\"screen-reader-response\"><p role=\"status\" aria-live=\"polite\" aria-atomic=\"true\"><\/p> <ul><\/ul><\/div>\n<form action=\"\/ca\/wp-json\/wp\/v2\/pages\/837#wpcf7-f825-o1\" method=\"post\" class=\"wpcf7-form init\" aria-label=\"Formulario de contacto\" novalidate=\"novalidate\" data-status=\"init\">\n<div style=\"display: none;\">\n<input type=\"hidden\" name=\"_wpcf7\" value=\"825\" \/>\n<input type=\"hidden\" name=\"_wpcf7_version\" value=\"6.0.6\" \/>\n<input type=\"hidden\" name=\"_wpcf7_locale\" value=\"es_ES\" \/>\n<input type=\"hidden\" name=\"_wpcf7_unit_tag\" value=\"wpcf7-f825-o1\" \/>\n<input type=\"hidden\" name=\"_wpcf7_container_post\" value=\"0\" \/>\n<input type=\"hidden\" name=\"_wpcf7_posted_data_hash\" value=\"\" \/>\n<input type=\"hidden\" name=\"_wpcf7_recaptcha_response\" value=\"\" \/>\n<\/div>\n<p><span class=\"wpcf7-form-control-wrap\" data-name=\"nombre\"><input size=\"40\" maxlength=\"400\" class=\"wpcf7-form-control wpcf7-text wpcf7-validates-as-required\" aria-required=\"true\" aria-invalid=\"false\" placeholder=\"Nom i cognoms\" value=\"\" type=\"text\" name=\"nombre\" \/><\/span>\n<\/p>\n<p><span class=\"wpcf7-form-control-wrap\" data-name=\"telefono\"><input size=\"40\" maxlength=\"400\" class=\"wpcf7-form-control wpcf7-tel wpcf7-validates-as-required wpcf7-text wpcf7-validates-as-tel\" aria-required=\"true\" aria-invalid=\"false\" placeholder=\"Tel\u00e8fon\" value=\"\" type=\"tel\" name=\"telefono\" \/><\/span>\n<\/p>\n<p><span class=\"wpcf7-form-control-wrap\" data-name=\"email\"><input size=\"40\" maxlength=\"400\" class=\"wpcf7-form-control wpcf7-email wpcf7-validates-as-required wpcf7-text wpcf7-validates-as-email\" aria-required=\"true\" aria-invalid=\"false\" placeholder=\"Email\" value=\"\" type=\"email\" name=\"email\" \/><\/span>\n<\/p>\n<p><span class=\"wpcf7-form-control-wrap\" data-name=\"mensaje\"><textarea cols=\"40\" rows=\"10\" maxlength=\"2000\" class=\"wpcf7-form-control wpcf7-textarea wpcf7-validates-as-required\" aria-required=\"true\" aria-invalid=\"false\" placeholder=\"Missatge\" name=\"mensaje\"><\/textarea><\/span>\n<\/p>\n<input class=\"wpcf7-form-control wpcf7-hidden\" id=\"landing_url\" value=\"\" type=\"hidden\" name=\"landing_url\" \/>\n<input class=\"wpcf7-form-control wpcf7-hidden\" value=\"web\" type=\"hidden\" name=\"tipoSolicitud\" \/>\n<p style=\"display:none;\"><br \/>\n<input class=\"wpcf7-form-control wpcf7-hidden utm_source\" id=\"utm_source\" value=\"\" type=\"hidden\" name=\"utm_source_cf7\" \/><br \/>\n<input class=\"wpcf7-form-control wpcf7-hidden utm_medium\" id=\"utm_medium\" value=\"\" type=\"hidden\" name=\"utm_medium_cf7\" \/><br \/>\n<input class=\"wpcf7-form-control wpcf7-hidden utm_term\" id=\"utm_term\" value=\"\" type=\"hidden\" name=\"utm_term_cf7\" \/><br \/>\n<input class=\"wpcf7-form-control wpcf7-hidden utm_content\" id=\"utm_content\" value=\"\" type=\"hidden\" name=\"utm_content_cf7\" \/><br \/>\n<input class=\"wpcf7-form-control wpcf7-hidden utm_campaign\" id=\"utm_campaign\" value=\"\" type=\"hidden\" name=\"utm_campaign_cf7\" \/><br \/>\n<input class=\"wpcf7-form-control wpcf7-hidden gclid\" id=\"gclid\" value=\"\" type=\"hidden\" name=\"gclid_cf7\" \/>\n<\/p>\n<p><input class=\"wpcf7-form-control wpcf7-submit has-spinner red_button\" type=\"submit\" value=\"Enviar\" \/><span class=\"wpcf7-form-control-wrap\" data-name=\"politica\"><span class=\"wpcf7-form-control wpcf7-acceptance\"><span class=\"wpcf7-list-item\"><label><input type=\"checkbox\" name=\"politica\" value=\"1\" aria-invalid=\"false\" \/><span class=\"wpcf7-list-item-label\">He llegit i accepto la <a href=\"https:\/\/masachs.com\/ca\/politica-de-privadesa\" target=\u201d_blank\u201d>Pol\u00edtica de privadesa<\/a><\/span><\/label><\/span><\/span><\/span>\n<\/p><div class=\"wpcf7-response-output\" aria-hidden=\"true\"><\/div>\n<\/form>\n<\/div>\n[\/vc_wp_text][\/vc_column][\/vc_row][vc_row css=&#8221;.vc_custom_1586392896530{margin-top: 80px !important;margin-bottom: 20px !important;}&#8221;][vc_column][vc_custom_heading text=&#8221;Serveis relacionats&#8221; font_container=&#8221;tag:h2|text_align:center&#8221; use_theme_fonts=&#8221;yes&#8221;][\/vc_column][\/vc_row][vc_row css=&#8221;.vc_custom_1626423804276{margin-bottom: 22px !important;}&#8221; el_class=&#8221;servicios_row&#8221;][vc_column width=&#8221;1\/3&#8243;]<div class=\"ult-content-box-container \" >\t<a class=\"ult-content-box-anchor\" href=\"https:\/\/masachs.com\/ca\/ofereix-el-teu-immoble\" title=\"Ofrece tu inmueble\" >\t\t<div class=\"ult-content-box\" style=\"box-shadow: px px px px none;border-style:solid;border-width:1px;border-color:#15326e;padding-top:50px;padding-right:30px;padding-bottom:50px;padding-left:30px;margin-bottom:22px;-webkit-transition: all 700ms ease;-moz-transition: all 700ms ease;-ms-transition: all 700ms ease;-o-transition: all 700ms ease;transition: all 700ms ease;\"  data-hover_box_shadow=\" 5px 10px 10px 0px rgba(0,0,0,0.15) \"  data-hover_border_color=\"#15326e\"    data-normal_margins=\"margin-bottom:22px;\"   data-border_color=\"#15326e\" >[vc_single_image image=&#8221;434071&#8243; img_size=&#8221;full&#8221; alignment=&#8221;center&#8221;][vc_custom_heading text=&#8221;Ofereix el teu immoble&#8221; font_container=&#8221;tag:h2|font_size:17px|text_align:center|color:%2315326e|line_height:17px&#8221;]<div class=\" vc_custom_1626441875220 ult_buttons ubtn-ctn-center \"><a class=\"ubtn-link ult-adjust-bottom-margin ubtn-center ubtn-normal \" href=\"https:\/\/masachs.com\/ca\/ofereix-el-teu-immoble\" title=\"Ofrece tu inmueble\" ><button type=\"button\" id=\"ubtn-1176\"  class=\"ubtn ult-adjust-bottom-margin ult-responsive ubtn-normal ubtn-no-hover-bg  none  ubtn-center   tooltip-69f29df914a13\"  data-hover=\"#15326e\" data-border-color=\"\" data-bg=\"#15326e\" data-hover-bg=\"#ffffff\" data-border-hover=\"\" data-shadow-hover=\"\" data-shadow-click=\"none\" data-shadow=\"\" data-shd-shadow=\"\"  data-ultimate-target='#ubtn-1176'  data-responsive-json-new='{\"font-size\":\"\",\"line-height\":\"\"}'  style=\"font-weight:bold;border:none;background: #15326e;color: #ffffff;\"><span class=\"ubtn-hover\" style=\"background-color:#ffffff\"><\/span><span class=\"ubtn-data ubtn-text \" >M\u00e9s informaci\u00f3<\/span><\/button><\/a><\/div>\t\t<\/div>\t<\/a><\/div><div class=\"ult-content-box-container \" >\t<a class=\"ult-content-box-anchor\" href=\"https:\/\/masachs.com\/ca\/servei-juridic\" title=\"Servicio jur\u00eddico\" >\t\t<div class=\"ult-content-box\" style=\"box-shadow: px px px px none;border-style:solid;border-width:1px;border-color:#15326e;padding-top:50px;padding-right:30px;padding-bottom:50px;padding-left:30px;-webkit-transition: all 700ms ease;-moz-transition: all 700ms ease;-ms-transition: all 700ms ease;-o-transition: all 700ms ease;transition: all 700ms ease;\"  data-hover_box_shadow=\" 5px 10px 10px 0px rgba(0,0,0,0.15) \"  data-hover_border_color=\"#15326e\"     data-border_color=\"#15326e\" >[vc_single_image image=&#8221;434072&#8243; img_size=&#8221;full&#8221; alignment=&#8221;center&#8221;][vc_custom_heading text=&#8221;Servei jur\u00eddic&#8221; font_container=&#8221;tag:h2|font_size:17px|text_align:center|color:%2315326e|line_height:17px&#8221;]<div class=\" vc_custom_1626441932305 ult_buttons ubtn-ctn-center \"><a class=\"ubtn-link ult-adjust-bottom-margin ubtn-center ubtn-normal \" href=\"https:\/\/masachs.com\/ca\/servei-juridic\" title=\"Servicio jur\u00eddico\" ><button type=\"button\" id=\"ubtn-2050\"  class=\"ubtn ult-adjust-bottom-margin ult-responsive ubtn-normal ubtn-no-hover-bg  none  ubtn-center   tooltip-69f29df914a86\"  data-hover=\"#15326e\" data-border-color=\"\" data-bg=\"#15326e\" data-hover-bg=\"#ffffff\" data-border-hover=\"\" data-shadow-hover=\"\" data-shadow-click=\"none\" data-shadow=\"\" data-shd-shadow=\"\"  data-ultimate-target='#ubtn-2050'  data-responsive-json-new='{\"font-size\":\"\",\"line-height\":\"\"}'  style=\"font-weight:bold;border:none;background: #15326e;color: #ffffff;\"><span class=\"ubtn-hover\" style=\"background-color:#ffffff\"><\/span><span class=\"ubtn-data ubtn-text \" >M\u00e9s informaci\u00f3<\/span><\/button><\/a><\/div>\t\t<\/div>\t<\/a><\/div>[\/vc_column][vc_column width=&#8221;1\/3&#8243;]<div class=\"ult-content-box-container \" >\t<a class=\"ult-content-box-anchor\" href=\"https:\/\/masachs.com\/ca\/administracio\" title=\"Administraci\u00f3n\" >\t\t<div class=\"ult-content-box\" style=\"box-shadow: px px px px none;border-style:solid;border-width:1px;border-color:#15326e;padding-top:50px;padding-right:30px;padding-bottom:50px;padding-left:30px;margin-bottom:22px;-webkit-transition: all 700ms ease;-moz-transition: all 700ms ease;-ms-transition: all 700ms ease;-o-transition: all 700ms ease;transition: all 700ms ease;\"  data-hover_box_shadow=\" 5px 10px 10px 0px rgba(0,0,0,0.15) \"  data-hover_border_color=\"#15326e\"    data-normal_margins=\"margin-bottom:22px;\"   data-border_color=\"#15326e\" >[vc_single_image image=&#8221;434073&#8243; img_size=&#8221;full&#8221; alignment=&#8221;center&#8221;][vc_custom_heading text=&#8221;Administraci\u00f3&#8221; font_container=&#8221;tag:h2|font_size:17px|text_align:center|color:%2315326e|line_height:17px&#8221;]<div class=\" vc_custom_1626441892916 ult_buttons ubtn-ctn-center \"><a class=\"ubtn-link ult-adjust-bottom-margin ubtn-center ubtn-normal \" href=\"https:\/\/masachs.com\/ca\/administracio\" title=\"Administraci\u00f3n\" ><button type=\"button\" id=\"ubtn-6527\"  class=\"ubtn ult-adjust-bottom-margin ult-responsive ubtn-normal ubtn-no-hover-bg  none  ubtn-center   tooltip-69f29df914ac3\"  data-hover=\"#15326e\" data-border-color=\"\" data-bg=\"#15326e\" data-hover-bg=\"#ffffff\" data-border-hover=\"\" data-shadow-hover=\"\" data-shadow-click=\"none\" data-shadow=\"\" data-shd-shadow=\"\"  data-ultimate-target='#ubtn-6527'  data-responsive-json-new='{\"font-size\":\"\",\"line-height\":\"\"}'  style=\"font-weight:bold;border:none;background: #15326e;color: #ffffff;\"><span class=\"ubtn-hover\" style=\"background-color:#ffffff\"><\/span><span class=\"ubtn-data ubtn-text \" >M\u00e9s informaci\u00f3<\/span><\/button><\/a><\/div>\t\t<\/div>\t<\/a><\/div><div class=\"ult-content-box-container \" >\t<a class=\"ult-content-box-anchor\" href=\"https:\/\/masachs.com\/ca\/enginyeria-industrial\" title=\"Ingenier\u00eda industrial\" >\t\t<div class=\"ult-content-box\" style=\"box-shadow: px px px px none;border-style:solid;border-width:1px;border-color:#15326e;padding-top:50px;padding-right:30px;padding-bottom:50px;padding-left:30px;-webkit-transition: all 700ms ease;-moz-transition: all 700ms ease;-ms-transition: all 700ms ease;-o-transition: all 700ms ease;transition: all 700ms ease;\"  data-hover_box_shadow=\" 5px 10px 10px 0px rgba(0,0,0,0.15) \"  data-hover_border_color=\"#15326e\"     data-border_color=\"#15326e\" >[vc_single_image image=&#8221;434074&#8243; img_size=&#8221;full&#8221; alignment=&#8221;center&#8221;][vc_custom_heading text=&#8221;Enginyeria industrial&#8221; font_container=&#8221;tag:h2|font_size:17px|text_align:center|color:%2315326e|line_height:17px&#8221;]<div class=\" vc_custom_1626441949633 ult_buttons ubtn-ctn-center \"><a class=\"ubtn-link ult-adjust-bottom-margin ubtn-center ubtn-normal \" href=\"https:\/\/masachs.com\/ca\/enginyeria-industrial\" title=\"Ingenier\u00eda industrial\" ><button type=\"button\" id=\"ubtn-6349\"  class=\"ubtn ult-adjust-bottom-margin ult-responsive ubtn-normal ubtn-no-hover-bg  none  ubtn-center   tooltip-69f29df914af8\"  data-hover=\"#15326e\" data-border-color=\"\" data-bg=\"#15326e\" data-hover-bg=\"#ffffff\" data-border-hover=\"\" data-shadow-hover=\"\" data-shadow-click=\"none\" data-shadow=\"\" data-shd-shadow=\"\"  data-ultimate-target='#ubtn-6349'  data-responsive-json-new='{\"font-size\":\"\",\"line-height\":\"\"}'  style=\"font-weight:bold;border:none;background: #15326e;color: #ffffff;\"><span class=\"ubtn-hover\" style=\"background-color:#ffffff\"><\/span><span class=\"ubtn-data ubtn-text \" >M\u00e9s informaci\u00f3<\/span><\/button><\/a><\/div>\t\t<\/div>\t<\/a><\/div>[\/vc_column][vc_column width=&#8221;1\/3&#8243;]<div class=\"ult-content-box-container servicio_actual\" >\t<a class=\"ult-content-box-anchor\" href=\"https:\/\/masachs.com\/ca\/calcular-hipoteca\" title=\"Home\" >\t\t<div class=\"ult-content-box\" style=\"box-shadow: px px px px none;border-style:solid;border-width:1px;border-color:#15326e;padding-top:50px;padding-right:30px;padding-bottom:50px;padding-left:30px;margin-bottom:22px;-webkit-transition: all 700ms ease;-moz-transition: all 700ms ease;-ms-transition: all 700ms ease;-o-transition: all 700ms ease;transition: all 700ms ease;\"  data-hover_box_shadow=\" 5px 10px 10px 0px rgba(0,0,0,0.15) \"  data-hover_border_color=\"#15326e\"    data-normal_margins=\"margin-bottom:22px;\"   data-border_color=\"#15326e\" >[vc_single_image image=&#8221;434075&#8243; img_size=&#8221;full&#8221; alignment=&#8221;center&#8221;][vc_custom_heading text=&#8221;Calcular hipoteca&#8221; font_container=&#8221;tag:h2|font_size:17px|text_align:center|color:%2315326e|line_height:17px&#8221;]<div class=\" vc_custom_1626441910656 ult_buttons ubtn-ctn-center \"><a class=\"ubtn-link ult-adjust-bottom-margin ubtn-center ubtn-normal \" href=\"https:\/\/masachs.com\/ca\/calcular-hipoteca\" title=\"Calcular hipoteca\" ><button type=\"button\" id=\"ubtn-3777\"  class=\"ubtn ult-adjust-bottom-margin ult-responsive ubtn-normal ubtn-no-hover-bg  none  ubtn-center   tooltip-69f29df914b2b\"  data-hover=\"#15326e\" data-border-color=\"\" data-bg=\"#15326e\" data-hover-bg=\"#ffffff\" data-border-hover=\"\" data-shadow-hover=\"\" data-shadow-click=\"none\" data-shadow=\"\" data-shd-shadow=\"\"  data-ultimate-target='#ubtn-3777'  data-responsive-json-new='{\"font-size\":\"\",\"line-height\":\"\"}'  style=\"font-weight:bold;border:none;background: #15326e;color: #ffffff;\"><span class=\"ubtn-hover\" style=\"background-color:#ffffff\"><\/span><span class=\"ubtn-data ubtn-text \" >M\u00e9s informaci\u00f3<\/span><\/button><\/a><\/div>\t\t<\/div>\t<\/a><\/div><div class=\"ult-content-box-container \" >\t<a class=\"ult-content-box-anchor\" href=\"https:\/\/masachs.com\/ca\/venda-i-lloguer\" title=\"Venta y alquiler\" >\t\t<div class=\"ult-content-box\" style=\"box-shadow: px px px px none;border-style:solid;border-width:1px;border-color:#15326e;padding-top:50px;padding-right:30px;padding-bottom:50px;padding-left:30px;-webkit-transition: all 700ms ease;-moz-transition: all 700ms ease;-ms-transition: all 700ms ease;-o-transition: all 700ms ease;transition: all 700ms ease;\"  data-hover_box_shadow=\" 5px 10px 10px 0px rgba(0,0,0,0.15) \"  data-hover_border_color=\"#15326e\"     data-border_color=\"#15326e\" >[vc_single_image image=&#8221;434076&#8243; img_size=&#8221;full&#8221; alignment=&#8221;center&#8221;][vc_custom_heading text=&#8221;Venda i lloguer&#8221; font_container=&#8221;tag:h2|font_size:17px|text_align:center|color:%2315326e|line_height:17px&#8221;]<div class=\" vc_custom_1626441969425 ult_buttons ubtn-ctn-center \"><a class=\"ubtn-link ult-adjust-bottom-margin ubtn-center ubtn-normal \" href=\"https:\/\/masachs.com\/ca\/venda-i-lloguer\" title=\"Venta y alquiler\" ><button type=\"button\" id=\"ubtn-5318\"  class=\"ubtn ult-adjust-bottom-margin ult-responsive ubtn-normal ubtn-no-hover-bg  none  ubtn-center   tooltip-69f29df914b5b\"  data-hover=\"#15326e\" data-border-color=\"\" data-bg=\"#15326e\" data-hover-bg=\"#ffffff\" data-border-hover=\"\" data-shadow-hover=\"\" data-shadow-click=\"none\" data-shadow=\"\" data-shd-shadow=\"\"  data-ultimate-target='#ubtn-5318'  data-responsive-json-new='{\"font-size\":\"\",\"line-height\":\"\"}'  style=\"font-weight:bold;border:none;background: #15326e;color: #ffffff;\"><span class=\"ubtn-hover\" style=\"background-color:#ffffff\"><\/span><span class=\"ubtn-data ubtn-text \" >M\u00e9s informaci\u00f3<\/span><\/button><\/a><\/div>\t\t<\/div>\t<\/a><\/div>[\/vc_column][\/vc_row][vc_row equal_height=&#8221;yes&#8221; css=&#8221;.vc_custom_1626426620978{margin-bottom: 60px !important;}&#8221; el_class=&#8221;servicios_row&#8221;][vc_column width=&#8221;1\/3&#8243;]<div class=\"ult-content-box-container \" >\t<a class=\"ult-content-box-anchor\" href=\"https:\/\/masachs.com\/ca\/invertir-en-naus-industrials\" title=\"Invertir en naves industriales\" >\t\t<div class=\"ult-content-box\" style=\"box-shadow: px px px px none;border-style:solid;border-width:1px;border-color:#15326e;padding-top:50px;padding-right:30px;padding-bottom:50px;padding-left:30px;-webkit-transition: all 700ms ease;-moz-transition: all 700ms ease;-ms-transition: all 700ms ease;-o-transition: all 700ms ease;transition: all 700ms ease;\"  data-hover_box_shadow=\" 5px 10px 10px 0px rgba(0,0,0,0.15) \"  data-hover_border_color=\"#15326e\"     data-border_color=\"#15326e\" >[vc_single_image image=&#8221;188351&#8243; img_size=&#8221;full&#8221; alignment=&#8221;center&#8221;][vc_custom_heading text=&#8221;Invertir en naus industrials&#8221; font_container=&#8221;tag:h2|font_size:17px|text_align:center|color:%2315326e|line_height:17px&#8221;]<div class=\" vc_custom_1626678640476 ult_buttons ubtn-ctn-center \"><a class=\"ubtn-link ult-adjust-bottom-margin ubtn-center ubtn-normal \" href=\"https:\/\/masachs.com\/ca\/invertir-en-naus-industrials\" title=\"Venta y alquiler\" ><button type=\"button\" id=\"ubtn-2948\"  class=\"ubtn ult-adjust-bottom-margin ult-responsive ubtn-normal ubtn-no-hover-bg  none  ubtn-center   tooltip-69f29df914b89\"  data-hover=\"#15326e\" data-border-color=\"\" data-bg=\"#15326e\" data-hover-bg=\"#ffffff\" data-border-hover=\"\" data-shadow-hover=\"\" data-shadow-click=\"none\" data-shadow=\"\" data-shd-shadow=\"\"  data-ultimate-target='#ubtn-2948'  data-responsive-json-new='{\"font-size\":\"\",\"line-height\":\"\"}'  style=\"font-weight:bold;border:none;background: #15326e;color: #ffffff;\"><span class=\"ubtn-hover\" style=\"background-color:#ffffff\"><\/span><span class=\"ubtn-data ubtn-text \" >M\u00e9s informaci\u00f3<\/span><\/button><\/a><\/div>\t\t<\/div>\t<\/a><\/div>[\/vc_column][vc_column width=&#8221;2\/3&#8243; css=&#8221;.vc_custom_1626423938127{padding-top: 30px !important;padding-right: 50px !important;padding-bottom: 30px !important;padding-left: 50px !important;background-color: #15326e !important;}&#8221;][vc_row_inner equal_height=&#8221;yes&#8221; content_placement=&#8221;middle&#8221;][vc_column_inner width=&#8221;2\/3&#8243;][vc_custom_heading text=&#8221;Cerquem per tu!&#8221; font_container=&#8221;tag:h3|font_size:32px|text_align:left|color:%23ffffff|line_height:32px&#8221; use_theme_fonts=&#8221;yes&#8221; css=&#8221;.vc_custom_1626426613318{margin-bottom: 25px !important;}&#8221;][vc_column_text]<\/p>\n<p class=\"p1\"><span class=\"s1\" style=\"color: #ffffff;\">Si no tens temps d&#8217;explorar tots els nostres immobles o no trobes el que necessites, emplena i envia el formulari seg\u00fcent. El nostre equip comercial el buscar\u00e0 per tu.<\/span><\/p>\n<p>[\/vc_column_text]<div class=\" ult_buttons ubtn-ctn-left buscamos_button\"><a class=\"ubtn-link ult-adjust-bottom-margin ubtn-left ubtn-normal buscamos_button\" href=\"https:\/\/masachs.com\/ca\/cerquem-per-tu\" ><button type=\"button\" id=\"ubtn-7197\"  class=\"ubtn ult-adjust-bottom-margin ult-responsive ubtn-normal ubtn-no-hover-bg  none  ubtn-left   tooltip-69f29df914ba4\"  data-hover=\"#d0021b\" data-border-color=\"#d0021b\" data-bg=\"#d0021b\" data-hover-bg=\"#15326e\" data-border-hover=\"#d0021b\" data-shadow-hover=\"\" data-shadow-click=\"none\" data-shadow=\"\" data-shd-shadow=\"\"  data-ultimate-target='#ubtn-7197'  data-responsive-json-new='{\"font-size\":\"desktop:16px;\",\"line-height\":\"desktop:24px;\"}'  style=\"font-weight:bold;border-radius:50px;border-width:2px;border-color:#d0021b;border-style:solid;background: #d0021b;color: #ffffff;\"><span class=\"ubtn-hover\" style=\"background-color:#15326e\"><\/span><span class=\"ubtn-data ubtn-text \" >Emplenar formulari<\/span><\/button><\/a><\/div>[\/vc_column_inner][vc_column_inner width=&#8221;1\/3&#8243;][vc_single_image image=&#8221;188288&#8243; img_size=&#8221;full&#8221; alignment=&#8221;center&#8221;][\/vc_column_inner][\/vc_row_inner][\/vc_column][\/vc_row]<\/p>\n","protected":false},"excerpt":{"rendered":"<p>[vc_row full_width=&#8221;stretch_row_content_no_spaces&#8221;][vc_column][vc_separator color=&#8221;custom&#8221; align=&#8221;align_left&#8221; border_width=&#8221;10&#8243; accent_color=&#8221;#15326e&#8221; el_id=&#8221;separador-header&#8221;][vc_raw_js]JTNDc2NyaXB0JTNFJTBBdmFyJTIwd2lud2klMjAlM0QlMjB3aW5kb3cuaW5uZXJXaWR0aCUzQiUwQXZhciUyMHAlMjAlM0QlMjBkb2N1bWVudC5xdWVyeVNlbGVjdG9yJTI4JTIyLnNpbmdsZV93aWR0aF9wYWdlJTIyJTI5JTNCJTBBdmFyJTIwc3R5bGUlMjAlM0QlMjBwLmN1cnJlbnRTdHlsZSUyMCU3QyU3QyUyMHdpbmRvdy5nZXRDb21wdXRlZFN0eWxlJTI4cCUyOSUzQiUwQXZhciUyMGxlZnRzcGFjZSUyMCUzRCUyMCUyOHdpbndpLSUyOHBhcnNlSW50JTI4c3R5bGUud2lkdGglMjktMzAlMjklMjklMkYyJTNCJTBBZG9jdW1lbnQuZ2V0RWxlbWVudEJ5SWQlMjglMjJzZXBhcmFkb3ItaGVhZGVyJTIyJTI5LnN0eWxlLmxlZnQlMjAlM0QlMjBsZWZ0c3BhY2UlMkIlMjJweCUyMiUzQiUwQSUzQyUyRnNjcmlwdCUzRQ==[\/vc_raw_js][\/vc_column][\/vc_row][vc_row css=&#8221;.vc_custom_1588612532300{margin-top: 80px !important;margin-bottom: 50px !important;}&#8221; el_class=&#8221;mobile_hide&#8221;][vc_column width=&#8221;5\/12&#8243;][vc_custom_heading source=&#8221;post_title&#8221; font_container=&#8221;tag:h1|text_align:left&#8221; use_theme_fonts=&#8221;yes&#8221;][vc_column_text]A Masachs assessorem els nostres clients per aconseguir la millor operaci\u00f3 per a totes les parts implicades, des de la recerca inicial de l&#8217;immoble, fins al proc\u00e9s de negociaci\u00f3 i tancament de l&#8217;operaci\u00f3. Si t&#8217;interessa comprar una nau industrial, calcula la hipoteca emplenant els camps seg\u00fcents:[\/vc_column_text][\/vc_column][vc_column width=&#8221;1\/12&#8243;][\/vc_column][vc_column width=&#8221;6\/12&#8243;][vc_single_image &#8230;<\/p>\n","protected":false},"author":1,"featured_media":0,"parent":0,"menu_order":0,"comment_status":"closed","ping_status":"closed","template":"","meta":{"footnotes":""},"class_list":["post-837","page","type-page","status-publish","hentry"],"_links":{"self":[{"href":"https:\/\/masachs.com\/ca\/wp-json\/wp\/v2\/pages\/837"}],"collection":[{"href":"https:\/\/masachs.com\/ca\/wp-json\/wp\/v2\/pages"}],"about":[{"href":"https:\/\/masachs.com\/ca\/wp-json\/wp\/v2\/types\/page"}],"author":[{"embeddable":true,"href":"https:\/\/masachs.com\/ca\/wp-json\/wp\/v2\/users\/1"}],"replies":[{"embeddable":true,"href":"https:\/\/masachs.com\/ca\/wp-json\/wp\/v2\/comments?post=837"}],"version-history":[{"count":10,"href":"https:\/\/masachs.com\/ca\/wp-json\/wp\/v2\/pages\/837\/revisions"}],"predecessor-version":[{"id":434078,"href":"https:\/\/masachs.com\/ca\/wp-json\/wp\/v2\/pages\/837\/revisions\/434078"}],"wp:attachment":[{"href":"https:\/\/masachs.com\/ca\/wp-json\/wp\/v2\/media?parent=837"}],"curies":[{"name":"wp","href":"https:\/\/api.w.org\/{rel}","templated":true}]}}