{"id":403005,"date":"2022-11-18T11:29:09","date_gmt":"2022-11-18T10:29:09","guid":{"rendered":"https:\/\/masachs.com\/venta-naves-industriales-en-sant-vicenc-de-castellet"},"modified":"2025-10-24T14:10:04","modified_gmt":"2025-10-24T12:10:04","slug":"venda-naus-industrials-en-sant-vicenc-de-castellet","status":"publish","type":"page","link":"https:\/\/masachs.com\/ca\/venda-naus-industrials-en-sant-vicenc-de-castellet","title":{"rendered":"Naus industrials a Sant Vicen\u00e7 de Castellet"},"content":{"rendered":"<h3><strong>Venda de Naus Industrials a Sant Vicen\u00e7 de Castellet: Oportunitats Estrat\u00e8giques per al teu Negoci<\/strong><\/h3>\n<p>Descobriu una selecci\u00f3 de naus industrials a Sant Vicen\u00e7 de Castellet, una localitat estrat\u00e8gica situada al cor de la comarca del <strong>Bages<\/strong>. Aquest municipi es beneficia d&#8217;una ubicaci\u00f3 privilegiada, amb f\u00e0cil acc\u00e9s a vies de comunicaci\u00f3 importants com la <strong>C-58<\/strong> i l&#8217;<strong>AP-7<\/strong>, que connecten r\u00e0pidament amb <strong>Barcelona<\/strong> i altres ciutats clau de la regi\u00f3.<\/p>\n<p>Les naus disponibles es troben a prop de barris din\u00e0mics i \u00e0rees industrials en expansi\u00f3, cosa que les converteix en una opci\u00f3 ideal per a empreses que busquen establir-se en un entorn pr\u00f2sper. A m\u00e9s, la proximitat a municipis confrontants com <strong>Manresa<\/strong> i <strong>Navarcl\u00e9s<\/strong> amplia les oportunitats de negoci i col\u00b7laboraci\u00f3.<\/p>\n<p>Aprofita aquesta oportunitat \u00fanica d&#8217;adquirir un espai industrial a una zona amb gran potencial de creixement i desenvolupament.<\/p>\n<p><strong>Contacta&#8217;ns per a m\u00e9s informaci\u00f3 i assegura el futur de la teva empresa a Sant Vicen\u00e7 de Castellet!<\/strong><\/p>\n","protected":false},"excerpt":{"rendered":"<p>Venda de Naus Industrials a Sant Vicen\u00e7 de Castellet: Oportunitats Estrat\u00e8giques per al teu Negoci Descobriu una selecci\u00f3 de naus industrials a Sant Vicen\u00e7 de Castellet, una localitat estrat\u00e8gica situada al cor de la comarca del Bages. Aquest municipi es beneficia d&#8217;una ubicaci\u00f3 privilegiada, amb f\u00e0cil acc\u00e9s a vies de comunicaci\u00f3 importants com la C-58 i l&#8217;AP-7, que connecten r\u00e0pidament amb Barcelona i altres &#8230;<\/p>\n","protected":false},"author":77,"featured_media":0,"parent":0,"menu_order":0,"comment_status":"closed","ping_status":"closed","template":"property_list_half.php","meta":{"footnotes":""},"class_list":["post-403005","page","type-page","status-publish","hentry"],"_links":{"self":[{"href":"https:\/\/masachs.com\/ca\/wp-json\/wp\/v2\/pages\/403005"}],"collection":[{"href":"https:\/\/masachs.com\/ca\/wp-json\/wp\/v2\/pages"}],"about":[{"href":"https:\/\/masachs.com\/ca\/wp-json\/wp\/v2\/types\/page"}],"author":[{"embeddable":true,"href":"https:\/\/masachs.com\/ca\/wp-json\/wp\/v2\/users\/77"}],"replies":[{"embeddable":true,"href":"https:\/\/masachs.com\/ca\/wp-json\/wp\/v2\/comments?post=403005"}],"version-history":[{"count":1,"href":"https:\/\/masachs.com\/ca\/wp-json\/wp\/v2\/pages\/403005\/revisions"}],"predecessor-version":[{"id":403006,"href":"https:\/\/masachs.com\/ca\/wp-json\/wp\/v2\/pages\/403005\/revisions\/403006"}],"wp:attachment":[{"href":"https:\/\/masachs.com\/ca\/wp-json\/wp\/v2\/media?parent=403005"}],"curies":[{"name":"wp","href":"https:\/\/api.w.org\/{rel}","templated":true}]}}