{"id":201488,"date":"2022-07-28T09:57:41","date_gmt":"2022-07-28T07:57:41","guid":{"rendered":"https:\/\/masachs.com\/naus-industrials-a-granollers"},"modified":"2025-10-03T11:28:19","modified_gmt":"2025-10-03T09:28:19","slug":"naus-industrials-a-granollers","status":"publish","type":"page","link":"https:\/\/masachs.com\/ca\/naus-industrials-a-granollers","title":{"rendered":"Naus industrials a Granollers"},"content":{"rendered":"<h3>Venda de Naus Industrials a <strong>Granollers<\/strong>: Oportunitats Estrat\u00e8giques per al teu Negoci<\/h3>\n<p>Descobreix la nostra exclusiva selecci\u00f3 de naus industrials a <strong>Granollers<\/strong>, una localitat amb una ubicaci\u00f3 estrat\u00e8gica que la converteix en un punt neur\u00e0lgic per al desenvolupament empresarial. Situada a nom\u00e9s 30 quil\u00f2metres de <strong>Barcelona<\/strong>, <strong>Granollers<\/strong> ofereix un acc\u00e9s immillorable a les principals vies de comunicaci\u00f3, incloent l&#8217;<strong>AP-7<\/strong> i la <strong>C-17<\/strong>, facilitant la connexi\u00f3 amb importants municipis ve\u00efns com <strong>Mollet del Vall\u00e8s<\/strong>, <strong>La Roca del Vall\u00e8s<\/strong> i <strong>Cardedeu<\/strong>.<\/p>\n<p>Les nostres naus industrials estan ubicades en zones properes a barris en ple creixement, la qual cosa garanteix un entorn din\u00e0mic i propici per al desenvolupament de la teva activitat. Amb una infraestructura moderna i serveis de qualitat, aquestes propietats s\u00f3n ideals per a empreses que busquen expandir les seves operacions en una \u00e0rea amb un gran potencial log\u00edstic i comercial.<\/p>\n<p><strong>No perdis l&#8217;oportunitat d&#8217;invertir en un espai que no nom\u00e9s compleix amb les teves necessitats operatives, sin\u00f3 que tamb\u00e9 et situa al cor d&#8217;una de les \u00e0rees m\u00e9s prometedores de la comarca. Contacta&#8217;ns per a m\u00e9s informaci\u00f3 i assegura el futur del teu negoci a Granollers!<\/strong><\/p>\n","protected":false},"excerpt":{"rendered":"<p>Venda de Naus Industrials a Granollers: Oportunitats Estrat\u00e8giques per al teu Negoci Descobreix la nostra exclusiva selecci\u00f3 de naus industrials a Granollers, una localitat amb una ubicaci\u00f3 estrat\u00e8gica que la converteix en un punt neur\u00e0lgic per al desenvolupament empresarial. Situada a nom\u00e9s 30 quil\u00f2metres de Barcelona, Granollers ofereix un acc\u00e9s immillorable a les principals vies de comunicaci\u00f3, incloent l&#8217;AP-7 i la C-17, facilitant la &#8230;<\/p>\n","protected":false},"author":77,"featured_media":0,"parent":0,"menu_order":0,"comment_status":"closed","ping_status":"closed","template":"property_list_half.php","meta":{"footnotes":""},"class_list":["post-201488","page","type-page","status-publish","hentry"],"_links":{"self":[{"href":"https:\/\/masachs.com\/ca\/wp-json\/wp\/v2\/pages\/201488"}],"collection":[{"href":"https:\/\/masachs.com\/ca\/wp-json\/wp\/v2\/pages"}],"about":[{"href":"https:\/\/masachs.com\/ca\/wp-json\/wp\/v2\/types\/page"}],"author":[{"embeddable":true,"href":"https:\/\/masachs.com\/ca\/wp-json\/wp\/v2\/users\/77"}],"replies":[{"embeddable":true,"href":"https:\/\/masachs.com\/ca\/wp-json\/wp\/v2\/comments?post=201488"}],"version-history":[{"count":2,"href":"https:\/\/masachs.com\/ca\/wp-json\/wp\/v2\/pages\/201488\/revisions"}],"predecessor-version":[{"id":400522,"href":"https:\/\/masachs.com\/ca\/wp-json\/wp\/v2\/pages\/201488\/revisions\/400522"}],"wp:attachment":[{"href":"https:\/\/masachs.com\/ca\/wp-json\/wp\/v2\/media?parent=201488"}],"curies":[{"name":"wp","href":"https:\/\/api.w.org\/{rel}","templated":true}]}}