{"id":201484,"date":"2022-07-28T09:55:51","date_gmt":"2022-07-28T07:55:51","guid":{"rendered":"https:\/\/masachs.com\/?page_id=201484"},"modified":"2025-10-03T11:28:09","modified_gmt":"2025-10-03T09:28:09","slug":"naus-industrials-a-castellbisbal","status":"publish","type":"page","link":"https:\/\/masachs.com\/ca\/naus-industrials-a-castellbisbal","title":{"rendered":"Naus industrials a Castellbisbal"},"content":{"rendered":"<h3>Venda de Naus Industrials a <strong>Castellbisbal<\/strong>: Oportunitats Estrat\u00e8giques per al teu Negoci<\/h3>\n<p>Descobreix la nostra exclusiva selecci\u00f3 de naus industrials a <strong>Castellbisbal<\/strong>, una localitat amb una ubicaci\u00f3 estrat\u00e8gica que la converteix en un punt neur\u00e0lgic per al desenvolupament empresarial. Situada a pocs minuts de l&#8217;<strong>AP-7<\/strong> i l&#8217;<strong>A-2<\/strong>, <strong>Castellbisbal<\/strong> ofereix un acc\u00e9s immillorable a les principals vies de comunicaci\u00f3, facilitant la log\u00edstica i el transport de mercaderies.<\/p>\n<p>Aquest municipi, que limita amb localitats com <strong>Sant Cugat del Vall\u00e8s<\/strong> i <strong>Rub\u00ed<\/strong>, es beneficia d&#8217;un entorn industrial en constant creixement, envoltat de barris que compten amb una infraestructura s\u00f2lida i serveis de qualitat. La proximitat a <strong>Barcelona<\/strong>, a nom\u00e9s 20 quil\u00f2metres, afegeix un valor significatiu per a les empreses que busquen expandir la seva pres\u00e8ncia al mercat.<\/p>\n<p>Les nostres naus industrials a <strong>Castellbisbal<\/strong> han estat seleccionades per satisfer les necessitats de diverses activitats comercials i industrials, oferint espais amplis i vers\u00e0tils. <strong>No perdis l&#8217;oportunitat d&#8217;establir el teu negoci en una ubicaci\u00f3 privilegiada que garanteix visibilitat i accessibilitat. Contacta&#8217;ns per a m\u00e9s informaci\u00f3 i assegura el teu futur empresarial a Castellbisbal!<\/strong><\/p>\n","protected":false},"excerpt":{"rendered":"<p>Venda de Naus Industrials a Castellbisbal: Oportunitats Estrat\u00e8giques per al teu Negoci Descobreix la nostra exclusiva selecci\u00f3 de naus industrials a Castellbisbal, una localitat amb una ubicaci\u00f3 estrat\u00e8gica que la converteix en un punt neur\u00e0lgic per al desenvolupament empresarial. Situada a pocs minuts de l&#8217;AP-7 i l&#8217;A-2, Castellbisbal ofereix un acc\u00e9s immillorable a les principals vies de comunicaci\u00f3, facilitant la log\u00edstica i el transport &#8230;<\/p>\n","protected":false},"author":77,"featured_media":0,"parent":0,"menu_order":0,"comment_status":"closed","ping_status":"closed","template":"property_list_half.php","meta":{"footnotes":""},"class_list":["post-201484","page","type-page","status-publish","hentry"],"_links":{"self":[{"href":"https:\/\/masachs.com\/ca\/wp-json\/wp\/v2\/pages\/201484"}],"collection":[{"href":"https:\/\/masachs.com\/ca\/wp-json\/wp\/v2\/pages"}],"about":[{"href":"https:\/\/masachs.com\/ca\/wp-json\/wp\/v2\/types\/page"}],"author":[{"embeddable":true,"href":"https:\/\/masachs.com\/ca\/wp-json\/wp\/v2\/users\/77"}],"replies":[{"embeddable":true,"href":"https:\/\/masachs.com\/ca\/wp-json\/wp\/v2\/comments?post=201484"}],"version-history":[{"count":2,"href":"https:\/\/masachs.com\/ca\/wp-json\/wp\/v2\/pages\/201484\/revisions"}],"predecessor-version":[{"id":400521,"href":"https:\/\/masachs.com\/ca\/wp-json\/wp\/v2\/pages\/201484\/revisions\/400521"}],"wp:attachment":[{"href":"https:\/\/masachs.com\/ca\/wp-json\/wp\/v2\/media?parent=201484"}],"curies":[{"name":"wp","href":"https:\/\/api.w.org\/{rel}","templated":true}]}}