{"id":201479,"date":"2022-07-28T09:51:31","date_gmt":"2022-07-28T07:51:31","guid":{"rendered":"https:\/\/masachs.com\/naus-industrials-a-sentmenat"},"modified":"2025-10-03T11:29:05","modified_gmt":"2025-10-03T09:29:05","slug":"naus-industrials-a-sentmenat","status":"publish","type":"page","link":"https:\/\/masachs.com\/ca\/naus-industrials-a-sentmenat","title":{"rendered":"Naus industrials a Sentmenat"},"content":{"rendered":"<h3>Venda de Naus Industrials a <strong>Sentmenat<\/strong>: Oportunitats Estrat\u00e8giques per al teu Negoci<\/h3>\n<p>Descobreix la nostra exclusiva selecci\u00f3 de naus industrials a <strong>Sentmenat<\/strong>, una localitat amb una ubicaci\u00f3 estrat\u00e8gica que la converteix en un punt clau per al desenvolupament empresarial. Situada a pocs minuts de l&#8217;<strong>AP-7<\/strong> i la <strong>C-58<\/strong>, <strong>Sentmenat<\/strong> ofereix un acc\u00e9s immillorable a les principals vies de comunicaci\u00f3, facilitant la log\u00edstica i el transport de mercaderies.<\/p>\n<p>Aquest municipi, que limita amb localitats com <strong>Sabadell<\/strong> i <strong>Sant Quirze del Vall\u00e8s<\/strong>, es beneficia d&#8217;un entorn industrial en creixement, envoltat de barris que compten amb una infraestructura s\u00f2lida i serveis de qualitat. La proximitat a \u00e0rees metropolitanes com <strong>Barcelona<\/strong> amplia les oportunitats de negoci i l&#8217;acc\u00e9s a un ampli mercat.<\/p>\n<p>Les nostres naus industrials en venda han estat seleccionades per satisfer les necessitats d&#8217;empreses de diversos sectors, oferint espais amplis i vers\u00e0tils que s&#8217;adapten als teus requeriments. <strong>No perdis l&#8217;oportunitat d&#8217;establir el teu negoci en una ubicaci\u00f3 privilegiada que garanteix visibilitat i connectivitat. Contacta&#8217;ns per a m\u00e9s informaci\u00f3 i dona el seg\u00fcent pas cap a l&#8217;\u00e8xit empresarial!<\/strong><\/p>\n","protected":false},"excerpt":{"rendered":"<p>Venda de Naus Industrials a Sentmenat: Oportunitats Estrat\u00e8giques per al teu Negoci Descobreix la nostra exclusiva selecci\u00f3 de naus industrials a Sentmenat, una localitat amb una ubicaci\u00f3 estrat\u00e8gica que la converteix en un punt clau per al desenvolupament empresarial. Situada a pocs minuts de l&#8217;AP-7 i la C-58, Sentmenat ofereix un acc\u00e9s immillorable a les principals vies de comunicaci\u00f3, facilitant la log\u00edstica i el &#8230;<\/p>\n","protected":false},"author":77,"featured_media":0,"parent":0,"menu_order":0,"comment_status":"closed","ping_status":"closed","template":"property_list_half.php","meta":{"footnotes":""},"class_list":["post-201479","page","type-page","status-publish","hentry"],"_links":{"self":[{"href":"https:\/\/masachs.com\/ca\/wp-json\/wp\/v2\/pages\/201479"}],"collection":[{"href":"https:\/\/masachs.com\/ca\/wp-json\/wp\/v2\/pages"}],"about":[{"href":"https:\/\/masachs.com\/ca\/wp-json\/wp\/v2\/types\/page"}],"author":[{"embeddable":true,"href":"https:\/\/masachs.com\/ca\/wp-json\/wp\/v2\/users\/77"}],"replies":[{"embeddable":true,"href":"https:\/\/masachs.com\/ca\/wp-json\/wp\/v2\/comments?post=201479"}],"version-history":[{"count":2,"href":"https:\/\/masachs.com\/ca\/wp-json\/wp\/v2\/pages\/201479\/revisions"}],"predecessor-version":[{"id":400527,"href":"https:\/\/masachs.com\/ca\/wp-json\/wp\/v2\/pages\/201479\/revisions\/400527"}],"wp:attachment":[{"href":"https:\/\/masachs.com\/ca\/wp-json\/wp\/v2\/media?parent=201479"}],"curies":[{"name":"wp","href":"https:\/\/api.w.org\/{rel}","templated":true}]}}