{"id":201474,"date":"2022-07-28T09:49:00","date_gmt":"2022-07-28T07:49:00","guid":{"rendered":"https:\/\/masachs.com\/naus-industrials-a-rubi"},"modified":"2025-10-03T11:28:47","modified_gmt":"2025-10-03T09:28:47","slug":"naus-industrials-a-rubi","status":"publish","type":"page","link":"https:\/\/masachs.com\/ca\/naus-industrials-a-rubi","title":{"rendered":"Naus industrials a Rub\u00ed"},"content":{"rendered":"<h3>Venda de Naus Industrials a <strong>Rub\u00ed<\/strong>: Oportunitats Estrat\u00e8giques per al teu Negoci<\/h3>\n<p>Descobreix la nostra exclusiva selecci\u00f3 de naus industrials a <strong>Rub\u00ed<\/strong>, una localitat amb una ubicaci\u00f3 estrat\u00e8gica que la converteix en un punt neur\u00e0lgic per al desenvolupament empresarial. Situada a nom\u00e9s 20 minuts de <strong>Barcelona<\/strong>, <strong>Rub\u00ed<\/strong> ofereix un acc\u00e9s immillorable a les principals vies de comunicaci\u00f3, com l&#8217;<strong>AP-7<\/strong> i la <strong>C-58<\/strong>, facilitant la connexi\u00f3 amb municipis ve\u00efns com <strong>Sant Cugat del Vall\u00e8s<\/strong> i <strong>Terrassa<\/strong>.<\/p>\n<p>Les nostres naus industrials estan ubicades en zones properes a barris consolidats i \u00e0rees de creixement elevat, la qual cosa garanteix una excel\u00b7lent visibilitat i accessibilitat per a les teves operacions. Amb una infraestructura moderna i adaptable a diverses necessitats, aquestes propietats s\u00f3n ideals per a empreses que busquen expandir la seva pres\u00e8ncia en un entorn din\u00e0mic i competitiu.<\/p>\n<p><strong>No perdis l&#8217;oportunitat d&#8217;invertir en un espai que potenciar\u00e0 el creixement del teu negoci. Contacta&#8217;ns per a m\u00e9s informaci\u00f3 sobre les nostres naus industrials a Rub\u00ed!<\/strong><\/p>\n","protected":false},"excerpt":{"rendered":"<p>Venda de Naus Industrials a Rub\u00ed: Oportunitats Estrat\u00e8giques per al teu Negoci Descobreix la nostra exclusiva selecci\u00f3 de naus industrials a Rub\u00ed, una localitat amb una ubicaci\u00f3 estrat\u00e8gica que la converteix en un punt neur\u00e0lgic per al desenvolupament empresarial. Situada a nom\u00e9s 20 minuts de Barcelona, Rub\u00ed ofereix un acc\u00e9s immillorable a les principals vies de comunicaci\u00f3, com l&#8217;AP-7 i la C-58, facilitant la &#8230;<\/p>\n","protected":false},"author":77,"featured_media":0,"parent":0,"menu_order":0,"comment_status":"closed","ping_status":"closed","template":"property_list_half.php","meta":{"footnotes":""},"class_list":["post-201474","page","type-page","status-publish","hentry"],"_links":{"self":[{"href":"https:\/\/masachs.com\/ca\/wp-json\/wp\/v2\/pages\/201474"}],"collection":[{"href":"https:\/\/masachs.com\/ca\/wp-json\/wp\/v2\/pages"}],"about":[{"href":"https:\/\/masachs.com\/ca\/wp-json\/wp\/v2\/types\/page"}],"author":[{"embeddable":true,"href":"https:\/\/masachs.com\/ca\/wp-json\/wp\/v2\/users\/77"}],"replies":[{"embeddable":true,"href":"https:\/\/masachs.com\/ca\/wp-json\/wp\/v2\/comments?post=201474"}],"version-history":[{"count":2,"href":"https:\/\/masachs.com\/ca\/wp-json\/wp\/v2\/pages\/201474\/revisions"}],"predecessor-version":[{"id":400525,"href":"https:\/\/masachs.com\/ca\/wp-json\/wp\/v2\/pages\/201474\/revisions\/400525"}],"wp:attachment":[{"href":"https:\/\/masachs.com\/ca\/wp-json\/wp\/v2\/media?parent=201474"}],"curies":[{"name":"wp","href":"https:\/\/api.w.org\/{rel}","templated":true}]}}