{"id":201462,"date":"2022-07-28T09:41:57","date_gmt":"2022-07-28T07:41:57","guid":{"rendered":"https:\/\/masachs.com\/naus-industrials-a-barbera-del-valles"},"modified":"2025-10-03T11:27:59","modified_gmt":"2025-10-03T09:27:59","slug":"naus-industrials-a-barbera-del-valles","status":"publish","type":"page","link":"https:\/\/masachs.com\/ca\/naus-industrials-a-barbera-del-valles","title":{"rendered":"Naus industrials a Barber\u00e0 del Vall\u00e8s"},"content":{"rendered":"<h3>Venda de Naus Industrials a <strong>Barber\u00e0 del Vall\u00e8s<\/strong>: Oportunitats Estrat\u00e8giques per al teu Negoci<\/h3>\n<p>Descobreix la nostra exclusiva selecci\u00f3 de naus industrials a <strong>Barber\u00e0 del Vall\u00e8s<\/strong>, una localitat amb una ubicaci\u00f3 estrat\u00e8gica que la converteix en un punt neur\u00e0lgic per al desenvolupament empresarial. Situades a pocs minuts de l&#8217;<strong>AP-7<\/strong> i la <strong>C-58<\/strong>, aquestes naus ofereixen un acc\u00e9s immillorable a les principals vies de comunicaci\u00f3, facilitant la log\u00edstica i el transport de mercaderies.<\/p>\n<p><strong>Barber\u00e0 del Vall\u00e8s<\/strong> es troba a la proximitat d&#8217;importants municipis com <strong>Sabadell<\/strong> i <strong>Terrassa<\/strong>, la qual cosa amplia les oportunitats de col\u00b7laboraci\u00f3 i acc\u00e9s a un mercat divers. A m\u00e9s, la seva proximitat a barris com el de <strong>Can Llong<\/strong> i el <strong>Pol\u00edgon Industrial de Barber\u00e0<\/strong>, garanteix un entorn din\u00e0mic i en constant creixement.<\/p>\n<p><strong>No perdis l&#8217;oportunitat d&#8217;establir la teva empresa en una de les zones industrials m\u00e9s prometedores de la comarca. Les nostres naus han estat seleccionades per adaptar-se a les necessitats del teu negoci, oferint espais amplis i vers\u00e0tils en un entorn que fomenta el creixement i la innovaci\u00f3. Contacta&#8217;ns per a m\u00e9s informaci\u00f3 i assegura el teu futur a Barber\u00e0 del Vall\u00e8s!<\/strong><\/p>\n","protected":false},"excerpt":{"rendered":"<p>Venda de Naus Industrials a Barber\u00e0 del Vall\u00e8s: Oportunitats Estrat\u00e8giques per al teu Negoci Descobreix la nostra exclusiva selecci\u00f3 de naus industrials a Barber\u00e0 del Vall\u00e8s, una localitat amb una ubicaci\u00f3 estrat\u00e8gica que la converteix en un punt neur\u00e0lgic per al desenvolupament empresarial. Situades a pocs minuts de l&#8217;AP-7 i la C-58, aquestes naus ofereixen un acc\u00e9s immillorable a les principals vies de comunicaci\u00f3, &#8230;<\/p>\n","protected":false},"author":77,"featured_media":0,"parent":0,"menu_order":0,"comment_status":"closed","ping_status":"closed","template":"property_list_half.php","meta":{"footnotes":""},"class_list":["post-201462","page","type-page","status-publish","hentry"],"_links":{"self":[{"href":"https:\/\/masachs.com\/ca\/wp-json\/wp\/v2\/pages\/201462"}],"collection":[{"href":"https:\/\/masachs.com\/ca\/wp-json\/wp\/v2\/pages"}],"about":[{"href":"https:\/\/masachs.com\/ca\/wp-json\/wp\/v2\/types\/page"}],"author":[{"embeddable":true,"href":"https:\/\/masachs.com\/ca\/wp-json\/wp\/v2\/users\/77"}],"replies":[{"embeddable":true,"href":"https:\/\/masachs.com\/ca\/wp-json\/wp\/v2\/comments?post=201462"}],"version-history":[{"count":2,"href":"https:\/\/masachs.com\/ca\/wp-json\/wp\/v2\/pages\/201462\/revisions"}],"predecessor-version":[{"id":400520,"href":"https:\/\/masachs.com\/ca\/wp-json\/wp\/v2\/pages\/201462\/revisions\/400520"}],"wp:attachment":[{"href":"https:\/\/masachs.com\/ca\/wp-json\/wp\/v2\/media?parent=201462"}],"curies":[{"name":"wp","href":"https:\/\/api.w.org\/{rel}","templated":true}]}}