{"id":201454,"date":"2022-07-28T09:36:20","date_gmt":"2022-07-28T07:36:20","guid":{"rendered":"https:\/\/masachs.com\/naus-industrials-a-sabadell"},"modified":"2025-10-03T11:28:55","modified_gmt":"2025-10-03T09:28:55","slug":"naus-industrials-a-sabadell","status":"publish","type":"page","link":"https:\/\/masachs.com\/ca\/naus-industrials-a-sabadell","title":{"rendered":"Naus industrials a Sabadell"},"content":{"rendered":"<h3>Venda de Naus Industrials a <strong>Sabadell<\/strong>: Oportunitats Estrat\u00e8giques per al teu Negoci<\/h3>\n<p>Descobreix la nostra exclusiva selecci\u00f3 de naus industrials a <strong>Sabadell<\/strong>, una localitat amb una ubicaci\u00f3 estrat\u00e8gica que la converteix en un punt neur\u00e0lgic per al desenvolupament empresarial. Situada a nom\u00e9s 20 quil\u00f2metres de <strong>Barcelona<\/strong>, <strong>Sabadell<\/strong> ofereix un acc\u00e9s immillorable a les principals vies de comunicaci\u00f3, com l&#8217;<strong>AP-7<\/strong> i la <strong>C-58<\/strong>, facilitant la connexi\u00f3 amb altres ciutats clau de la regi\u00f3.<\/p>\n<p>Les nostres naus estan ubicades en zones industrials consolidades, properes a barris com <strong>Can Roqueta<\/strong> i el <strong>Pol\u00edgon Industrial de Can Feu<\/strong>, aix\u00ed com a municipis ve\u00efns com <strong>Terrassa<\/strong> i <strong>Barber\u00e0 del Vall\u00e8s<\/strong>. Aquesta proximitat no nom\u00e9s garanteix un entorn din\u00e0mic i col\u00b7laboratiu, sin\u00f3 que tamb\u00e9 proporciona un acc\u00e9s r\u00e0pid a una \u00e0mplia xarxa de serveis i recursos.<\/p>\n<p>Aprofita aquesta oportunitat \u00fanica d&#8217;adquirir un espai que no nom\u00e9s compleix amb les teves necessitats operatives, sin\u00f3 que tamb\u00e9 potencia la visibilitat i el creixement de la teva empresa en una \u00e0rea en constant evoluci\u00f3. <strong>Contacta&#8217;ns per a m\u00e9s informaci\u00f3 i dona el seg\u00fcent pas cap a l&#8217;\u00e8xit empresarial a Sabadell!<\/strong><\/p>\n","protected":false},"excerpt":{"rendered":"<p>Venda de Naus Industrials a Sabadell: Oportunitats Estrat\u00e8giques per al teu Negoci Descobreix la nostra exclusiva selecci\u00f3 de naus industrials a Sabadell, una localitat amb una ubicaci\u00f3 estrat\u00e8gica que la converteix en un punt neur\u00e0lgic per al desenvolupament empresarial. Situada a nom\u00e9s 20 quil\u00f2metres de Barcelona, Sabadell ofereix un acc\u00e9s immillorable a les principals vies de comunicaci\u00f3, com l&#8217;AP-7 i la C-58, facilitant la &#8230;<\/p>\n","protected":false},"author":77,"featured_media":0,"parent":0,"menu_order":0,"comment_status":"closed","ping_status":"closed","template":"property_list_half.php","meta":{"footnotes":""},"class_list":["post-201454","page","type-page","status-publish","hentry"],"_links":{"self":[{"href":"https:\/\/masachs.com\/ca\/wp-json\/wp\/v2\/pages\/201454"}],"collection":[{"href":"https:\/\/masachs.com\/ca\/wp-json\/wp\/v2\/pages"}],"about":[{"href":"https:\/\/masachs.com\/ca\/wp-json\/wp\/v2\/types\/page"}],"author":[{"embeddable":true,"href":"https:\/\/masachs.com\/ca\/wp-json\/wp\/v2\/users\/77"}],"replies":[{"embeddable":true,"href":"https:\/\/masachs.com\/ca\/wp-json\/wp\/v2\/comments?post=201454"}],"version-history":[{"count":2,"href":"https:\/\/masachs.com\/ca\/wp-json\/wp\/v2\/pages\/201454\/revisions"}],"predecessor-version":[{"id":400526,"href":"https:\/\/masachs.com\/ca\/wp-json\/wp\/v2\/pages\/201454\/revisions\/400526"}],"wp:attachment":[{"href":"https:\/\/masachs.com\/ca\/wp-json\/wp\/v2\/media?parent=201454"}],"curies":[{"name":"wp","href":"https:\/\/api.w.org\/{rel}","templated":true}]}}