{"id":201449,"date":"2022-07-28T09:33:36","date_gmt":"2022-07-28T07:33:36","guid":{"rendered":"https:\/\/masachs.com\/naus-industrials-a-terrassa"},"modified":"2025-10-28T10:26:37","modified_gmt":"2025-10-28T09:26:37","slug":"naus-industrials-a-terrassa","status":"publish","type":"page","link":"https:\/\/masachs.com\/ca\/naus-industrials-a-terrassa","title":{"rendered":"Naus industrials a Terrassa"},"content":{"rendered":"<h3>Venda de Naus Industrials a <strong>Terrassa<\/strong>: Oportunitats Estrat\u00e8giques per al teu Negoci<\/h3>\n<p>Descobreix la nostra exclusiva selecci\u00f3 de naus industrials a <strong>Terrassa<\/strong>, una localitat amb una ubicaci\u00f3 estrat\u00e8gica que la converteix en un punt neur\u00e0lgic per al desenvolupament empresarial. Situada a nom\u00e9s 30 quil\u00f2metres de <strong>Barcelona<\/strong>, <strong>Terrassa<\/strong> ofereix un acc\u00e9s immillorable a les principals vies de comunicaci\u00f3, com la <strong>C-58<\/strong> i l&#8217;<strong>AP-7<\/strong>, facilitant la connexi\u00f3 amb importants municipis ve\u00efns com <strong>Sabadell<\/strong> i <strong>Matadepera<\/strong>.<\/p>\n<p>Les nostres naus industrials estan ubicades en zones properes a barris en ple creixement, la qual cosa garanteix un entorn din\u00e0mic i propici per al desenvolupament de la teva activitat. Amb una infraestructura moderna i serveis de qualitat, aquestes propietats s\u00f3n ideals per a empreses que busquen maximitzar el seu potencial en una \u00e0rea amb un alt flux comercial i log\u00edstic.<\/p>\n<p><strong>No perdis l&#8217;oportunitat d&#8217;establir el teu negoci en una de les localitats m\u00e9s prometedores de la comarca. Contacta&#8217;ns per a m\u00e9s informaci\u00f3 sobre les nostres naus industrials en venda a Terrassa i dona el seg\u00fcent pas cap a l&#8217;\u00e8xit empresarial!<\/strong><\/p>\n","protected":false},"excerpt":{"rendered":"<p>Venda de Naus Industrials a Terrassa: Oportunitats Estrat\u00e8giques per al teu Negoci Descobreix la nostra exclusiva selecci\u00f3 de naus industrials a Terrassa, una localitat amb una ubicaci\u00f3 estrat\u00e8gica que la converteix en un punt neur\u00e0lgic per al desenvolupament empresarial. Situada a nom\u00e9s 30 quil\u00f2metres de Barcelona, Terrassa ofereix un acc\u00e9s immillorable a les principals vies de comunicaci\u00f3, com la C-58 i l&#8217;AP-7, facilitant la &#8230;<\/p>\n","protected":false},"author":77,"featured_media":0,"parent":0,"menu_order":0,"comment_status":"closed","ping_status":"closed","template":"property_list_half.php","meta":{"footnotes":""},"class_list":["post-201449","page","type-page","status-publish","hentry"],"_links":{"self":[{"href":"https:\/\/masachs.com\/ca\/wp-json\/wp\/v2\/pages\/201449"}],"collection":[{"href":"https:\/\/masachs.com\/ca\/wp-json\/wp\/v2\/pages"}],"about":[{"href":"https:\/\/masachs.com\/ca\/wp-json\/wp\/v2\/types\/page"}],"author":[{"embeddable":true,"href":"https:\/\/masachs.com\/ca\/wp-json\/wp\/v2\/users\/77"}],"replies":[{"embeddable":true,"href":"https:\/\/masachs.com\/ca\/wp-json\/wp\/v2\/comments?post=201449"}],"version-history":[{"count":2,"href":"https:\/\/masachs.com\/ca\/wp-json\/wp\/v2\/pages\/201449\/revisions"}],"predecessor-version":[{"id":400528,"href":"https:\/\/masachs.com\/ca\/wp-json\/wp\/v2\/pages\/201449\/revisions\/400528"}],"wp:attachment":[{"href":"https:\/\/masachs.com\/ca\/wp-json\/wp\/v2\/media?parent=201449"}],"curies":[{"name":"wp","href":"https:\/\/api.w.org\/{rel}","templated":true}]}}