{"id":200596,"date":"2022-07-06T14:50:56","date_gmt":"2022-07-06T12:50:56","guid":{"rendered":"https:\/\/masachs.com\/naus-de-lloger-a-sant-vicenc-dels-horts"},"modified":"2025-10-03T11:10:34","modified_gmt":"2025-10-03T09:10:34","slug":"naus-de-lloger-a-sant-vicenc-dels-horts","status":"publish","type":"page","link":"https:\/\/masachs.com\/ca\/naus-de-lloger-a-sant-vicenc-dels-horts","title":{"rendered":"Naus de lloger a Sant Vicen\u00e7 dels Horts"},"content":{"rendered":"<h3>Lloguer de Naus Industrials a <strong>Sant Vicent dels Horts<\/strong><\/h3>\n<p>Descobreix una \u00e0mplia selecci\u00f3 de naus industrials en lloguer a <strong>Sant Vicent dels Horts<\/strong>, una localitat estrat\u00e8gica situada al cor de l&#8217;\u00e0rea metropolitana de <strong>Barcelona<\/strong>. Aquest municipi es beneficia de la seva proximitat a importants vies de comunicaci\u00f3, com l&#8217;<strong>A-2<\/strong> i la <strong>C-58<\/strong>, que faciliten l&#8217;acc\u00e9s a la capital catalana i a altres localitats clau de la regi\u00f3.<\/p>\n<p>Situat a pocs minuts de barris com <strong>Can Cuy\u00e0s<\/strong> i <strong>La Granja<\/strong>, aix\u00ed com de municipis ve\u00efns com <strong>Pallej\u00e0<\/strong> i <strong>Molins de Rei<\/strong>, <strong>Sant Vicent dels Horts<\/strong> ofereix un entorn ideal per a empreses que busquen un espai log\u00edstic eficient i ben connectat. La zona compta amb una infraestructura s\u00f2lida i serveis de qualitat, la qual cosa la converteix en un punt atractiu per al desenvolupament de negocis.<\/p>\n<p><strong>No perdis l&#8217;oportunitat d&#8217;establir la teva empresa en un lloc amb un gran potencial de creixement. Explora les nostres opcions de naus industrials en lloguer i troba l&#8217;espai perfecte per impulsar la teva activitat.<\/strong><\/p>\n","protected":false},"excerpt":{"rendered":"<p>Lloguer de Naus Industrials a Sant Vicent dels Horts Descobreix una \u00e0mplia selecci\u00f3 de naus industrials en lloguer a Sant Vicent dels Horts, una localitat estrat\u00e8gica situada al cor de l&#8217;\u00e0rea metropolitana de Barcelona. Aquest municipi es beneficia de la seva proximitat a importants vies de comunicaci\u00f3, com l&#8217;A-2 i la C-58, que faciliten l&#8217;acc\u00e9s a la capital catalana i a altres localitats clau &#8230;<\/p>\n","protected":false},"author":77,"featured_media":0,"parent":0,"menu_order":0,"comment_status":"closed","ping_status":"closed","template":"property_list_half.php","meta":{"footnotes":""},"class_list":["post-200596","page","type-page","status-publish","hentry"],"_links":{"self":[{"href":"https:\/\/masachs.com\/ca\/wp-json\/wp\/v2\/pages\/200596"}],"collection":[{"href":"https:\/\/masachs.com\/ca\/wp-json\/wp\/v2\/pages"}],"about":[{"href":"https:\/\/masachs.com\/ca\/wp-json\/wp\/v2\/types\/page"}],"author":[{"embeddable":true,"href":"https:\/\/masachs.com\/ca\/wp-json\/wp\/v2\/users\/77"}],"replies":[{"embeddable":true,"href":"https:\/\/masachs.com\/ca\/wp-json\/wp\/v2\/comments?post=200596"}],"version-history":[{"count":1,"href":"https:\/\/masachs.com\/ca\/wp-json\/wp\/v2\/pages\/200596\/revisions"}],"predecessor-version":[{"id":400487,"href":"https:\/\/masachs.com\/ca\/wp-json\/wp\/v2\/pages\/200596\/revisions\/400487"}],"wp:attachment":[{"href":"https:\/\/masachs.com\/ca\/wp-json\/wp\/v2\/media?parent=200596"}],"curies":[{"name":"wp","href":"https:\/\/api.w.org\/{rel}","templated":true}]}}