{"id":200592,"date":"2022-07-06T14:48:19","date_gmt":"2022-07-06T12:48:19","guid":{"rendered":"https:\/\/masachs.com\/naus-de-lloger-a-esparreguera"},"modified":"2025-10-03T11:09:49","modified_gmt":"2025-10-03T09:09:49","slug":"naus-de-lloger-a-esparreguera","status":"publish","type":"page","link":"https:\/\/masachs.com\/ca\/naus-de-lloger-a-esparreguera","title":{"rendered":"Naus de lloger a Esparreguera"},"content":{"rendered":"<h3>Lloguer de Naus Industrials a <strong>Esparreguera<\/strong><\/h3>\n<p>Descobreix la nostra exclusiva selecci\u00f3 de naus industrials en lloguer a <strong>Esparreguera<\/strong>, una localitat amb una ubicaci\u00f3 estrat\u00e8gica que la converteix en un punt clau per al desenvolupament empresarial. Situada a pocs minuts de l&#8217;<strong>Autovia A-2<\/strong> i la <strong>C-58<\/strong>, <strong>Esparreguera<\/strong> ofereix un acc\u00e9s immillorable a les principals ciutats de la comarca, com <strong>Martorell<\/strong> i <strong>Igualada<\/strong>, aix\u00ed com a la metr\u00f2polis de <strong>Barcelona<\/strong>.<\/p>\n<p>Aquest municipi, envoltat de barris en creixement i amb una infraestructura ben desenvolupada, \u00e9s ideal per a empreses que busquen un entorn din\u00e0mic i competitiu. La proximitat a importants vies de comunicaci\u00f3 i la seva connexi\u00f3 amb el transport p\u00fablic faciliten la log\u00edstica i el moviment de mercaderies, la qual cosa es tradueix en un avantatge significatiu per al teu negoci.<\/p>\n<p><strong>No perdis l&#8217;oportunitat d&#8217;establir-te a Esparreguera, on la combinaci\u00f3 d&#8217;espais industrials en lloguer i una ubicaci\u00f3 privilegiada et permetr\u00e0 impulsar la teva empresa cap a l&#8217;\u00e8xit. Contacta&#8217;ns per a m\u00e9s informaci\u00f3 i troba l&#8217;espai perfecte per a les teves necessitats!<\/strong><\/p>\n","protected":false},"excerpt":{"rendered":"<p>Lloguer de Naus Industrials a Esparreguera Descobreix la nostra exclusiva selecci\u00f3 de naus industrials en lloguer a Esparreguera, una localitat amb una ubicaci\u00f3 estrat\u00e8gica que la converteix en un punt clau per al desenvolupament empresarial. Situada a pocs minuts de l&#8217;Autovia A-2 i la C-58, Esparreguera ofereix un acc\u00e9s immillorable a les principals ciutats de la comarca, com Martorell i Igualada, aix\u00ed com a &#8230;<\/p>\n","protected":false},"author":77,"featured_media":0,"parent":0,"menu_order":0,"comment_status":"closed","ping_status":"closed","template":"property_list_half.php","meta":{"footnotes":""},"class_list":["post-200592","page","type-page","status-publish","hentry"],"_links":{"self":[{"href":"https:\/\/masachs.com\/ca\/wp-json\/wp\/v2\/pages\/200592"}],"collection":[{"href":"https:\/\/masachs.com\/ca\/wp-json\/wp\/v2\/pages"}],"about":[{"href":"https:\/\/masachs.com\/ca\/wp-json\/wp\/v2\/types\/page"}],"author":[{"embeddable":true,"href":"https:\/\/masachs.com\/ca\/wp-json\/wp\/v2\/users\/77"}],"replies":[{"embeddable":true,"href":"https:\/\/masachs.com\/ca\/wp-json\/wp\/v2\/comments?post=200592"}],"version-history":[{"count":1,"href":"https:\/\/masachs.com\/ca\/wp-json\/wp\/v2\/pages\/200592\/revisions"}],"predecessor-version":[{"id":400483,"href":"https:\/\/masachs.com\/ca\/wp-json\/wp\/v2\/pages\/200592\/revisions\/400483"}],"wp:attachment":[{"href":"https:\/\/masachs.com\/ca\/wp-json\/wp\/v2\/media?parent=200592"}],"curies":[{"name":"wp","href":"https:\/\/api.w.org\/{rel}","templated":true}]}}