{"id":200585,"date":"2022-07-06T14:44:07","date_gmt":"2022-07-06T12:44:07","guid":{"rendered":"https:\/\/masachs.com\/naus-de-lloger-a-el-papiol"},"modified":"2025-10-03T11:09:39","modified_gmt":"2025-10-03T09:09:39","slug":"naus-de-lloger-a-el-papiol","status":"publish","type":"page","link":"https:\/\/masachs.com\/ca\/naus-de-lloger-a-el-papiol","title":{"rendered":"Naus de lloger a El Papiol"},"content":{"rendered":"<h3>Lloguer de Naus Industrials a <strong>Papiol<\/strong><\/h3>\n<p>Descobreix la nostra exclusiva selecci\u00f3 de naus industrials a <strong>Papiol<\/strong>, una localitat amb una ubicaci\u00f3 estrat\u00e8gica que la converteix en un punt neur\u00e0lgic per al desenvolupament empresarial. Situada a pocs minuts d&#8217;importants vies de comunicaci\u00f3 com l&#8217;<strong>AP-7<\/strong> i la <strong>C-58<\/strong>, <strong>Papiol<\/strong> ofereix un acc\u00e9s immillorable a <strong>Barcelona<\/strong> i a altres localitats properes com <strong>Rub\u00ed<\/strong>, <strong>Sant Cugat del Vall\u00e8s<\/strong> i <strong>Terrassa<\/strong>.<\/p>\n<p>Les nostres naus han estat seleccionades per satisfer les necessitats d&#8217;empreses de diversos sectors, amb espais amplis i flexibles que s&#8217;adapten als teus requisits. A m\u00e9s, la proximitat a barris com <strong>La Floresta<\/strong> i <strong>Can Vilalba<\/strong>, aix\u00ed com a centres log\u00edstics i comercials, garanteix un entorn din\u00e0mic i en constant creixement.<\/p>\n<p><strong>No perdis l&#8217;oportunitat d&#8217;establir el teu negoci en una de les zones m\u00e9s prometedores de l&#8217;\u00e0rea metropolitana. Lloga avui mateix la teva nau industrial a Papiol i aprofita tots els avantatges que aquesta ubicaci\u00f3 estrat\u00e8gica t\u00e9 per oferir.<\/strong><\/p>\n","protected":false},"excerpt":{"rendered":"<p>Lloguer de Naus Industrials a Papiol Descobreix la nostra exclusiva selecci\u00f3 de naus industrials a Papiol, una localitat amb una ubicaci\u00f3 estrat\u00e8gica que la converteix en un punt neur\u00e0lgic per al desenvolupament empresarial. Situada a pocs minuts d&#8217;importants vies de comunicaci\u00f3 com l&#8217;AP-7 i la C-58, Papiol ofereix un acc\u00e9s immillorable a Barcelona i a altres localitats properes com Rub\u00ed, Sant Cugat del Vall\u00e8s &#8230;<\/p>\n","protected":false},"author":77,"featured_media":0,"parent":0,"menu_order":0,"comment_status":"closed","ping_status":"closed","template":"property_list_half.php","meta":{"footnotes":""},"class_list":["post-200585","page","type-page","status-publish","hentry"],"_links":{"self":[{"href":"https:\/\/masachs.com\/ca\/wp-json\/wp\/v2\/pages\/200585"}],"collection":[{"href":"https:\/\/masachs.com\/ca\/wp-json\/wp\/v2\/pages"}],"about":[{"href":"https:\/\/masachs.com\/ca\/wp-json\/wp\/v2\/types\/page"}],"author":[{"embeddable":true,"href":"https:\/\/masachs.com\/ca\/wp-json\/wp\/v2\/users\/77"}],"replies":[{"embeddable":true,"href":"https:\/\/masachs.com\/ca\/wp-json\/wp\/v2\/comments?post=200585"}],"version-history":[{"count":1,"href":"https:\/\/masachs.com\/ca\/wp-json\/wp\/v2\/pages\/200585\/revisions"}],"predecessor-version":[{"id":400482,"href":"https:\/\/masachs.com\/ca\/wp-json\/wp\/v2\/pages\/200585\/revisions\/400482"}],"wp:attachment":[{"href":"https:\/\/masachs.com\/ca\/wp-json\/wp\/v2\/media?parent=200585"}],"curies":[{"name":"wp","href":"https:\/\/api.w.org\/{rel}","templated":true}]}}