{"id":200581,"date":"2022-07-06T14:41:07","date_gmt":"2022-07-06T12:41:07","guid":{"rendered":"https:\/\/masachs.com\/naus-de-lloger-a-sant-andreu-de-la-barca"},"modified":"2025-10-03T11:10:22","modified_gmt":"2025-10-03T09:10:22","slug":"naus-de-lloger-a-sant-andreu-de-la-barca","status":"publish","type":"page","link":"https:\/\/masachs.com\/ca\/naus-de-lloger-a-sant-andreu-de-la-barca","title":{"rendered":"Naus de lloger a Sant Andreu de la Barca"},"content":{"rendered":"<h3>Lloguer de Naus Industrials a <strong>Sant Andreu de la Barca<\/strong><\/h3>\n<p>Descobreix una \u00e0mplia selecci\u00f3 de naus industrials en lloguer a <strong>Sant Andreu de la Barca<\/strong>, una localitat estrat\u00e8gica situada a nom\u00e9s 20 quil\u00f2metres de <strong>Barcelona<\/strong>. Aquest municipi es beneficia d&#8217;una ubicaci\u00f3 privilegiada, amb acc\u00e9s directe a importants vies de comunicaci\u00f3 com l&#8217;<strong>AP-7<\/strong> i l&#8217;<strong>A-2<\/strong>, facilitant la connexi\u00f3 amb altres ciutats clau de la regi\u00f3.<\/p>\n<p><strong>Sant Andreu de la Barca<\/strong> es troba a prop de barris industrials en expansi\u00f3 i municipis ve\u00efns com <strong>Martorell<\/strong> i <strong>Pallej\u00e0<\/strong>, la qual cosa el converteix en un punt neur\u00e0lgic per a empreses que busquen optimitzar la seva log\u00edstica i distribuci\u00f3. La proximitat a l&#8217;estaci\u00f3 de tren i a diverses parades d&#8217;autob\u00fas assegura un excel\u00b7lent transport tant per a empleats com per a clients.<\/p>\n<p>No perdis l&#8217;oportunitat d&#8217;establir el teu negoci en una zona amb un gran potencial de creixement i connectivitat. <strong>Explora les nostres opcions de lloguer i troba l&#8217;espai ideal per impulsar la teva empresa a Sant Andreu de la Barca.<\/strong><\/p>\n","protected":false},"excerpt":{"rendered":"<p>Lloguer de Naus Industrials a Sant Andreu de la Barca Descobreix una \u00e0mplia selecci\u00f3 de naus industrials en lloguer a Sant Andreu de la Barca, una localitat estrat\u00e8gica situada a nom\u00e9s 20 quil\u00f2metres de Barcelona. Aquest municipi es beneficia d&#8217;una ubicaci\u00f3 privilegiada, amb acc\u00e9s directe a importants vies de comunicaci\u00f3 com l&#8217;AP-7 i l&#8217;A-2, facilitant la connexi\u00f3 amb altres ciutats clau de la regi\u00f3. &#8230;<\/p>\n","protected":false},"author":77,"featured_media":0,"parent":0,"menu_order":0,"comment_status":"closed","ping_status":"closed","template":"property_list_half.php","meta":{"footnotes":""},"class_list":["post-200581","page","type-page","status-publish","hentry"],"_links":{"self":[{"href":"https:\/\/masachs.com\/ca\/wp-json\/wp\/v2\/pages\/200581"}],"collection":[{"href":"https:\/\/masachs.com\/ca\/wp-json\/wp\/v2\/pages"}],"about":[{"href":"https:\/\/masachs.com\/ca\/wp-json\/wp\/v2\/types\/page"}],"author":[{"embeddable":true,"href":"https:\/\/masachs.com\/ca\/wp-json\/wp\/v2\/users\/77"}],"replies":[{"embeddable":true,"href":"https:\/\/masachs.com\/ca\/wp-json\/wp\/v2\/comments?post=200581"}],"version-history":[{"count":1,"href":"https:\/\/masachs.com\/ca\/wp-json\/wp\/v2\/pages\/200581\/revisions"}],"predecessor-version":[{"id":400486,"href":"https:\/\/masachs.com\/ca\/wp-json\/wp\/v2\/pages\/200581\/revisions\/400486"}],"wp:attachment":[{"href":"https:\/\/masachs.com\/ca\/wp-json\/wp\/v2\/media?parent=200581"}],"curies":[{"name":"wp","href":"https:\/\/api.w.org\/{rel}","templated":true}]}}