{"id":200577,"date":"2022-07-06T14:39:11","date_gmt":"2022-07-06T12:39:11","guid":{"rendered":"https:\/\/masachs.com\/naus-de-lloger-a-badalona"},"modified":"2022-07-06T14:39:11","modified_gmt":"2022-07-06T12:39:11","slug":"naus-de-lloger-a-badalona","status":"publish","type":"page","link":"https:\/\/masachs.com\/ca\/naus-de-lloger-a-badalona","title":{"rendered":"Naus de lloger a Badalona"},"content":{"rendered":"<h3>Lloguer de Naus Industrials a <strong>Badalona<\/strong>: Oportunitats Estrat\u00e8giques per al teu Negoci<\/h3>\n<p>Descobreix la nostra exclusiva selecci\u00f3 de naus industrials en lloguer a <strong>Badalona<\/strong>, una localitat amb una ubicaci\u00f3 estrat\u00e8gica que la converteix en un punt neur\u00e0lgic per al desenvolupament empresarial. Situada a nom\u00e9s 10 quil\u00f2metres de <strong>Barcelona<\/strong>, <strong>Badalona<\/strong> ofereix un acc\u00e9s immillorable a les principals vies de comunicaci\u00f3, incloent l&#8217;autopista <strong>C-31<\/strong> i la <strong>N-250<\/strong>, facilitant la connexi\u00f3 amb l&#8217;\u00e0rea metropolitana i altres localitats properes com <strong>Sant Adri\u00e0 de Bes\u00f2s<\/strong> i <strong>Montgat<\/strong>.<\/p>\n<p>Les nostres naus estan ubicades en barris industrials clau, que compten amb una infraestructura adequada per satisfer les necessitats de diverses activitats comercials i industrials. La proximitat al <strong>port de Badalona<\/strong> i a la xarxa de transport p\u00fablic, incloent estacions de metro i autobusos, afegeix un valor significatiu per a empreses que busquen optimitzar la seva log\u00edstica i mobilitat.<\/p>\n<p><strong>No perdis l&#8217;oportunitat d&#8217;establir el teu negoci en una de les zones amb m\u00e9s potencial de creixement. Explora les nostres opcions de lloguer i troba l&#8217;espai ideal que s&#8217;adapti a les teves necessitats a Badalona. Contacta&#8217;ns avui mateix per a m\u00e9s informaci\u00f3!<\/strong><\/p>\n","protected":false},"excerpt":{"rendered":"<p>Lloguer de Naus Industrials a Badalona: Oportunitats Estrat\u00e8giques per al teu Negoci Descobreix la nostra exclusiva selecci\u00f3 de naus industrials en lloguer a Badalona, una localitat amb una ubicaci\u00f3 estrat\u00e8gica que la converteix en un punt neur\u00e0lgic per al desenvolupament empresarial. Situada a nom\u00e9s 10 quil\u00f2metres de Barcelona, Badalona ofereix un acc\u00e9s immillorable a les principals vies de comunicaci\u00f3, incloent l&#8217;autopista C-31 i la &#8230;<\/p>\n","protected":false},"author":77,"featured_media":0,"parent":0,"menu_order":0,"comment_status":"closed","ping_status":"closed","template":"property_list_half.php","meta":{"footnotes":""},"class_list":["post-200577","page","type-page","status-publish","hentry"],"_links":{"self":[{"href":"https:\/\/masachs.com\/ca\/wp-json\/wp\/v2\/pages\/200577"}],"collection":[{"href":"https:\/\/masachs.com\/ca\/wp-json\/wp\/v2\/pages"}],"about":[{"href":"https:\/\/masachs.com\/ca\/wp-json\/wp\/v2\/types\/page"}],"author":[{"embeddable":true,"href":"https:\/\/masachs.com\/ca\/wp-json\/wp\/v2\/users\/77"}],"replies":[{"embeddable":true,"href":"https:\/\/masachs.com\/ca\/wp-json\/wp\/v2\/comments?post=200577"}],"version-history":[{"count":0,"href":"https:\/\/masachs.com\/ca\/wp-json\/wp\/v2\/pages\/200577\/revisions"}],"wp:attachment":[{"href":"https:\/\/masachs.com\/ca\/wp-json\/wp\/v2\/media?parent=200577"}],"curies":[{"name":"wp","href":"https:\/\/api.w.org\/{rel}","templated":true}]}}