{"id":200568,"date":"2022-07-06T14:35:16","date_gmt":"2022-07-06T12:35:16","guid":{"rendered":"https:\/\/masachs.com\/naus-de-lloger-a-igualada"},"modified":"2025-10-03T11:09:58","modified_gmt":"2025-10-03T09:09:58","slug":"naus-de-lloger-a-igualada","status":"publish","type":"page","link":"https:\/\/masachs.com\/ca\/naus-de-lloger-a-igualada","title":{"rendered":"Naus de lloger a Igualada"},"content":{"rendered":"<h3>Lloguer de Naus Industrials a <strong>Igualada<\/strong><\/h3>\n<p>Descobreix la nostra exclusiva selecci\u00f3 de naus industrials a <strong>Igualada<\/strong>, una localitat amb una ubicaci\u00f3 estrat\u00e8gica que la converteix en un punt neur\u00e0lgic per al desenvolupament empresarial. Situada a nom\u00e9s 50 km de <strong>Barcelona<\/strong>, <strong>Igualada<\/strong> ofereix un acc\u00e9s immillorable a les principals vies de comunicaci\u00f3, com la <strong>C-37<\/strong> i l&#8217;<strong>A-2<\/strong>, facilitant la log\u00edstica i el transport de mercaderies.<\/p>\n<p>Aquest municipi, conegut pel seu dinamisme industrial, es troba envoltat de barris en creixement i municipis ve\u00efns com <strong>Vilanova del Cam\u00ed<\/strong> i <strong>Santa Margarida de Montbui<\/strong>, la qual cosa potencia encara m\u00e9s el seu atractiu per a empreses de diversos sectors. Les naus disponibles per lloguer han estat seleccionades per satisfer les necessitats del teu negoci, amb espais amplis i adaptables, ideals per a la producci\u00f3, emmagatzematge o distribuci\u00f3.<\/p>\n<p><strong>No perdis l&#8217;oportunitat d&#8217;establir la teva empresa en una ubicaci\u00f3 privilegiada que afavoreix el creixement i la connectivitat. Explora les nostres opcions de lloguer i troba l&#8217;espai perfecte per portar el teu negoci al seg\u00fcent nivell a Igualada.<\/strong><\/p>\n","protected":false},"excerpt":{"rendered":"<p>Lloguer de Naus Industrials a Igualada Descobreix la nostra exclusiva selecci\u00f3 de naus industrials a Igualada, una localitat amb una ubicaci\u00f3 estrat\u00e8gica que la converteix en un punt neur\u00e0lgic per al desenvolupament empresarial. Situada a nom\u00e9s 50 km de Barcelona, Igualada ofereix un acc\u00e9s immillorable a les principals vies de comunicaci\u00f3, com la C-37 i l&#8217;A-2, facilitant la log\u00edstica i el transport de mercaderies. &#8230;<\/p>\n","protected":false},"author":77,"featured_media":0,"parent":0,"menu_order":0,"comment_status":"closed","ping_status":"closed","template":"property_list_half.php","meta":{"footnotes":""},"class_list":["post-200568","page","type-page","status-publish","hentry"],"_links":{"self":[{"href":"https:\/\/masachs.com\/ca\/wp-json\/wp\/v2\/pages\/200568"}],"collection":[{"href":"https:\/\/masachs.com\/ca\/wp-json\/wp\/v2\/pages"}],"about":[{"href":"https:\/\/masachs.com\/ca\/wp-json\/wp\/v2\/types\/page"}],"author":[{"embeddable":true,"href":"https:\/\/masachs.com\/ca\/wp-json\/wp\/v2\/users\/77"}],"replies":[{"embeddable":true,"href":"https:\/\/masachs.com\/ca\/wp-json\/wp\/v2\/comments?post=200568"}],"version-history":[{"count":2,"href":"https:\/\/masachs.com\/ca\/wp-json\/wp\/v2\/pages\/200568\/revisions"}],"predecessor-version":[{"id":400484,"href":"https:\/\/masachs.com\/ca\/wp-json\/wp\/v2\/pages\/200568\/revisions\/400484"}],"wp:attachment":[{"href":"https:\/\/masachs.com\/ca\/wp-json\/wp\/v2\/media?parent=200568"}],"curies":[{"name":"wp","href":"https:\/\/api.w.org\/{rel}","templated":true}]}}