{"id":200555,"date":"2022-07-06T14:23:16","date_gmt":"2022-07-06T12:23:16","guid":{"rendered":"https:\/\/masachs.com\/naus-de-lloger-a-tortosa"},"modified":"2025-10-03T11:10:44","modified_gmt":"2025-10-03T09:10:44","slug":"naus-de-lloger-a-tortosa","status":"publish","type":"page","link":"https:\/\/masachs.com\/ca\/naus-de-lloger-a-tortosa","title":{"rendered":"Naus de lloger a Tortosa"},"content":{"rendered":"<h3>Lloguer de Naus Industrials a <strong>Tortosa<\/strong><\/h3>\n<p>Descobreix la nostra exclusiva selecci\u00f3 de naus industrials en lloguer a <strong>Tortosa<\/strong>, una localitat amb una ubicaci\u00f3 estrat\u00e8gica que la converteix en un punt clau per al desenvolupament empresarial. Situada a la conflu\u00e8ncia d&#8217;importants vies de comunicaci\u00f3, com la <strong>N-340<\/strong> i l&#8217;<strong>AP-7<\/strong>, <strong>Tortosa<\/strong> ofereix un acc\u00e9s immillorable als mercats locals i nacionals.<\/p>\n<p>Aquest municipi, envoltat de barris din\u00e0mics i lim\u00edtrof amb localitats com <strong>Amposta<\/strong> i <strong>Roquetes<\/strong>, proporciona un entorn ideal per a empreses que busquen expandir les seves operacions. La proximitat al <strong>port de Tortosa<\/strong> i a l&#8217;estaci\u00f3 de tren, juntament amb una infraestructura log\u00edstica ben desenvolupada, asseguren una connectivitat eficient per a la distribuci\u00f3 de productes.<\/p>\n<p>Les nostres naus industrials en lloguer han estat seleccionades per satisfer les necessitats de diverses ind\u00fastries, oferint espais amplis i vers\u00e0tils que s&#8217;adapten als teus requeriments. No perdis l&#8217;oportunitat d&#8217;establir el teu negoci en una de les zones m\u00e9s prometedores de <strong>Catalunya<\/strong>. <strong>Contacta&#8217;ns avui i troba l&#8217;espai perfecte per a la teva empresa a Tortosa!<\/strong><\/p>\n","protected":false},"excerpt":{"rendered":"<p>Lloguer de Naus Industrials a Tortosa Descobreix la nostra exclusiva selecci\u00f3 de naus industrials en lloguer a Tortosa, una localitat amb una ubicaci\u00f3 estrat\u00e8gica que la converteix en un punt clau per al desenvolupament empresarial. Situada a la conflu\u00e8ncia d&#8217;importants vies de comunicaci\u00f3, com la N-340 i l&#8217;AP-7, Tortosa ofereix un acc\u00e9s immillorable als mercats locals i nacionals. Aquest municipi, envoltat de barris din\u00e0mics &#8230;<\/p>\n","protected":false},"author":77,"featured_media":0,"parent":0,"menu_order":0,"comment_status":"closed","ping_status":"closed","template":"property_list_half.php","meta":{"footnotes":""},"class_list":["post-200555","page","type-page","status-publish","hentry"],"_links":{"self":[{"href":"https:\/\/masachs.com\/ca\/wp-json\/wp\/v2\/pages\/200555"}],"collection":[{"href":"https:\/\/masachs.com\/ca\/wp-json\/wp\/v2\/pages"}],"about":[{"href":"https:\/\/masachs.com\/ca\/wp-json\/wp\/v2\/types\/page"}],"author":[{"embeddable":true,"href":"https:\/\/masachs.com\/ca\/wp-json\/wp\/v2\/users\/77"}],"replies":[{"embeddable":true,"href":"https:\/\/masachs.com\/ca\/wp-json\/wp\/v2\/comments?post=200555"}],"version-history":[{"count":2,"href":"https:\/\/masachs.com\/ca\/wp-json\/wp\/v2\/pages\/200555\/revisions"}],"predecessor-version":[{"id":400488,"href":"https:\/\/masachs.com\/ca\/wp-json\/wp\/v2\/pages\/200555\/revisions\/400488"}],"wp:attachment":[{"href":"https:\/\/masachs.com\/ca\/wp-json\/wp\/v2\/media?parent=200555"}],"curies":[{"name":"wp","href":"https:\/\/api.w.org\/{rel}","templated":true}]}}