{"id":200551,"date":"2022-07-06T14:21:13","date_gmt":"2022-07-06T12:21:13","guid":{"rendered":"https:\/\/masachs.com\/naus-de-lloger-a-cambrils"},"modified":"2025-10-03T11:09:10","modified_gmt":"2025-10-03T09:09:10","slug":"naus-de-lloger-a-cambrils","status":"publish","type":"page","link":"https:\/\/masachs.com\/ca\/naus-de-lloger-a-cambrils","title":{"rendered":"Naus de lloger a Cambrils"},"content":{"rendered":"<h3>Lloguer de Naus Industrials a <strong>Cambrils<\/strong><\/h3>\n<p>Descobreix la nostra exclusiva selecci\u00f3 de naus industrials en lloguer a <strong>Cambrils<\/strong>, una localitat amb una ubicaci\u00f3 estrat\u00e8gica a la <strong>Costa Daurada<\/strong>. Situada a pocs minuts de l&#8217;autopista <strong>AP-7<\/strong>, que connecta amb importants ciutats com <strong>Tarragona<\/strong> i <strong>Reus<\/strong>, <strong>Cambrils<\/strong> ofereix un acc\u00e9s immillorable a les principals vies de comunicaci\u00f3, facilitant la log\u00edstica i distribuci\u00f3 de la teva empresa.<\/p>\n<p>Aquest municipi, conegut pel seu dinamisme econ\u00f2mic, es troba envoltat de barris en creixement i municipis ve\u00efns com <strong>Salou<\/strong> i <strong>Vila-seca<\/strong>, la qual cosa potencia encara m\u00e9s el seu atractiu per a negocis en expansi\u00f3. Les naus industrials disponibles han estat seleccionades per satisfer les necessitats de diverses ind\u00fastries, des de la manufactura fins a la log\u00edstica, garantint un entorn \u00f2ptim per al desenvolupament de la teva activitat.<\/p>\n<p><strong>No perdis l&#8217;oportunitat d&#8217;establir la teva empresa en una ubicaci\u00f3 privilegiada que combina accessibilitat, infraestructura i un entorn empresarial en constant evoluci\u00f3. Contacta&#8217;ns avui per a m\u00e9s informaci\u00f3 sobre les nostres opcions de lloguer a Cambrils!<\/strong><\/p>\n","protected":false},"excerpt":{"rendered":"<p>Lloguer de Naus Industrials a Cambrils Descobreix la nostra exclusiva selecci\u00f3 de naus industrials en lloguer a Cambrils, una localitat amb una ubicaci\u00f3 estrat\u00e8gica a la Costa Daurada. Situada a pocs minuts de l&#8217;autopista AP-7, que connecta amb importants ciutats com Tarragona i Reus, Cambrils ofereix un acc\u00e9s immillorable a les principals vies de comunicaci\u00f3, facilitant la log\u00edstica i distribuci\u00f3 de la teva empresa. &#8230;<\/p>\n","protected":false},"author":77,"featured_media":0,"parent":0,"menu_order":0,"comment_status":"closed","ping_status":"closed","template":"property_list_half.php","meta":{"footnotes":""},"class_list":["post-200551","page","type-page","status-publish","hentry"],"_links":{"self":[{"href":"https:\/\/masachs.com\/ca\/wp-json\/wp\/v2\/pages\/200551"}],"collection":[{"href":"https:\/\/masachs.com\/ca\/wp-json\/wp\/v2\/pages"}],"about":[{"href":"https:\/\/masachs.com\/ca\/wp-json\/wp\/v2\/types\/page"}],"author":[{"embeddable":true,"href":"https:\/\/masachs.com\/ca\/wp-json\/wp\/v2\/users\/77"}],"replies":[{"embeddable":true,"href":"https:\/\/masachs.com\/ca\/wp-json\/wp\/v2\/comments?post=200551"}],"version-history":[{"count":1,"href":"https:\/\/masachs.com\/ca\/wp-json\/wp\/v2\/pages\/200551\/revisions"}],"predecessor-version":[{"id":400480,"href":"https:\/\/masachs.com\/ca\/wp-json\/wp\/v2\/pages\/200551\/revisions\/400480"}],"wp:attachment":[{"href":"https:\/\/masachs.com\/ca\/wp-json\/wp\/v2\/media?parent=200551"}],"curies":[{"name":"wp","href":"https:\/\/api.w.org\/{rel}","templated":true}]}}