{"id":200547,"date":"2022-07-06T14:18:28","date_gmt":"2022-07-06T12:18:28","guid":{"rendered":"https:\/\/masachs.com\/naus-de-lloger-a-reus"},"modified":"2025-10-03T11:10:08","modified_gmt":"2025-10-03T09:10:08","slug":"naus-de-lloger-a-reus","status":"publish","type":"page","link":"https:\/\/masachs.com\/ca\/naus-de-lloger-a-reus","title":{"rendered":"Naus de lloger a Reus"},"content":{"rendered":"<h3>Lloguer de Naus Industrials a <strong>Reus<\/strong><\/h3>\n<p>Descobreix la nostra exclusiva selecci\u00f3 de naus industrials a <strong>Reus<\/strong>, una localitat amb una ubicaci\u00f3 estrat\u00e8gica que la converteix en un punt neur\u00e0lgic per al desenvolupament empresarial. Situada a pocs minuts de l&#8217;<strong>Autopista AP-7<\/strong> i la <strong>N-420<\/strong>, <strong>Reus<\/strong> ofereix un acc\u00e9s immillorable a les principals vies de comunicaci\u00f3, facilitant la log\u00edstica i el transport de mercaderies.<\/p>\n<p>Aquest municipi, conegut pel seu dinamisme econ\u00f2mic, es troba envoltat de barris com el <strong>Pol\u00edgon Agro-Reus<\/strong> i el <strong>Pol\u00edgon Industrial La Selva<\/strong>, aix\u00ed com de municipis ve\u00efns com <strong>Salou<\/strong> i <strong>Cambrils<\/strong>, que complementen la seva oferta industrial. La proximitat al <strong>port de Tarragona<\/strong> i a l&#8217;<strong>Aeroport de Reus<\/strong> afegeix un valor significatiu per a les empreses que busquen expandir el seu abast.<\/p>\n<p>Les nostres naus industrials en lloguer han estat seleccionades per satisfer les necessitats de diverses ind\u00fastries, oferint espais amplis i vers\u00e0tils en una ubicaci\u00f3 privilegiada. <strong>No perdis l&#8217;oportunitat d&#8217;establir el teu negoci a Reus, on la infraestructura i la connectivitat s&#8217;uneixen per impulsar el teu \u00e8xit. Contacta&#8217;ns avui per a m\u00e9s informaci\u00f3!<\/strong><\/p>\n","protected":false},"excerpt":{"rendered":"<p>Lloguer de Naus Industrials a Reus Descobreix la nostra exclusiva selecci\u00f3 de naus industrials a Reus, una localitat amb una ubicaci\u00f3 estrat\u00e8gica que la converteix en un punt neur\u00e0lgic per al desenvolupament empresarial. Situada a pocs minuts de l&#8217;Autopista AP-7 i la N-420, Reus ofereix un acc\u00e9s immillorable a les principals vies de comunicaci\u00f3, facilitant la log\u00edstica i el transport de mercaderies. Aquest municipi, &#8230;<\/p>\n","protected":false},"author":77,"featured_media":0,"parent":0,"menu_order":0,"comment_status":"closed","ping_status":"closed","template":"property_list_half.php","meta":{"footnotes":""},"class_list":["post-200547","page","type-page","status-publish","hentry"],"_links":{"self":[{"href":"https:\/\/masachs.com\/ca\/wp-json\/wp\/v2\/pages\/200547"}],"collection":[{"href":"https:\/\/masachs.com\/ca\/wp-json\/wp\/v2\/pages"}],"about":[{"href":"https:\/\/masachs.com\/ca\/wp-json\/wp\/v2\/types\/page"}],"author":[{"embeddable":true,"href":"https:\/\/masachs.com\/ca\/wp-json\/wp\/v2\/users\/77"}],"replies":[{"embeddable":true,"href":"https:\/\/masachs.com\/ca\/wp-json\/wp\/v2\/comments?post=200547"}],"version-history":[{"count":1,"href":"https:\/\/masachs.com\/ca\/wp-json\/wp\/v2\/pages\/200547\/revisions"}],"predecessor-version":[{"id":400485,"href":"https:\/\/masachs.com\/ca\/wp-json\/wp\/v2\/pages\/200547\/revisions\/400485"}],"wp:attachment":[{"href":"https:\/\/masachs.com\/ca\/wp-json\/wp\/v2\/media?parent=200547"}],"curies":[{"name":"wp","href":"https:\/\/api.w.org\/{rel}","templated":true}]}}