{"id":200538,"date":"2022-07-06T14:12:37","date_gmt":"2022-07-06T12:12:37","guid":{"rendered":"https:\/\/masachs.com\/naus-de-lloger-a-el-masnou"},"modified":"2025-10-03T11:09:28","modified_gmt":"2025-10-03T09:09:28","slug":"naus-de-lloger-a-el-masnou","status":"publish","type":"page","link":"https:\/\/masachs.com\/ca\/naus-de-lloger-a-el-masnou","title":{"rendered":"Naus de lloger a El Masnou"},"content":{"rendered":"<h3>Lloguer de Naus Industrials a <strong>El Masnou<\/strong><\/h3>\n<p>Descobreix la nostra exclusiva selecci\u00f3 de naus industrials a <strong>El Masnou<\/strong>, una localitat privilegiada situada a la costa del <strong>Maresme<\/strong>, a nom\u00e9s 20 quil\u00f2metres de <strong>Barcelona<\/strong>. Aquest enclavament estrat\u00e8gic no nom\u00e9s ofereix un acc\u00e9s r\u00e0pid a l&#8217;<strong>AP-7<\/strong> i la <strong>C-32<\/strong>, sin\u00f3 que tamb\u00e9 es beneficia de la seva proximitat a importants barris com <strong>Alella<\/strong> i municipis ve\u00efns com <strong>Premi\u00e0 de Mar<\/strong> i <strong>Tei\u00e0<\/strong>, la qual cosa garanteix una excel\u00b7lent connectivitat i visibilitat per a la teva empresa.<\/p>\n<p>Les nostres naus industrials a <strong>El Masnou<\/strong> han estat seleccionades per satisfer les necessitats de diverses ind\u00fastries, proporcionant espais amplis i vers\u00e0tils que s&#8217;adapten als teus requisits operatius. La ubicaci\u00f3 en aquesta zona din\u00e0mica i en creixement et permetr\u00e0 aprofitar un entorn empresarial vibrant, amb acc\u00e9s a una \u00e0mplia xarxa de prove\u00efdors i clients.<\/p>\n<p><strong>No perdis l&#8217;oportunitat d&#8217;establir el teu negoci en una de les \u00e0rees m\u00e9s prometedores del Maresme. Explora les nostres opcions de lloguer i troba l&#8217;espai ideal per impulsar la teva empresa a El Masnou. Contacta&#8217;ns avui mateix per a m\u00e9s informaci\u00f3!<\/strong><\/p>\n","protected":false},"excerpt":{"rendered":"<p>Lloguer de Naus Industrials a El Masnou Descobreix la nostra exclusiva selecci\u00f3 de naus industrials a El Masnou, una localitat privilegiada situada a la costa del Maresme, a nom\u00e9s 20 quil\u00f2metres de Barcelona. Aquest enclavament estrat\u00e8gic no nom\u00e9s ofereix un acc\u00e9s r\u00e0pid a l&#8217;AP-7 i la C-32, sin\u00f3 que tamb\u00e9 es beneficia de la seva proximitat a importants barris com Alella i municipis ve\u00efns &#8230;<\/p>\n","protected":false},"author":77,"featured_media":0,"parent":0,"menu_order":0,"comment_status":"closed","ping_status":"closed","template":"property_list_half.php","meta":{"footnotes":""},"class_list":["post-200538","page","type-page","status-publish","hentry"],"_links":{"self":[{"href":"https:\/\/masachs.com\/ca\/wp-json\/wp\/v2\/pages\/200538"}],"collection":[{"href":"https:\/\/masachs.com\/ca\/wp-json\/wp\/v2\/pages"}],"about":[{"href":"https:\/\/masachs.com\/ca\/wp-json\/wp\/v2\/types\/page"}],"author":[{"embeddable":true,"href":"https:\/\/masachs.com\/ca\/wp-json\/wp\/v2\/users\/77"}],"replies":[{"embeddable":true,"href":"https:\/\/masachs.com\/ca\/wp-json\/wp\/v2\/comments?post=200538"}],"version-history":[{"count":1,"href":"https:\/\/masachs.com\/ca\/wp-json\/wp\/v2\/pages\/200538\/revisions"}],"predecessor-version":[{"id":400481,"href":"https:\/\/masachs.com\/ca\/wp-json\/wp\/v2\/pages\/200538\/revisions\/400481"}],"wp:attachment":[{"href":"https:\/\/masachs.com\/ca\/wp-json\/wp\/v2\/media?parent=200538"}],"curies":[{"name":"wp","href":"https:\/\/api.w.org\/{rel}","templated":true}]}}