{"id":200199,"date":"2022-06-27T15:31:27","date_gmt":"2022-06-27T13:31:27","guid":{"rendered":"https:\/\/masachs.com\/?page_id=200199"},"modified":"2022-06-27T15:31:27","modified_gmt":"2022-06-27T13:31:27","slug":"anuncia-el-teu-immoble","status":"publish","type":"page","link":"https:\/\/masachs.com\/ca\/anuncia-el-teu-immoble","title":{"rendered":"Anuncia el teu immoble"},"content":{"rendered":"<p>[vc_row css=&#8221;.vc_custom_1655805662297{margin-top: 50px !important;margin-bottom: 50px !important;}&#8221;][vc_column]<div id=\"ultimate-heading-141369f4b4ff929a2\" class=\"uvc-heading ult-adjust-bottom-margin ultimate-heading-141369f4b4ff929a2 uvc-37 \" data-hspacer=\"no_spacer\"  data-halign=\"left\" style=\"text-align:left\"><div class=\"uvc-heading-spacer no_spacer\" style=\"top\"><\/div><div class=\"uvc-main-heading ult-responsive\"  data-ultimate-target='.uvc-heading.ultimate-heading-141369f4b4ff929a2 h1'  data-responsive-json-new='{\"font-size\":\"\",\"line-height\":\"\"}' ><h1 style=\"font-weight:normal;margin-bottom:40px;\">Anuncia el teu immoble<\/h1><\/div><\/div>[vc_column_text css=&#8221;.vc_custom_1655804943579{margin-bottom: 0px !important;}&#8221;]<span style=\"font-size: 22px; line-height: 34px;\">A Masachs t&#8217;oferim la possibilitat de publicar la teva nau industrial, local, oficina o terreny al nostre portal web, de forma totalment gratu\u00efta. Nom\u00e9s has d&#8217;emplenar el formulari amb tota la informaci\u00f3 que consideris necess\u00e0ria, i el nostre equip comercial contactar\u00e0 amb tu cada cop que hi hagi una persona interessada.<\/span>[\/vc_column_text][\/vc_column][\/vc_row][vc_row][vc_column]<div id=\"ultimate-heading-773869f4b4ff929df\" class=\"uvc-heading ult-adjust-bottom-margin ultimate-heading-773869f4b4ff929df uvc-7873 font-weight-200\" data-hspacer=\"no_spacer\"  data-halign=\"left\" style=\"text-align:left\"><div class=\"uvc-heading-spacer no_spacer\" style=\"top\"><\/div><div class=\"uvc-main-heading ult-responsive\"  data-ultimate-target='.uvc-heading.ultimate-heading-773869f4b4ff929df h3'  data-responsive-json-new='{\"font-size\":\"desktop:37px;\",\"line-height\":\"desktop:45px;\"}' ><h3 style=\"font-weight:normal;margin-bottom:-10px;\">Formulari d'alta d'immoble<\/h3><\/div><\/div>\n<div class=\"wpcf7 no-js\" id=\"wpcf7-f200197-o1\" lang=\"es-ES\" dir=\"ltr\" data-wpcf7-id=\"200197\">\n<div class=\"screen-reader-response\"><p role=\"status\" aria-live=\"polite\" aria-atomic=\"true\"><\/p> <ul><\/ul><\/div>\n<form action=\"\/ca\/wp-json\/wp\/v2\/pages\/200199#wpcf7-f200197-o1\" method=\"post\" class=\"wpcf7-form init\" aria-label=\"Formulario de contacto\" enctype=\"multipart\/form-data\" novalidate=\"novalidate\" data-status=\"init\">\n<div style=\"display: none;\">\n<input type=\"hidden\" name=\"_wpcf7\" value=\"200197\" \/>\n<input type=\"hidden\" name=\"_wpcf7_version\" value=\"6.0.6\" \/>\n<input type=\"hidden\" name=\"_wpcf7_locale\" value=\"es_ES\" \/>\n<input type=\"hidden\" name=\"_wpcf7_unit_tag\" value=\"wpcf7-f200197-o1\" \/>\n<input type=\"hidden\" name=\"_wpcf7_container_post\" value=\"0\" \/>\n<input type=\"hidden\" name=\"_wpcf7_posted_data_hash\" value=\"\" \/>\n<input type=\"hidden\" name=\"_wpcf7_recaptcha_response\" value=\"\" \/>\n<\/div>\n<div id=\"cerquemform\" class=\"anunciaform\">\n\t<h3>Dades de contacte\n\t<\/h3>\n\t<p><br \/>\nAquestes dades no seran visibles a la fitxa de l'immoble, nom\u00e9s les farem servir per contactar amb tu.<br \/>\n<span class=\"wpcf7-form-control-wrap\" data-name=\"nom\"><input size=\"40\" maxlength=\"400\" class=\"wpcf7-form-control wpcf7-text wpcf7-validates-as-required\" aria-required=\"true\" aria-invalid=\"false\" placeholder=\"Nom*\" value=\"\" type=\"text\" name=\"nom\" \/><\/span><span class=\"wpcf7-form-control-wrap\" data-name=\"email\"><input size=\"40\" maxlength=\"400\" class=\"wpcf7-form-control wpcf7-email wpcf7-validates-as-required wpcf7-text wpcf7-validates-as-email\" aria-required=\"true\" aria-invalid=\"false\" placeholder=\"Email*\" value=\"\" type=\"email\" name=\"email\" \/><\/span><span class=\"wpcf7-form-control-wrap\" data-name=\"tel\"><input size=\"40\" maxlength=\"400\" class=\"wpcf7-form-control wpcf7-tel wpcf7-validates-as-required wpcf7-text wpcf7-validates-as-tel\" aria-required=\"true\" aria-invalid=\"false\" placeholder=\"Tel\u00e8fon*\" value=\"\" type=\"tel\" name=\"tel\" \/><\/span>\n\t<\/p>\n\t<h3>Informaci\u00f3 de l'immoble\n\t<\/h3>\n\t<p><br \/>\n*L'adre\u00e7a completa de l'immoble no ser\u00e0 p\u00fablica, nom\u00e9s la zona.<br \/>\n<span class=\"wpcf7-form-control-wrap\" data-name=\"tipus_via\"><input size=\"40\" maxlength=\"400\" class=\"wpcf7-form-control wpcf7-text\" aria-invalid=\"false\" placeholder=\"Tipus de via:\" value=\"\" type=\"text\" name=\"tipus_via\" \/><\/span><span class=\"wpcf7-form-control-wrap\" data-name=\"nom_via\"><input size=\"40\" maxlength=\"400\" class=\"wpcf7-form-control wpcf7-text\" aria-invalid=\"false\" placeholder=\"Nom de la via:\" value=\"\" type=\"text\" name=\"nom_via\" \/><\/span><span class=\"wpcf7-form-control-wrap\" data-name=\"numero\"><input size=\"40\" maxlength=\"400\" class=\"wpcf7-form-control wpcf7-text\" aria-invalid=\"false\" placeholder=\"N\u00famero:\" value=\"\" type=\"text\" name=\"numero\" \/><\/span><span class=\"wpcf7-form-control-wrap\" data-name=\"poligon\"><input size=\"40\" maxlength=\"400\" class=\"wpcf7-form-control wpcf7-text\" aria-invalid=\"false\" placeholder=\"Pol\u00edgon industrial:\" value=\"\" type=\"text\" name=\"poligon\" \/><\/span><span class=\"wpcf7-form-control-wrap\" data-name=\"municipi\"><input size=\"40\" maxlength=\"400\" class=\"wpcf7-form-control wpcf7-text\" aria-invalid=\"false\" placeholder=\"Municipi:\" value=\"\" type=\"text\" name=\"municipi\" \/><\/span><span class=\"wpcf7-form-control-wrap\" data-name=\"codi_postal\"><input size=\"40\" maxlength=\"400\" class=\"wpcf7-form-control wpcf7-text\" aria-invalid=\"false\" placeholder=\"Codi postal:\" value=\"\" type=\"text\" name=\"codi_postal\" \/><\/span><span class=\"wpcf7-form-control-wrap\" data-name=\"provincia\"><input size=\"40\" maxlength=\"400\" class=\"wpcf7-form-control wpcf7-text\" aria-invalid=\"false\" placeholder=\"Prov\u00edncia:\" value=\"\" type=\"text\" name=\"provincia\" \/><\/span>\n\t<\/p>\n\t<h3>Tipus d'immoble\n\t<\/h3>\n\t<p><br \/>\n<span class=\"wpcf7-form-control-wrap\" data-name=\"tipus_immoble\"><select class=\"wpcf7-form-control wpcf7-select\" aria-invalid=\"false\" name=\"tipus_immoble\"><option value=\"Selecciona una opci\u00f3\">Selecciona una opci\u00f3<\/option><option value=\"Nau industrial\">Nau industrial<\/option><option value=\"Local\">Local<\/option><option value=\"Oficina\">Oficina<\/option><option value=\"Terreny\">Terreny<\/option><\/select><\/span>\n\t<\/p>\n\t<h3>Tipus d'operaci\u00f3\n\t<\/h3>\n\t<p><span class=\"wpcf7-form-control-wrap\" data-name=\"radio-838\"><span class=\"wpcf7-form-control wpcf7-radio\"><span class=\"wpcf7-list-item first\"><label><input type=\"radio\" name=\"radio-838\" value=\"Lloguer\" checked=\"checked\" \/><span class=\"wpcf7-list-item-label\">Lloguer<\/span><\/label><\/span><span class=\"wpcf7-list-item\"><label><input type=\"radio\" name=\"radio-838\" value=\"Venda\" \/><span class=\"wpcf7-list-item-label\">Venda<\/span><\/label><\/span><span class=\"wpcf7-list-item last\"><label><input type=\"radio\" name=\"radio-838\" value=\"Lloguer o Venda\" \/><span class=\"wpcf7-list-item-label\">Lloguer o Venda<\/span><\/label><\/span><\/span><\/span>\n\t<\/p>\n\t<h3>Caracter\u00edstiques de l'immoble\n\t<\/h3>\n\t<p><br \/>\n<span class=\"wpcf7-form-control-wrap\" data-name=\"alcada\"><input size=\"40\" maxlength=\"400\" class=\"wpcf7-form-control wpcf7-text\" aria-invalid=\"false\" placeholder=\"Al\u00e7ada lliure\" value=\"\" type=\"text\" name=\"alcada\" \/><\/span><span class=\"wpcf7-form-control-wrap\" data-name=\"superficie_total\"><input size=\"40\" maxlength=\"400\" class=\"wpcf7-form-control wpcf7-text\" aria-invalid=\"false\" placeholder=\"Superf\u00edcie total\" value=\"\" type=\"text\" name=\"superficie_total\" \/><\/span><span class=\"wpcf7-form-control-wrap\" data-name=\"superficie_planta_baixa\"><input size=\"40\" maxlength=\"400\" class=\"wpcf7-form-control wpcf7-text\" aria-invalid=\"false\" placeholder=\"Superf\u00edcie planta baixa\" value=\"\" type=\"text\" name=\"superficie_planta_baixa\" \/><\/span><span class=\"wpcf7-form-control-wrap\" data-name=\"superficie_planta_superior\"><input size=\"40\" maxlength=\"400\" class=\"wpcf7-form-control wpcf7-text\" aria-invalid=\"false\" placeholder=\"Superf\u00edcie planta superior\" value=\"\" type=\"text\" name=\"superficie_planta_superior\" \/><\/span><span class=\"wpcf7-form-control-wrap\" data-name=\"superficie_pati\"><input size=\"40\" maxlength=\"400\" class=\"wpcf7-form-control wpcf7-text\" aria-invalid=\"false\" placeholder=\"Superf\u00edcie pati\" value=\"\" type=\"text\" name=\"superficie_pati\" \/><\/span>\n\t<\/p>\n\t<h3>Marca totes les caracter\u00edstiques que siguin aplicables.\n\t<\/h3>\n\t<p><br \/>\n<span class=\"wpcf7-form-control-wrap\" data-name=\"caracteristiques\"><span class=\"wpcf7-form-control wpcf7-checkbox\"><span class=\"wpcf7-list-item first\"><label><input type=\"checkbox\" name=\"caracteristiques[]\" value=\"Pont grua\" \/><span class=\"wpcf7-list-item-label\">Pont grua<\/span><\/label><\/span><span class=\"wpcf7-list-item\"><label><input type=\"checkbox\" name=\"caracteristiques[]\" value=\"Moll de c\u00e0rrega\" \/><span class=\"wpcf7-list-item-label\">Moll de c\u00e0rrega<\/span><\/label><\/span><span class=\"wpcf7-list-item\"><label><input type=\"checkbox\" name=\"caracteristiques[]\" value=\"Amb patis\" \/><span class=\"wpcf7-list-item-label\">Amb patis<\/span><\/label><\/span><span class=\"wpcf7-list-item\"><label><input type=\"checkbox\" name=\"caracteristiques[]\" value=\"A\u00efllada\" \/><span class=\"wpcf7-list-item-label\">A\u00efllada<\/span><\/label><\/span><span class=\"wpcf7-list-item\"><label><input type=\"checkbox\" name=\"caracteristiques[]\" value=\"Certificat energ\u00e8tic\" \/><span class=\"wpcf7-list-item-label\">Certificat energ\u00e8tic<\/span><\/label><\/span><span class=\"wpcf7-list-item\"><label><input type=\"checkbox\" name=\"caracteristiques[]\" value=\"P\u00e0rquing\" \/><span class=\"wpcf7-list-item-label\">P\u00e0rquing<\/span><\/label><\/span><span class=\"wpcf7-list-item\"><label><input type=\"checkbox\" name=\"caracteristiques[]\" value=\"Vestuaris\" \/><span class=\"wpcf7-list-item-label\">Vestuaris<\/span><\/label><\/span><span class=\"wpcf7-list-item\"><label><input type=\"checkbox\" name=\"caracteristiques[]\" value=\"Sortida de fums (per a locals)\" \/><span class=\"wpcf7-list-item-label\">Sortida de fums (per a locals)<\/span><\/label><\/span><span class=\"wpcf7-list-item last\"><label><input type=\"checkbox\" name=\"caracteristiques[]\" value=\"Equipada (per a oficines)\" \/><span class=\"wpcf7-list-item-label\">Equipada (per a oficines)<\/span><\/label><\/span><\/span><\/span>\n\t<\/p>\n\t<h3>Fotos\n\t<\/h3>\n\t<p><br \/>\n<div id=\"mfcf7_zl_multifilecontainer\"><span class=\"mfcf7-zl-multiline-sample\" style=\"display:none\"><p class=\"wpcf7-form-control-wrap fotos\"><input size=\"40\" class=\"wpcf7-form-control wpcf7-multilinefile\" accept=\"\/*\" multiple=\"multiple\" value=\"Adjuntar\" aria-invalid=\"false\" type=\"file\" name=\"fotos[]\" \/> <span class=\"mfcf7-zl-multifile-name\"><\/span><a href=\"javascript:void(0);\" class=\"mfcf7_zl_delete_file\"><span class=\"delete-file\" aria-hidden=\"true\">&#x274C;<\/span><\/a><\/p><\/span><\/div><span class=\"wpcf7-form-control-wrap zl-form-control-wrap fotos\"><input size=\"40\" class=\"wpcf7-form-control wpcf7-multilinefile\" accept=\"\/*\" multiple=\"multiple\" value=\"Adjuntar\" aria-invalid=\"false\" type=\"file\" name=\"fotos[]\" \/> <span class=\"mfcf7-zl-multifile-name\"><\/span><a href=\"javascript:void(0);\" class=\"mfcf7_zl_delete_file\"><span class=\"delete-file\" aria-hidden=\"true\">&#x274C;<\/span><\/a><\/span><p><label><span class=\"wpcf7-form-control-wrap\" data-name=\"fotos-zl-mfcf7-upld-btn\"><input type=\"button\" name=\"fotos-zl-mfcf7-upld-btn\" class=\"button button-primary qbutton\" id=\"mfcf7_zl_add_file\" value=\"Adjuntar\"><\/span><\/label><\/p><br \/>\n(pots pujar fins a 10 fitxers en JPG, m\u00e0x. 5 MB per fitxer)\n\t<\/p>\n\t<h3>Comentaris\n\t<\/h3>\n\t<p><br \/>\n<span class=\"wpcf7-form-control-wrap\" data-name=\"comentaris\"><textarea cols=\"40\" rows=\"10\" maxlength=\"2000\" class=\"wpcf7-form-control wpcf7-textarea\" aria-invalid=\"false\" name=\"comentaris\"><\/textarea><\/span>\n\t<\/p>\n\t<p><span class=\"wpcf7-form-control-wrap\" data-name=\"politica\"><span class=\"wpcf7-form-control wpcf7-acceptance\"><span class=\"wpcf7-list-item\"><label><input type=\"checkbox\" name=\"politica\" value=\"1\" aria-invalid=\"false\" \/><span class=\"wpcf7-list-item-label\">He llegit i accepto la <a href=\"https:\/\/masachs.com\/ca\/politica-de-privadesa\" target=\u201d_blank\u201d>Pol\u00edtica de privadesa<\/a><\/span><\/label><\/span><\/span><\/span>\n\t<input class=\"wpcf7-form-control wpcf7-hidden\" id=\"landing_url\" value=\"\" type=\"hidden\" name=\"landing_url\" \/><br \/>\n\t<input class=\"wpcf7-form-control wpcf7-hidden\" value=\"web\" type=\"hidden\" name=\"tipoSolicitud\" \/>\n\t<\/p>\n\t<p style=\"display:none;\"><br \/>\n\t<input class=\"wpcf7-form-control wpcf7-hidden utm_source\" id=\"utm_source\" value=\"\" type=\"hidden\" name=\"utm_source_cf7\" \/><br \/>\n\t<input class=\"wpcf7-form-control wpcf7-hidden utm_medium\" id=\"utm_medium\" value=\"\" type=\"hidden\" name=\"utm_medium_cf7\" \/><br \/>\n\t<input class=\"wpcf7-form-control wpcf7-hidden utm_term\" id=\"utm_term\" value=\"\" type=\"hidden\" name=\"utm_term_cf7\" \/><br \/>\n\t<input class=\"wpcf7-form-control wpcf7-hidden utm_content\" id=\"utm_content\" value=\"\" type=\"hidden\" name=\"utm_content_cf7\" \/><br \/>\n\t<input class=\"wpcf7-form-control wpcf7-hidden utm_campaign\" id=\"utm_campaign\" value=\"\" type=\"hidden\" name=\"utm_campaign_cf7\" \/><br \/>\n\t<input class=\"wpcf7-form-control wpcf7-hidden gclid\" id=\"gclid\" value=\"\" type=\"hidden\" name=\"gclid_cf7\" \/>\n\t<\/p>\n\t<p><input class=\"wpcf7-form-control wpcf7-submit has-spinner red_button\" type=\"submit\" value=\"ENVIAR INFORMACI\u00d3\" \/>\n\t<\/p>\n<\/div><div class=\"wpcf7-response-output\" aria-hidden=\"true\"><\/div>\n<\/form>\n<\/div>\n[\/vc_column][\/vc_row]<\/p>\n","protected":false},"excerpt":{"rendered":"<p>[vc_row css=&#8221;.vc_custom_1655805662297{margin-top: 50px !important;margin-bottom: 50px !important;}&#8221;][vc_column][vc_column_text css=&#8221;.vc_custom_1655804943579{margin-bottom: 0px !important;}&#8221;]A Masachs t&#8217;oferim la possibilitat de publicar la teva nau industrial, local, oficina o terreny al nostre portal web, de forma totalment gratu\u00efta. Nom\u00e9s has d&#8217;emplenar el formulari amb tota la informaci\u00f3 que consideris necess\u00e0ria, i el nostre equip comercial contactar\u00e0 amb tu cada cop que hi hagi una persona interessada.[\/vc_column_text][\/vc_column][\/vc_row][vc_row][vc_column][\/vc_column][\/vc_row]<\/p>\n","protected":false},"author":1,"featured_media":0,"parent":0,"menu_order":0,"comment_status":"closed","ping_status":"closed","template":"","meta":{"footnotes":""},"class_list":["post-200199","page","type-page","status-publish","hentry"],"_links":{"self":[{"href":"https:\/\/masachs.com\/ca\/wp-json\/wp\/v2\/pages\/200199"}],"collection":[{"href":"https:\/\/masachs.com\/ca\/wp-json\/wp\/v2\/pages"}],"about":[{"href":"https:\/\/masachs.com\/ca\/wp-json\/wp\/v2\/types\/page"}],"author":[{"embeddable":true,"href":"https:\/\/masachs.com\/ca\/wp-json\/wp\/v2\/users\/1"}],"replies":[{"embeddable":true,"href":"https:\/\/masachs.com\/ca\/wp-json\/wp\/v2\/comments?post=200199"}],"version-history":[{"count":1,"href":"https:\/\/masachs.com\/ca\/wp-json\/wp\/v2\/pages\/200199\/revisions"}],"predecessor-version":[{"id":200200,"href":"https:\/\/masachs.com\/ca\/wp-json\/wp\/v2\/pages\/200199\/revisions\/200200"}],"wp:attachment":[{"href":"https:\/\/masachs.com\/ca\/wp-json\/wp\/v2\/media?parent=200199"}],"curies":[{"name":"wp","href":"https:\/\/api.w.org\/{rel}","templated":true}]}}