{"id":199448,"date":"2022-06-05T20:46:51","date_gmt":"2022-06-05T18:46:51","guid":{"rendered":"https:\/\/masachs.com\/alquiler-naves-industriales-vilassar-de-dalt"},"modified":"2022-06-05T20:59:39","modified_gmt":"2022-06-05T18:59:39","slug":"alquiler-naves-industriales-vilassar-de-dalt","status":"publish","type":"page","link":"https:\/\/masachs.com\/ca\/alquiler-naves-industriales-vilassar-de-dalt","title":{"rendered":"Naus de lloguer a Vilassar de Dalt"},"content":{"rendered":"<h3>Lloguer de Naus Industrials a <strong>Vilassar de Dalt<\/strong><\/h3>\n<p>Descobreix les nostres exclusives naus industrials en lloguer a <strong>Vilassar de Dalt<\/strong>, una localitat estrat\u00e8gica situada a la comarca del <strong>Maresme<\/strong>, a nom\u00e9s 20 minuts de <strong>Barcelona<\/strong>. Aquest enclavament privilegiat ofereix un acc\u00e9s immillorable a les principals vies de comunicaci\u00f3, com la <strong>C-32<\/strong> i la <strong>N-II<\/strong>, facilitant la log\u00edstica i el transport de mercaderies.<\/p>\n<p><strong>Vilassar de Dalt<\/strong> es troba envoltat de barris din\u00e0mics i municipis ve\u00efns com <strong>Vilassar de Mar<\/strong>, <strong>Premi\u00e0 de Mar<\/strong> i <strong>Cabrera de Mar<\/strong>, la qual cosa potencia el seu atractiu per a empreses que busquen establir-se en una zona amb un entorn empresarial en creixement. La proximitat a la costa i a \u00e0rees residencials tamb\u00e9 brinda un excel\u00b7lent ambient per a l&#8217;atracci\u00f3 de talent.<\/p>\n<p>Les nostres naus industrials han estat seleccionades per satisfer les necessitats de diverses ind\u00fastries, oferint espais amplis i vers\u00e0tils que s&#8217;adapten als teus requisits. <strong>No perdis l&#8217;oportunitat de posicionar el teu negoci en una ubicaci\u00f3 estrat\u00e8gica que combina accessibilitat, infraestructura i un entorn empresarial vibrant. Contacta&#8217;ns per a m\u00e9s informaci\u00f3 i assegura el teu espai a Vilassar de Dalt!<\/strong><\/p>\n","protected":false},"excerpt":{"rendered":"<p>Lloguer de Naus Industrials a Vilassar de Dalt Descobreix les nostres exclusives naus industrials en lloguer a Vilassar de Dalt, una localitat estrat\u00e8gica situada a la comarca del Maresme, a nom\u00e9s 20 minuts de Barcelona. Aquest enclavament privilegiat ofereix un acc\u00e9s immillorable a les principals vies de comunicaci\u00f3, com la C-32 i la N-II, facilitant la log\u00edstica i el transport de mercaderies. Vilassar de &#8230;<\/p>\n","protected":false},"author":77,"featured_media":0,"parent":0,"menu_order":0,"comment_status":"closed","ping_status":"closed","template":"property_list_half.php","meta":{"footnotes":""},"class_list":["post-199448","page","type-page","status-publish","hentry"],"_links":{"self":[{"href":"https:\/\/masachs.com\/ca\/wp-json\/wp\/v2\/pages\/199448"}],"collection":[{"href":"https:\/\/masachs.com\/ca\/wp-json\/wp\/v2\/pages"}],"about":[{"href":"https:\/\/masachs.com\/ca\/wp-json\/wp\/v2\/types\/page"}],"author":[{"embeddable":true,"href":"https:\/\/masachs.com\/ca\/wp-json\/wp\/v2\/users\/77"}],"replies":[{"embeddable":true,"href":"https:\/\/masachs.com\/ca\/wp-json\/wp\/v2\/comments?post=199448"}],"version-history":[{"count":3,"href":"https:\/\/masachs.com\/ca\/wp-json\/wp\/v2\/pages\/199448\/revisions"}],"predecessor-version":[{"id":199452,"href":"https:\/\/masachs.com\/ca\/wp-json\/wp\/v2\/pages\/199448\/revisions\/199452"}],"wp:attachment":[{"href":"https:\/\/masachs.com\/ca\/wp-json\/wp\/v2\/media?parent=199448"}],"curies":[{"name":"wp","href":"https:\/\/api.w.org\/{rel}","templated":true}]}}