{"id":199434,"date":"2022-06-05T20:34:59","date_gmt":"2022-06-05T18:34:59","guid":{"rendered":"https:\/\/masachs.com\/alquiler-naves-industriales-vidreres"},"modified":"2025-10-03T11:26:30","modified_gmt":"2025-10-03T09:26:30","slug":"alquiler-naves-industriales-vidreres","status":"publish","type":"page","link":"https:\/\/masachs.com\/ca\/alquiler-naves-industriales-vidreres","title":{"rendered":"Naus de lloguer a Vidreres"},"content":{"rendered":"<h3>Lloguer de Naus Industrials a <strong>Vidreres<\/strong>: Oportunitats Estrat\u00e8giques per al teu Negoci<\/h3>\n<p>Descobreix la nostra exclusiva selecci\u00f3 de naus industrials en lloguer a <strong>Vidreres<\/strong>, una localitat amb una ubicaci\u00f3 estrat\u00e8gica que la converteix en un punt clau per al desenvolupament empresarial. Situada a pocs minuts de l&#8217;<strong>AP-7<\/strong>, aquesta zona ofereix un acc\u00e9s immillorable a les principals ciutats de la <strong>Costa Brava<\/strong> i l&#8217;\u00e0rea metropolitana de <strong>Girona<\/strong>.<\/p>\n<p><strong>Vidreres<\/strong> es troba envoltada de barris din\u00e0mics i municipis ve\u00efns com <strong>Lloret de Mar<\/strong> i <strong>Blanes<\/strong>, la qual cosa garanteix una excel\u00b7lent connectivitat i un entorn propici per al creixement de la teva empresa. A m\u00e9s, la proximitat a vies importants de comunicaci\u00f3 facilita la log\u00edstica i el transport, permetent una operativa eficient i \u00e0gil.<\/p>\n<p>Les nostres naus industrials en lloguer han estat seleccionades per satisfer les necessitats de diverses ind\u00fastries, oferint espais amplis i vers\u00e0tils que s&#8217;adapten als teus requeriments. <strong>No perdis l&#8217;oportunitat d&#8217;establir el teu negoci en una ubicaci\u00f3 privilegiada que potenciar\u00e0 la teva competitivitat al mercat. Contacta&#8217;ns avui i troba l&#8217;espai ideal per a la teva empresa a Vidreres!<\/strong><\/p>\n","protected":false},"excerpt":{"rendered":"<p>Lloguer de Naus Industrials a Vidreres: Oportunitats Estrat\u00e8giques per al teu Negoci Descobreix la nostra exclusiva selecci\u00f3 de naus industrials en lloguer a Vidreres, una localitat amb una ubicaci\u00f3 estrat\u00e8gica que la converteix en un punt clau per al desenvolupament empresarial. Situada a pocs minuts de l&#8217;AP-7, aquesta zona ofereix un acc\u00e9s immillorable a les principals ciutats de la Costa Brava i l&#8217;\u00e0rea metropolitana &#8230;<\/p>\n","protected":false},"author":77,"featured_media":0,"parent":0,"menu_order":0,"comment_status":"closed","ping_status":"closed","template":"property_list_half.php","meta":{"footnotes":""},"class_list":["post-199434","page","type-page","status-publish","hentry"],"_links":{"self":[{"href":"https:\/\/masachs.com\/ca\/wp-json\/wp\/v2\/pages\/199434"}],"collection":[{"href":"https:\/\/masachs.com\/ca\/wp-json\/wp\/v2\/pages"}],"about":[{"href":"https:\/\/masachs.com\/ca\/wp-json\/wp\/v2\/types\/page"}],"author":[{"embeddable":true,"href":"https:\/\/masachs.com\/ca\/wp-json\/wp\/v2\/users\/77"}],"replies":[{"embeddable":true,"href":"https:\/\/masachs.com\/ca\/wp-json\/wp\/v2\/comments?post=199434"}],"version-history":[{"count":4,"href":"https:\/\/masachs.com\/ca\/wp-json\/wp\/v2\/pages\/199434\/revisions"}],"predecessor-version":[{"id":400516,"href":"https:\/\/masachs.com\/ca\/wp-json\/wp\/v2\/pages\/199434\/revisions\/400516"}],"wp:attachment":[{"href":"https:\/\/masachs.com\/ca\/wp-json\/wp\/v2\/media?parent=199434"}],"curies":[{"name":"wp","href":"https:\/\/api.w.org\/{rel}","templated":true}]}}