{"id":199410,"date":"2022-06-05T19:57:49","date_gmt":"2022-06-05T17:57:49","guid":{"rendered":"https:\/\/masachs.com\/alquiler-naves-industriales-blanes"},"modified":"2025-10-03T11:13:25","modified_gmt":"2025-10-03T09:13:25","slug":"alquiler-naves-industriales-blanes","status":"publish","type":"page","link":"https:\/\/masachs.com\/ca\/alquiler-naves-industriales-blanes","title":{"rendered":"Naus de lloguer a Blanes"},"content":{"rendered":"<h3>Lloguer de Naus Industrials a <strong>Blanes<\/strong>: Oportunitats Estrat\u00e8giques per al teu Negoci<\/h3>\n<p>Descobreix la nostra exclusiva selecci\u00f3 de naus industrials a <strong>Blanes<\/strong>, una localitat costanera amb una ubicaci\u00f3 estrat\u00e8gica que connecta la <strong>Costa Brava<\/strong> amb importants vies de comunicaci\u00f3. Situada a pocs minuts de l&#8217;<strong>AP-7<\/strong>, que facilita l&#8217;acc\u00e9s a ciutats clau com <strong>Girona<\/strong> i <strong>Barcelona<\/strong>, <strong>Blanes<\/strong> es converteix en el punt ideal per a empreses que busquen optimitzar la seva log\u00edstica i distribuci\u00f3.<\/p>\n<p>Aquest municipi no nom\u00e9s ofereix un entorn industrial en creixement, sin\u00f3 que tamb\u00e9 es beneficia de la proximitat a barris com <strong>La Plantera<\/strong> i <strong>El Vilar<\/strong>, aix\u00ed com a municipis ve\u00efns com <strong>Lloret de Mar<\/strong> i <strong>Tordera<\/strong>. La combinaci\u00f3 de la seva infraestructura moderna i la seva proximitat a ports i aeroports converteix <strong>Blanes<\/strong> en un lloc privilegiat per establir o expandir el teu negoci.<\/p>\n<p><strong>Aprofita l&#8217;oportunitat de llogar un espai que s&#8217;adapti a les teves necessitats i que et situ\u00ef al cor d&#8217;una de les zones m\u00e9s din\u00e0miques de la prov\u00edncia. Contacta&#8217;ns i troba la nau industrial perfecta per a la teva empresa a Blanes!<\/strong><\/p>\n","protected":false},"excerpt":{"rendered":"<p>Lloguer de Naus Industrials a Blanes: Oportunitats Estrat\u00e8giques per al teu Negoci Descobreix la nostra exclusiva selecci\u00f3 de naus industrials a Blanes, una localitat costanera amb una ubicaci\u00f3 estrat\u00e8gica que connecta la Costa Brava amb importants vies de comunicaci\u00f3. Situada a pocs minuts de l&#8217;AP-7, que facilita l&#8217;acc\u00e9s a ciutats clau com Girona i Barcelona, Blanes es converteix en el punt ideal per a &#8230;<\/p>\n","protected":false},"author":77,"featured_media":0,"parent":0,"menu_order":0,"comment_status":"closed","ping_status":"closed","template":"property_list_half.php","meta":{"footnotes":""},"class_list":["post-199410","page","type-page","status-publish","hentry"],"_links":{"self":[{"href":"https:\/\/masachs.com\/ca\/wp-json\/wp\/v2\/pages\/199410"}],"collection":[{"href":"https:\/\/masachs.com\/ca\/wp-json\/wp\/v2\/pages"}],"about":[{"href":"https:\/\/masachs.com\/ca\/wp-json\/wp\/v2\/types\/page"}],"author":[{"embeddable":true,"href":"https:\/\/masachs.com\/ca\/wp-json\/wp\/v2\/users\/77"}],"replies":[{"embeddable":true,"href":"https:\/\/masachs.com\/ca\/wp-json\/wp\/v2\/comments?post=199410"}],"version-history":[{"count":4,"href":"https:\/\/masachs.com\/ca\/wp-json\/wp\/v2\/pages\/199410\/revisions"}],"predecessor-version":[{"id":400494,"href":"https:\/\/masachs.com\/ca\/wp-json\/wp\/v2\/pages\/199410\/revisions\/400494"}],"wp:attachment":[{"href":"https:\/\/masachs.com\/ca\/wp-json\/wp\/v2\/media?parent=199410"}],"curies":[{"name":"wp","href":"https:\/\/api.w.org\/{rel}","templated":true}]}}