{"id":199399,"date":"2022-06-05T19:42:48","date_gmt":"2022-06-05T17:42:48","guid":{"rendered":"https:\/\/masachs.com\/alquiler-naves-industriales-martorelles"},"modified":"2025-10-03T11:17:52","modified_gmt":"2025-10-03T09:17:52","slug":"alquiler-naves-industriales-martorelles","status":"publish","type":"page","link":"https:\/\/masachs.com\/ca\/alquiler-naves-industriales-martorelles","title":{"rendered":"Naus de lloguer a Martorelles"},"content":{"rendered":"<h3>Lloguer de Naus Industrials a <strong>Martorelles<\/strong><\/h3>\n<p>Descobreix la nostra exclusiva selecci\u00f3 de naus industrials a <strong>Martorelles<\/strong>, una localitat amb una ubicaci\u00f3 estrat\u00e8gica que la converteix en un punt neur\u00e0lgic per al desenvolupament empresarial. Situada a pocs minuts de l&#8217;<strong>AP-7<\/strong> i la <strong>C-59<\/strong>, <strong>Martorelles<\/strong> ofereix un acc\u00e9s immillorable a les principals vies de comunicaci\u00f3, facilitant la log\u00edstica i el transport de mercaderies.<\/p>\n<p>Aquest municipi, que limita amb localitats com <strong>Mollet del Vall\u00e8s<\/strong> i <strong>Montorn\u00e8s del Vall\u00e8s<\/strong>, es beneficia d&#8217;un entorn industrial en creixement, envoltat de barris que compten amb una infraestructura s\u00f2lida i serveis de qualitat. La proximitat a \u00e0rees metropolitanes com <strong>Granollers<\/strong> i <strong>Barcelona<\/strong> amplia les oportunitats de negoci i col\u00b7laboraci\u00f3.<\/p>\n<p>Les nostres naus industrials a <strong>Martorelles<\/strong> han estat seleccionades per satisfer les necessitats d&#8217;empreses de diversos sectors, oferint espais amplis i vers\u00e0tils que s&#8217;adapten als teus requeriments. **No perdis l&#8217;oportunitat d&#8217;establir el teu negoci en una ubicaci\u00f3 privilegiada que potencia la teva competitivitat. Contacta&#8217;ns per a m\u00e9s informaci\u00f3 i assegura el teu espai a <strong>Martorelles!<\/strong><\/p>\n","protected":false},"excerpt":{"rendered":"<p>Lloguer de Naus Industrials a Martorelles Descobreix la nostra exclusiva selecci\u00f3 de naus industrials a Martorelles, una localitat amb una ubicaci\u00f3 estrat\u00e8gica que la converteix en un punt neur\u00e0lgic per al desenvolupament empresarial. Situada a pocs minuts de l&#8217;AP-7 i la C-59, Martorelles ofereix un acc\u00e9s immillorable a les principals vies de comunicaci\u00f3, facilitant la log\u00edstica i el transport de mercaderies. Aquest municipi, que &#8230;<\/p>\n","protected":false},"author":77,"featured_media":0,"parent":0,"menu_order":0,"comment_status":"closed","ping_status":"closed","template":"property_list_half.php","meta":{"footnotes":""},"class_list":["post-199399","page","type-page","status-publish","hentry"],"_links":{"self":[{"href":"https:\/\/masachs.com\/ca\/wp-json\/wp\/v2\/pages\/199399"}],"collection":[{"href":"https:\/\/masachs.com\/ca\/wp-json\/wp\/v2\/pages"}],"about":[{"href":"https:\/\/masachs.com\/ca\/wp-json\/wp\/v2\/types\/page"}],"author":[{"embeddable":true,"href":"https:\/\/masachs.com\/ca\/wp-json\/wp\/v2\/users\/77"}],"replies":[{"embeddable":true,"href":"https:\/\/masachs.com\/ca\/wp-json\/wp\/v2\/comments?post=199399"}],"version-history":[{"count":5,"href":"https:\/\/masachs.com\/ca\/wp-json\/wp\/v2\/pages\/199399\/revisions"}],"predecessor-version":[{"id":400500,"href":"https:\/\/masachs.com\/ca\/wp-json\/wp\/v2\/pages\/199399\/revisions\/400500"}],"wp:attachment":[{"href":"https:\/\/masachs.com\/ca\/wp-json\/wp\/v2\/media?parent=199399"}],"curies":[{"name":"wp","href":"https:\/\/api.w.org\/{rel}","templated":true}]}}