{"id":199392,"date":"2022-06-05T19:33:58","date_gmt":"2022-06-05T17:33:58","guid":{"rendered":"https:\/\/masachs.com\/naves-en-alquiler-en-la-llagosta"},"modified":"2025-09-23T16:17:22","modified_gmt":"2025-09-23T14:17:22","slug":"alquiler-naves-industriales-la-llagosta","status":"publish","type":"page","link":"https:\/\/masachs.com\/ca\/alquiler-naves-industriales-la-llagosta","title":{"rendered":"Naus de lloguer a la Llagosta"},"content":{"rendered":"<h3>Lloguer de Naus Industrials a <strong>Llagosta<\/strong><\/h3>\n<p>Descobreix la nostra exclusiva selecci\u00f3 de naus industrials a <strong>Llagosta<\/strong>, una localitat amb una ubicaci\u00f3 estrat\u00e8gica que la converteix en un punt clau per al desenvolupament empresarial. Situada a pocs minuts d&#8217;importants vies de comunicaci\u00f3 com l&#8217;<strong>AP-7<\/strong> i la <strong>C-33<\/strong>, <strong>Llagosta<\/strong> ofereix un acc\u00e9s immillorable a <strong>Barcelona<\/strong> i a altres localitats properes com <strong>Granollers<\/strong> i <strong>Mollet del Vall\u00e8s<\/strong>.<\/p>\n<p>Aquest municipi, envoltat de barris din\u00e0mics i en creixement, proporciona un entorn ideal per a empreses que busquen expandir les seves operacions. La proximitat a zones industrials consolidades i la facilitat de transport fan de <strong>Llagosta<\/strong> una opci\u00f3 atractiva per a negocis de diversos sectors.<\/p>\n<p><strong>No perdis l&#8217;oportunitat d&#8217;establir la teva empresa en una \u00e0rea amb un gran potencial de creixement. Explora les nostres opcions de lloguer i troba l&#8217;espai perfecte que s&#8217;adapti a les teves necessitats. El teu \u00e8xit comen\u00e7a aqu\u00ed!<\/strong><\/p>\n","protected":false},"excerpt":{"rendered":"<p>Lloguer de Naus Industrials a Llagosta Descobreix la nostra exclusiva selecci\u00f3 de naus industrials a Llagosta, una localitat amb una ubicaci\u00f3 estrat\u00e8gica que la converteix en un punt clau per al desenvolupament empresarial. Situada a pocs minuts d&#8217;importants vies de comunicaci\u00f3 com l&#8217;AP-7 i la C-33, Llagosta ofereix un acc\u00e9s immillorable a Barcelona i a altres localitats properes com Granollers i Mollet del Vall\u00e8s. &#8230;<\/p>\n","protected":false},"author":77,"featured_media":0,"parent":0,"menu_order":0,"comment_status":"closed","ping_status":"closed","template":"property_list_half.php","meta":{"footnotes":""},"class_list":["post-199392","page","type-page","status-publish","hentry"],"_links":{"self":[{"href":"https:\/\/masachs.com\/ca\/wp-json\/wp\/v2\/pages\/199392"}],"collection":[{"href":"https:\/\/masachs.com\/ca\/wp-json\/wp\/v2\/pages"}],"about":[{"href":"https:\/\/masachs.com\/ca\/wp-json\/wp\/v2\/types\/page"}],"author":[{"embeddable":true,"href":"https:\/\/masachs.com\/ca\/wp-json\/wp\/v2\/users\/77"}],"replies":[{"embeddable":true,"href":"https:\/\/masachs.com\/ca\/wp-json\/wp\/v2\/comments?post=199392"}],"version-history":[{"count":4,"href":"https:\/\/masachs.com\/ca\/wp-json\/wp\/v2\/pages\/199392\/revisions"}],"predecessor-version":[{"id":369221,"href":"https:\/\/masachs.com\/ca\/wp-json\/wp\/v2\/pages\/199392\/revisions\/369221"}],"wp:attachment":[{"href":"https:\/\/masachs.com\/ca\/wp-json\/wp\/v2\/media?parent=199392"}],"curies":[{"name":"wp","href":"https:\/\/api.w.org\/{rel}","templated":true}]}}