{"id":199377,"date":"2022-06-05T15:33:09","date_gmt":"2022-06-05T13:33:09","guid":{"rendered":"https:\/\/masachs.com\/alquiler-naves-industriales-canovelles"},"modified":"2025-09-23T16:16:22","modified_gmt":"2025-09-23T14:16:22","slug":"alquiler-naves-industriales-canovelles","status":"publish","type":"page","link":"https:\/\/masachs.com\/ca\/alquiler-naves-industriales-canovelles","title":{"rendered":"Naus de lloguer a Canovelles"},"content":{"rendered":"<h3>Lloguer de Naus Industrials a <strong>Canovelles<\/strong><\/h3>\n<p>Descobreix la nostra exclusiva selecci\u00f3 de naus industrials a <strong>Canovelles<\/strong>, una localitat amb una ubicaci\u00f3 estrat\u00e8gica que la converteix en un punt neur\u00e0lgic per al desenvolupament empresarial. Situada a pocs minuts de l&#8217;<strong>AP-7<\/strong> i la <strong>C-17<\/strong>, <strong>Canovelles<\/strong> ofereix un acc\u00e9s immillorable a les principals vies de comunicaci\u00f3, facilitant la log\u00edstica i el transport de mercaderies.<\/p>\n<p>Aquest municipi, que limita amb localitats com <strong>Granollers<\/strong> i <strong>La Roca del Vall\u00e8s<\/strong>, es beneficia d&#8217;un entorn industrial en creixement, envoltat de barris que acullen una variada oferta de serveis i recursos. La proximitat a centres urbans i \u00e0rees comercials potencia la visibilitat i l&#8217;abast de la teva empresa.<\/p>\n<p>Les nostres naus industrials en lloguer han estat seleccionades per satisfer les necessitats d&#8217;empreses de diversos sectors, oferint espais amplis i vers\u00e0tils que s&#8217;adapten als teus requeriments. <strong>No perdis l&#8217;oportunitat d&#8217;establir el teu negoci en una ubicaci\u00f3 privilegiada que afavoreix el creixement i la competitivitat. Contacta&#8217;ns per a m\u00e9s informaci\u00f3 i assegura el teu espai a Canovelles!<\/strong><\/p>\n","protected":false},"excerpt":{"rendered":"<p>Lloguer de Naus Industrials a Canovelles Descobreix la nostra exclusiva selecci\u00f3 de naus industrials a Canovelles, una localitat amb una ubicaci\u00f3 estrat\u00e8gica que la converteix en un punt neur\u00e0lgic per al desenvolupament empresarial. Situada a pocs minuts de l&#8217;AP-7 i la C-17, Canovelles ofereix un acc\u00e9s immillorable a les principals vies de comunicaci\u00f3, facilitant la log\u00edstica i el transport de mercaderies. Aquest municipi, que &#8230;<\/p>\n","protected":false},"author":77,"featured_media":0,"parent":0,"menu_order":0,"comment_status":"closed","ping_status":"closed","template":"property_list_half.php","meta":{"footnotes":""},"class_list":["post-199377","page","type-page","status-publish","hentry"],"_links":{"self":[{"href":"https:\/\/masachs.com\/ca\/wp-json\/wp\/v2\/pages\/199377"}],"collection":[{"href":"https:\/\/masachs.com\/ca\/wp-json\/wp\/v2\/pages"}],"about":[{"href":"https:\/\/masachs.com\/ca\/wp-json\/wp\/v2\/types\/page"}],"author":[{"embeddable":true,"href":"https:\/\/masachs.com\/ca\/wp-json\/wp\/v2\/users\/77"}],"replies":[{"embeddable":true,"href":"https:\/\/masachs.com\/ca\/wp-json\/wp\/v2\/comments?post=199377"}],"version-history":[{"count":4,"href":"https:\/\/masachs.com\/ca\/wp-json\/wp\/v2\/pages\/199377\/revisions"}],"predecessor-version":[{"id":369215,"href":"https:\/\/masachs.com\/ca\/wp-json\/wp\/v2\/pages\/199377\/revisions\/369215"}],"wp:attachment":[{"href":"https:\/\/masachs.com\/ca\/wp-json\/wp\/v2\/media?parent=199377"}],"curies":[{"name":"wp","href":"https:\/\/api.w.org\/{rel}","templated":true}]}}