{"id":199366,"date":"2022-06-05T15:02:58","date_gmt":"2022-06-05T13:02:58","guid":{"rendered":"https:\/\/masachs.com\/alquiler-naves-industriales-sant-celoni"},"modified":"2025-10-03T11:19:35","modified_gmt":"2025-10-03T09:19:35","slug":"alquiler-naves-industriales-sant-celoni","status":"publish","type":"page","link":"https:\/\/masachs.com\/ca\/alquiler-naves-industriales-sant-celoni","title":{"rendered":"Naus de lloguer a Sant Celoni"},"content":{"rendered":"<h3>Lloguer de Naus Industrials a <strong>Sant Celoni<\/strong><\/h3>\n<p>Descobreix les nostres opcions de lloguer de naus industrials a <strong>Sant Celoni<\/strong>, una localitat estrat\u00e8gica situada al cor de la comarca del <strong>Vall\u00e8s Oriental<\/strong>. Amb una ubicaci\u00f3 privilegiada, <strong>Sant Celoni<\/strong> ofereix un acc\u00e9s immillorable a les principals vies de comunicaci\u00f3, incloent l&#8217;<strong>AP-7<\/strong> i la <strong>C-35<\/strong>, facilitant la connexi\u00f3 amb <strong>Barcelona<\/strong> i altres ciutats clau de la regi\u00f3.<\/p>\n<p>Aquest municipi no nom\u00e9s es beneficia de la seva proximitat a la capital catalana, sin\u00f3 que tamb\u00e9 est\u00e0 envoltat de barris din\u00e0mics i municipis ve\u00efns com <strong>Llinars del Vall\u00e8s<\/strong> i <strong>La Roca del Vall\u00e8s<\/strong>, la qual cosa potencia el seu atractiu per a empreses en expansi\u00f3. La zona compta amb una infraestructura s\u00f2lida i serveis de qualitat, ideals per al desenvolupament d&#8217;activitats industrials i log\u00edstiques.<\/p>\n<p>Llogar una nau a <strong>Sant Celoni<\/strong> significa posicionar el teu negoci en un entorn favorable, amb un flux constant d&#8217;oportunitats i un acc\u00e9s directe a un mercat en creixement. <strong>No perdis l&#8217;oportunitat d&#8217;establir-te en una ubicaci\u00f3 que combina accessibilitat, visibilitat i potencial de desenvolupament. Contacta&#8217;ns per a m\u00e9s informaci\u00f3 sobre les nostres naus industrials disponibles!<\/strong><\/p>\n","protected":false},"excerpt":{"rendered":"<p>Lloguer de Naus Industrials a Sant Celoni Descobreix les nostres opcions de lloguer de naus industrials a Sant Celoni, una localitat estrat\u00e8gica situada al cor de la comarca del Vall\u00e8s Oriental. Amb una ubicaci\u00f3 privilegiada, Sant Celoni ofereix un acc\u00e9s immillorable a les principals vies de comunicaci\u00f3, incloent l&#8217;AP-7 i la C-35, facilitant la connexi\u00f3 amb Barcelona i altres ciutats clau de la regi\u00f3. &#8230;<\/p>\n","protected":false},"author":77,"featured_media":0,"parent":0,"menu_order":0,"comment_status":"closed","ping_status":"closed","template":"property_list_half.php","meta":{"footnotes":""},"class_list":["post-199366","page","type-page","status-publish","hentry"],"_links":{"self":[{"href":"https:\/\/masachs.com\/ca\/wp-json\/wp\/v2\/pages\/199366"}],"collection":[{"href":"https:\/\/masachs.com\/ca\/wp-json\/wp\/v2\/pages"}],"about":[{"href":"https:\/\/masachs.com\/ca\/wp-json\/wp\/v2\/types\/page"}],"author":[{"embeddable":true,"href":"https:\/\/masachs.com\/ca\/wp-json\/wp\/v2\/users\/77"}],"replies":[{"embeddable":true,"href":"https:\/\/masachs.com\/ca\/wp-json\/wp\/v2\/comments?post=199366"}],"version-history":[{"count":5,"href":"https:\/\/masachs.com\/ca\/wp-json\/wp\/v2\/pages\/199366\/revisions"}],"predecessor-version":[{"id":400508,"href":"https:\/\/masachs.com\/ca\/wp-json\/wp\/v2\/pages\/199366\/revisions\/400508"}],"wp:attachment":[{"href":"https:\/\/masachs.com\/ca\/wp-json\/wp\/v2\/media?parent=199366"}],"curies":[{"name":"wp","href":"https:\/\/api.w.org\/{rel}","templated":true}]}}