{"id":199360,"date":"2022-06-05T14:37:52","date_gmt":"2022-06-05T12:37:52","guid":{"rendered":"https:\/\/masachs.com\/alquiler-naves-industriales-sentmenat"},"modified":"2025-10-03T11:26:04","modified_gmt":"2025-10-03T09:26:04","slug":"alquiler-naves-industriales-sentmenat","status":"publish","type":"page","link":"https:\/\/masachs.com\/ca\/alquiler-naves-industriales-sentmenat","title":{"rendered":"Naus de lloguer a Sentmenat"},"content":{"rendered":"<h3>Lloguer de Naus Industrials a <strong>Sentmenat<\/strong><\/h3>\n<p>Descobreix la nostra exclusiva selecci\u00f3 de naus industrials a <strong>Sentmenat<\/strong>, una localitat amb una ubicaci\u00f3 estrat\u00e8gica que la converteix en un punt neur\u00e0lgic per al desenvolupament empresarial. Situada a pocs minuts de l&#8217;<strong>AP-7<\/strong> i la <strong>C-58<\/strong>, <strong>Sentmenat<\/strong> ofereix un acc\u00e9s immillorable a les principals vies de comunicaci\u00f3, facilitant la log\u00edstica i el transport de mercaderies.<\/p>\n<p>Aquest municipi, que limita amb localitats com <strong>Sabadell<\/strong> i <strong>Mollet del Vall\u00e8s<\/strong>, es beneficia d&#8217;un entorn industrial en creixement, envoltat de barris que compten amb una infraestructura s\u00f2lida i serveis de qualitat. La proximitat a \u00e0rees metropolitanes com <strong>Barcelona<\/strong> amplia les oportunitats de negoci i l&#8217;acc\u00e9s a un ampli mercat.<\/p>\n<p>Les nostres naus industrials a <strong>Sentmenat<\/strong> han estat seleccionades per satisfer les necessitats d&#8217;empreses de diversos sectors, oferint espais vers\u00e0tils i adaptables. No perdis l&#8217;oportunitat d&#8217;establir el teu negoci en una ubicaci\u00f3 privilegiada que garanteix visibilitat i connectivitat. <strong>Contacta&#8217;ns per a m\u00e9s informaci\u00f3 i assegura el futur de la teva empresa a Sentmenat!<\/strong><\/p>\n","protected":false},"excerpt":{"rendered":"<p>Lloguer de Naus Industrials a Sentmenat Descobreix la nostra exclusiva selecci\u00f3 de naus industrials a Sentmenat, una localitat amb una ubicaci\u00f3 estrat\u00e8gica que la converteix en un punt neur\u00e0lgic per al desenvolupament empresarial. Situada a pocs minuts de l&#8217;AP-7 i la C-58, Sentmenat ofereix un acc\u00e9s immillorable a les principals vies de comunicaci\u00f3, facilitant la log\u00edstica i el transport de mercaderies. Aquest municipi, que &#8230;<\/p>\n","protected":false},"author":77,"featured_media":0,"parent":0,"menu_order":0,"comment_status":"closed","ping_status":"closed","template":"property_list_half.php","meta":{"footnotes":""},"class_list":["post-199360","page","type-page","status-publish","hentry"],"_links":{"self":[{"href":"https:\/\/masachs.com\/ca\/wp-json\/wp\/v2\/pages\/199360"}],"collection":[{"href":"https:\/\/masachs.com\/ca\/wp-json\/wp\/v2\/pages"}],"about":[{"href":"https:\/\/masachs.com\/ca\/wp-json\/wp\/v2\/types\/page"}],"author":[{"embeddable":true,"href":"https:\/\/masachs.com\/ca\/wp-json\/wp\/v2\/users\/77"}],"replies":[{"embeddable":true,"href":"https:\/\/masachs.com\/ca\/wp-json\/wp\/v2\/comments?post=199360"}],"version-history":[{"count":6,"href":"https:\/\/masachs.com\/ca\/wp-json\/wp\/v2\/pages\/199360\/revisions"}],"predecessor-version":[{"id":400513,"href":"https:\/\/masachs.com\/ca\/wp-json\/wp\/v2\/pages\/199360\/revisions\/400513"}],"wp:attachment":[{"href":"https:\/\/masachs.com\/ca\/wp-json\/wp\/v2\/media?parent=199360"}],"curies":[{"name":"wp","href":"https:\/\/api.w.org\/{rel}","templated":true}]}}