{"id":186215,"date":"2021-05-11T10:04:19","date_gmt":"2021-05-11T08:04:19","guid":{"rendered":"https:\/\/masachs.com\/?page_id=186215"},"modified":"2022-12-22T11:53:46","modified_gmt":"2022-12-22T10:53:46","slug":"cerquem-per-tu","status":"publish","type":"page","link":"https:\/\/masachs.com\/ca\/cerquem-per-tu","title":{"rendered":"Cerquem per tu!"},"content":{"rendered":"<p>[vc_row css=&#8221;.vc_custom_1620985772443{margin-bottom: 0px !important;}&#8221;][vc_column][vc_column_text css=&#8221;.vc_custom_1620985808700{margin-bottom: 0px !important;}&#8221;]<span style=\"font-size: 22px; line-height: 34px;\">Si est\u00e0s buscant una nau industrial, terreny, local o oficina, per\u00f2 no tens temps d&#8217;explorar tots els nostres productes o no trobes el que necessites, emplena i envia el formulari seg\u00fcent. Un dels nostres comercials cercar\u00e0 els productes disponibles segons els teus requeriments i contactar\u00e0 amb tu.<\/span>[\/vc_column_text][\/vc_column][\/vc_row][vc_row][vc_column width=&#8221;2\/3&#8243;][vc_wp_text]\n<div class=\"wpcf7 no-js\" id=\"wpcf7-f185735-o1\" lang=\"es-ES\" dir=\"ltr\" data-wpcf7-id=\"185735\">\n<div class=\"screen-reader-response\"><p role=\"status\" aria-live=\"polite\" aria-atomic=\"true\"><\/p> <ul><\/ul><\/div>\n<form action=\"\/ca\/wp-json\/wp\/v2\/pages\/186215#wpcf7-f185735-o1\" method=\"post\" class=\"wpcf7-form init\" aria-label=\"Formulario de contacto\" novalidate=\"novalidate\" data-status=\"init\">\n<div style=\"display: none;\">\n<input type=\"hidden\" name=\"_wpcf7\" value=\"185735\" \/>\n<input type=\"hidden\" name=\"_wpcf7_version\" value=\"6.0.6\" \/>\n<input type=\"hidden\" name=\"_wpcf7_locale\" value=\"es_ES\" \/>\n<input type=\"hidden\" name=\"_wpcf7_unit_tag\" value=\"wpcf7-f185735-o1\" \/>\n<input type=\"hidden\" name=\"_wpcf7_container_post\" value=\"0\" \/>\n<input type=\"hidden\" name=\"_wpcf7_posted_data_hash\" value=\"\" \/>\n<input type=\"hidden\" name=\"_wpcf7_recaptcha_response\" value=\"\" \/>\n<\/div>\n<div id=\"cerquemform\">\n\t<p><br \/>\nQuin tipus d'immoble est\u00e0s buscant?<br \/>\n<span class=\"wpcf7-form-control-wrap\" data-name=\"tipus_immoble\"><select class=\"wpcf7-form-control wpcf7-select\" aria-invalid=\"false\" name=\"tipus_immoble\"><option value=\"\">&#8212;Por favor, elige una opci\u00f3n&#8212;<\/option><option value=\"Nau industrial\">Nau industrial<\/option><option value=\"Local\">Local<\/option><option value=\"Oficina\">Oficina<\/option><option value=\"Terreny\">Terreny<\/option><\/select><\/span>\n\t<\/p>\n\t<p>Si \u00e9s una nau, de quina classe?<br \/>\n<span class=\"wpcf7-form-control-wrap\" data-name=\"classe\"><span class=\"wpcf7-form-control wpcf7-radio\"><span class=\"wpcf7-list-item first\"><label><input type=\"radio\" name=\"classe\" value=\"Industrial\" \/><span class=\"wpcf7-list-item-label\">Industrial<\/span><\/label><\/span><span class=\"wpcf7-list-item\"><label><input type=\"radio\" name=\"classe\" value=\"Log\u00edstica\" \/><span class=\"wpcf7-list-item-label\">Log\u00edstica<\/span><\/label><\/span><span class=\"wpcf7-list-item last\"><label><input type=\"radio\" name=\"classe\" value=\"Magatzem\" \/><span class=\"wpcf7-list-item-label\">Magatzem<\/span><\/label><\/span><\/span><\/span>\n\t<\/p>\n\t<p><br \/>\nTipus d'operaci\u00f3<br \/>\n<span class=\"wpcf7-form-control-wrap\" data-name=\"tipus_operacio\"><select class=\"wpcf7-form-control wpcf7-select\" aria-invalid=\"false\" name=\"tipus_operacio\"><option value=\"\">&#8212;Por favor, elige una opci\u00f3n&#8212;<\/option><option value=\"Lloguer\">Lloguer<\/option><option value=\"Venda\">Venda<\/option><option value=\"Lloguer i\/o venda\">Lloguer i\/o venda<\/option><option value=\"Inversi\u00f3\">Inversi\u00f3<\/option><\/select><\/span>\n\t<\/p>\n\t<p> A quina zona est\u00e0s buscant?<br \/>\n<span class=\"wpcf7-form-control-wrap\" data-name=\"comarca\"><input size=\"40\" maxlength=\"400\" class=\"wpcf7-form-control wpcf7-text\" aria-invalid=\"false\" placeholder=\"Comarca\" value=\"\" type=\"text\" name=\"comarca\" \/><\/span><span class=\"wpcf7-form-control-wrap\" data-name=\"poblacio\"><input size=\"40\" maxlength=\"400\" class=\"wpcf7-form-control wpcf7-text\" aria-invalid=\"false\" placeholder=\"Poblaci\u00f3\" value=\"\" type=\"text\" name=\"poblacio\" \/><\/span><span class=\"wpcf7-form-control-wrap\" data-name=\"radi_cerca\"><select class=\"wpcf7-form-control wpcf7-select\" aria-invalid=\"false\" name=\"radi_cerca\"><option value=\"\">&#8212;Por favor, elige una opci\u00f3n&#8212;<\/option><option value=\"5 km\">5 km<\/option><option value=\"10 km\">10 km<\/option><option value=\"15 km\">15 km<\/option><option value=\"20 km\">20 km<\/option><option value=\"40 km\">40 km<\/option><\/select><\/span>\n\t<\/p>\n\t<p> Quants metres quadrats necessites?<br \/>\n<span class=\"wpcf7-form-control-wrap\" data-name=\"metres\"><input size=\"40\" maxlength=\"400\" class=\"wpcf7-form-control wpcf7-text\" aria-invalid=\"false\" value=\"\" type=\"text\" name=\"metres\" \/><\/span>\n\t<\/p>\n\t<p> Quines caracter\u00edstiques s\u00f3n importants?<br \/>\n<span class=\"wpcf7-form-control-wrap\" data-name=\"caracteristiques\"><span class=\"wpcf7-form-control wpcf7-checkbox\"><span class=\"wpcf7-list-item first\"><label><input type=\"checkbox\" name=\"caracteristiques[]\" value=\"Amb una al\u00e7ada m\u00ednima\" \/><span class=\"wpcf7-list-item-label\">Amb una al\u00e7ada m\u00ednima<\/span><\/label><\/span><span class=\"wpcf7-list-item\"><label><input type=\"checkbox\" name=\"caracteristiques[]\" value=\"Pont grua\" \/><span class=\"wpcf7-list-item-label\">Pont grua<\/span><\/label><\/span><span class=\"wpcf7-list-item\"><label><input type=\"checkbox\" name=\"caracteristiques[]\" value=\"Moll de c\u00e0rrega\" \/><span class=\"wpcf7-list-item-label\">Moll de c\u00e0rrega<\/span><\/label><\/span><span class=\"wpcf7-list-item last\"><label><input type=\"checkbox\" name=\"caracteristiques[]\" value=\"Amb patis\" \/><span class=\"wpcf7-list-item-label\">Amb patis<\/span><\/label><\/span><\/span><\/span>\n\t<\/p>\n\t<p> Quin import m\u00e0xim est\u00e0s disposat a pagar pel lloguer o compra?<br \/>\n<span class=\"wpcf7-form-control-wrap\" data-name=\"import\"><input size=\"40\" maxlength=\"400\" class=\"wpcf7-form-control wpcf7-text\" aria-invalid=\"false\" value=\"\" type=\"text\" name=\"import\" \/><\/span>\n\t<\/p>\n\t<p> Comentaris (explica'ns qualsevol altra informaci\u00f3 rellevant per a tu):<br \/>\n<span class=\"wpcf7-form-control-wrap\" data-name=\"comentaris\"><textarea cols=\"40\" rows=\"10\" maxlength=\"2000\" class=\"wpcf7-form-control wpcf7-textarea\" aria-invalid=\"false\" name=\"comentaris\"><\/textarea><\/span><span class=\"wpcf7-form-control-wrap\" data-name=\"nom\"><input size=\"40\" maxlength=\"400\" class=\"wpcf7-form-control wpcf7-text wpcf7-validates-as-required\" aria-required=\"true\" aria-invalid=\"false\" placeholder=\"Nom i Cognoms*\" value=\"\" type=\"text\" name=\"nom\" \/><\/span><span class=\"wpcf7-form-control-wrap\" data-name=\"telf\"><input size=\"40\" maxlength=\"400\" class=\"wpcf7-form-control wpcf7-tel wpcf7-validates-as-required wpcf7-text wpcf7-validates-as-tel\" aria-required=\"true\" aria-invalid=\"false\" placeholder=\"Tel\u00e8fon*\" value=\"\" type=\"tel\" name=\"telf\" \/><\/span><span class=\"wpcf7-form-control-wrap\" data-name=\"email\"><input size=\"40\" maxlength=\"400\" class=\"wpcf7-form-control wpcf7-email wpcf7-validates-as-required wpcf7-text wpcf7-validates-as-email\" aria-required=\"true\" aria-invalid=\"false\" placeholder=\"Email*\" value=\"\" type=\"email\" name=\"email\" \/><\/span>\n\t<\/p>\n<input class=\"wpcf7-form-control wpcf7-hidden\" value=\"web\" type=\"hidden\" name=\"tipoSolicitud\" \/>\n\t<p style=\"display:none;\"><br \/>\n\t<input class=\"wpcf7-form-control wpcf7-hidden utm_source\" id=\"utm_source\" value=\"\" type=\"hidden\" name=\"utm_source_cf7\" \/><br \/>\n\t<input class=\"wpcf7-form-control wpcf7-hidden utm_medium\" id=\"utm_medium\" value=\"\" type=\"hidden\" name=\"utm_medium_cf7\" \/><br \/>\n\t<input class=\"wpcf7-form-control wpcf7-hidden utm_term\" id=\"utm_term\" value=\"\" type=\"hidden\" name=\"utm_term_cf7\" \/><br \/>\n\t<input class=\"wpcf7-form-control wpcf7-hidden utm_content\" id=\"utm_content\" value=\"\" type=\"hidden\" name=\"utm_content_cf7\" \/><br \/>\n\t<input class=\"wpcf7-form-control wpcf7-hidden utm_campaign\" id=\"utm_campaign\" value=\"\" type=\"hidden\" name=\"utm_campaign_cf7\" \/><br \/>\n\t<input class=\"wpcf7-form-control wpcf7-hidden gclid\" id=\"gclid\" value=\"\" type=\"hidden\" name=\"gclid_cf7\" \/>\n\t<\/p>\n\t<p><input class=\"wpcf7-form-control wpcf7-submit has-spinner red_button\" type=\"submit\" value=\"ENVIAR FORMULARI\" \/><span class=\"wpcf7-form-control-wrap\" data-name=\"politica\"><span class=\"wpcf7-form-control wpcf7-acceptance\"><span class=\"wpcf7-list-item\"><label><input type=\"checkbox\" name=\"politica\" value=\"1\" aria-invalid=\"false\" \/><span class=\"wpcf7-list-item-label\">He llegit i accepto la <a href=\"https:\/\/masachs.com\/ca\/politica-de-privadesa\" target=\u201d_blank\u201d>Pol\u00edtica de privadesa<\/a><\/span><\/label><\/span><\/span><\/span>\n\t<input class=\"wpcf7-form-control wpcf7-hidden\" id=\"landing_url\" value=\"\" type=\"hidden\" name=\"landing_url\" \/>\n\t<\/p>\n<\/div><div class=\"wpcf7-response-output\" aria-hidden=\"true\"><\/div>\n<\/form>\n<\/div>\n[\/vc_wp_text][\/vc_column][\/vc_row]<\/p>\n","protected":false},"excerpt":{"rendered":"<p>[vc_row css=&#8221;.vc_custom_1620985772443{margin-bottom: 0px !important;}&#8221;][vc_column][vc_column_text css=&#8221;.vc_custom_1620985808700{margin-bottom: 0px !important;}&#8221;]Si est\u00e0s buscant una nau industrial, terreny, local o oficina, per\u00f2 no tens temps d&#8217;explorar tots els nostres productes o no trobes el que necessites, emplena i envia el formulari seg\u00fcent. Un dels nostres comercials cercar\u00e0 els productes disponibles segons els teus requeriments i contactar\u00e0 amb tu.[\/vc_column_text][\/vc_column][\/vc_row][vc_row][vc_column width=&#8221;2\/3&#8243;][vc_wp_text][\/vc_wp_text][\/vc_column][\/vc_row]<\/p>\n","protected":false},"author":1,"featured_media":0,"parent":0,"menu_order":0,"comment_status":"closed","ping_status":"closed","template":"","meta":{"footnotes":""},"class_list":["post-186215","page","type-page","status-publish","hentry"],"_links":{"self":[{"href":"https:\/\/masachs.com\/ca\/wp-json\/wp\/v2\/pages\/186215"}],"collection":[{"href":"https:\/\/masachs.com\/ca\/wp-json\/wp\/v2\/pages"}],"about":[{"href":"https:\/\/masachs.com\/ca\/wp-json\/wp\/v2\/types\/page"}],"author":[{"embeddable":true,"href":"https:\/\/masachs.com\/ca\/wp-json\/wp\/v2\/users\/1"}],"replies":[{"embeddable":true,"href":"https:\/\/masachs.com\/ca\/wp-json\/wp\/v2\/comments?post=186215"}],"version-history":[{"count":3,"href":"https:\/\/masachs.com\/ca\/wp-json\/wp\/v2\/pages\/186215\/revisions"}],"predecessor-version":[{"id":213323,"href":"https:\/\/masachs.com\/ca\/wp-json\/wp\/v2\/pages\/186215\/revisions\/213323"}],"wp:attachment":[{"href":"https:\/\/masachs.com\/ca\/wp-json\/wp\/v2\/media?parent=186215"}],"curies":[{"name":"wp","href":"https:\/\/api.w.org\/{rel}","templated":true}]}}