{"id":180242,"date":"2020-12-16T15:49:24","date_gmt":"2020-12-16T14:49:24","guid":{"rendered":"https:\/\/masachs.com\/?page_id=180242"},"modified":"2025-09-23T16:18:23","modified_gmt":"2025-09-23T14:18:23","slug":"naus-industrials-lloguer-valles-oriental","status":"publish","type":"page","link":"https:\/\/masachs.com\/ca\/naus-industrials-lloguer-valles-oriental","title":{"rendered":"Naus de lloguer al Vall\u00e8s Oriental"},"content":{"rendered":"<h3>Lloguer de Naus Industrials al <strong>Vall\u00e8s Oriental<\/strong><\/h3>\n<p>Descobreix una \u00e0mplia selecci\u00f3 de naus industrials en lloguer al <strong>Vall\u00e8s Oriental<\/strong>, una de les zones m\u00e9s estrat\u00e8giques de <strong>Catalunya<\/strong> per al desenvolupament empresarial. Situada a pocs minuts d&#8217;importants vies de comunicaci\u00f3 com l&#8217;<strong>AP-7<\/strong> i la <strong>C-17<\/strong>, aquesta localitat ofereix un acc\u00e9s immillorable a <strong>Barcelona<\/strong> i a altres ciutats clau de la regi\u00f3.<\/p>\n<p>El <strong>Vall\u00e8s Oriental<\/strong> es beneficia de la seva proximitat a municipis ve\u00efns com <strong>Granollers<\/strong>, <strong>Mollet del Vall\u00e8s<\/strong> i <strong>La Roca del Vall\u00e8s<\/strong>, cosa que el converteix en un punt neur\u00e0lgic per a empreses que busquen optimitzar la seva log\u00edstica i distribuci\u00f3. A m\u00e9s, la zona compta amb una infraestructura robusta i una xarxa de transport p\u00fablic eficient, facilitant el despla\u00e7ament d&#8217;empleats i mercaderies.<\/p>\n<p>Les nostres naus industrials en lloguer han estat seleccionades per satisfer les necessitats de diverses ind\u00fastries, oferint espais flexibles i adaptables. No perdis l&#8217;oportunitat d&#8217;establir el teu negoci en una ubicaci\u00f3 privilegiada que potencia el creixement i la competitivitat. <strong>Contacta&#8217;ns per a m\u00e9s informaci\u00f3 i troba l&#8217;espai ideal per a la teva empresa al Vall\u00e8s Oriental!<\/strong><\/p>\n","protected":false},"excerpt":{"rendered":"<p>Lloguer de Naus Industrials al Vall\u00e8s Oriental Descobreix una \u00e0mplia selecci\u00f3 de naus industrials en lloguer al Vall\u00e8s Oriental, una de les zones m\u00e9s estrat\u00e8giques de Catalunya per al desenvolupament empresarial. Situada a pocs minuts d&#8217;importants vies de comunicaci\u00f3 com l&#8217;AP-7 i la C-17, aquesta localitat ofereix un acc\u00e9s immillorable a Barcelona i a altres ciutats clau de la regi\u00f3. El Vall\u00e8s Oriental es &#8230;<\/p>\n","protected":false},"author":9,"featured_media":0,"parent":0,"menu_order":0,"comment_status":"closed","ping_status":"closed","template":"property_list_half.php","meta":{"footnotes":""},"class_list":["post-180242","page","type-page","status-publish","hentry"],"_links":{"self":[{"href":"https:\/\/masachs.com\/ca\/wp-json\/wp\/v2\/pages\/180242"}],"collection":[{"href":"https:\/\/masachs.com\/ca\/wp-json\/wp\/v2\/pages"}],"about":[{"href":"https:\/\/masachs.com\/ca\/wp-json\/wp\/v2\/types\/page"}],"author":[{"embeddable":true,"href":"https:\/\/masachs.com\/ca\/wp-json\/wp\/v2\/users\/9"}],"replies":[{"embeddable":true,"href":"https:\/\/masachs.com\/ca\/wp-json\/wp\/v2\/comments?post=180242"}],"version-history":[{"count":3,"href":"https:\/\/masachs.com\/ca\/wp-json\/wp\/v2\/pages\/180242\/revisions"}],"predecessor-version":[{"id":369226,"href":"https:\/\/masachs.com\/ca\/wp-json\/wp\/v2\/pages\/180242\/revisions\/369226"}],"wp:attachment":[{"href":"https:\/\/masachs.com\/ca\/wp-json\/wp\/v2\/media?parent=180242"}],"curies":[{"name":"wp","href":"https:\/\/api.w.org\/{rel}","templated":true}]}}