{"id":180240,"date":"2020-12-16T15:33:04","date_gmt":"2020-12-16T14:33:04","guid":{"rendered":"https:\/\/masachs.com\/?page_id=180240"},"modified":"2025-10-31T10:41:12","modified_gmt":"2025-10-31T09:41:12","slug":"naus-de-lloguer-al-valles-occidental","status":"publish","type":"page","link":"https:\/\/masachs.com\/ca\/naus-de-lloguer-al-valles-occidental","title":{"rendered":"Naus de lloguer al Vall\u00e8s Occidental"},"content":{"rendered":"<h3>Lloguer de Naus Industrials al <strong>Vall\u00e8s Occidental<\/strong><\/h3>\n<p>Descobreix una \u00e0mplia selecci\u00f3 de naus industrials en lloguer al <strong>Vall\u00e8s Occidental<\/strong>, una de les zones m\u00e9s estrat\u00e8giques de <strong>Catalunya<\/strong> per al desenvolupament empresarial. Situada a pocs minuts de <strong>Barcelona<\/strong>, aquesta \u00e0rea es beneficia d&#8217;una excel\u00b7lent connectivitat gr\u00e0cies a la seva proximitat a importants vies de comunicaci\u00f3 com l&#8217;<strong>AP-7<\/strong> i la <strong>C-58<\/strong>, facilitant l&#8217;acc\u00e9s a mercats locals i internacionals.<\/p>\n<p>El <strong>Vall\u00e8s Occidental<\/strong> alberga municipis clau com <strong>Sabadell<\/strong>, <strong>Terrassa<\/strong> i <strong>Sant Cugat del Vall\u00e8s<\/strong>, que ofereixen un entorn din\u00e0mic i en constant creixement. A m\u00e9s, la proximitat a barris industrials consolidats i la disponibilitat de serveis log\u00edstics de qualitat fan d&#8217;aquesta regi\u00f3 una opci\u00f3 ideal per a empreses que busquen optimitzar la seva operativa.<\/p>\n<p><strong>No perdis l&#8217;oportunitat d&#8217;establir el teu negoci en un espai que combina ubicaci\u00f3, accessibilitat i potencial de creixement. Explora les nostres opcions de lloguer i troba la nau industrial que s&#8217;adapti a les teves necessitats.<\/strong><\/p>\n","protected":false},"excerpt":{"rendered":"<p>Lloguer de Naus Industrials al Vall\u00e8s Occidental Descobreix una \u00e0mplia selecci\u00f3 de naus industrials en lloguer al Vall\u00e8s Occidental, una de les zones m\u00e9s estrat\u00e8giques de Catalunya per al desenvolupament empresarial. Situada a pocs minuts de Barcelona, aquesta \u00e0rea es beneficia d&#8217;una excel\u00b7lent connectivitat gr\u00e0cies a la seva proximitat a importants vies de comunicaci\u00f3 com l&#8217;AP-7 i la C-58, facilitant l&#8217;acc\u00e9s a mercats locals &#8230;<\/p>\n","protected":false},"author":9,"featured_media":0,"parent":0,"menu_order":0,"comment_status":"closed","ping_status":"closed","template":"property_list_half.php","meta":{"footnotes":""},"class_list":["post-180240","page","type-page","status-publish","hentry"],"_links":{"self":[{"href":"https:\/\/masachs.com\/ca\/wp-json\/wp\/v2\/pages\/180240"}],"collection":[{"href":"https:\/\/masachs.com\/ca\/wp-json\/wp\/v2\/pages"}],"about":[{"href":"https:\/\/masachs.com\/ca\/wp-json\/wp\/v2\/types\/page"}],"author":[{"embeddable":true,"href":"https:\/\/masachs.com\/ca\/wp-json\/wp\/v2\/users\/9"}],"replies":[{"embeddable":true,"href":"https:\/\/masachs.com\/ca\/wp-json\/wp\/v2\/comments?post=180240"}],"version-history":[{"count":2,"href":"https:\/\/masachs.com\/ca\/wp-json\/wp\/v2\/pages\/180240\/revisions"}],"predecessor-version":[{"id":369224,"href":"https:\/\/masachs.com\/ca\/wp-json\/wp\/v2\/pages\/180240\/revisions\/369224"}],"wp:attachment":[{"href":"https:\/\/masachs.com\/ca\/wp-json\/wp\/v2\/media?parent=180240"}],"curies":[{"name":"wp","href":"https:\/\/api.w.org\/{rel}","templated":true}]}}