{"id":180230,"date":"2020-12-16T14:42:22","date_gmt":"2020-12-16T13:42:22","guid":{"rendered":"https:\/\/masachs.com\/?page_id=180230"},"modified":"2025-10-03T11:14:17","modified_gmt":"2025-10-03T09:14:17","slug":"naus-industrials-lloguer-girona","status":"publish","type":"page","link":"https:\/\/masachs.com\/ca\/naus-industrials-lloguer-girona","title":{"rendered":"Naus de lloguer a Girona"},"content":{"rendered":"<h3>Lloguer de Naus Industrials a <strong>Girona<\/strong><\/h3>\n<p>Descobreix la nostra exclusiva selecci\u00f3 de naus industrials en lloguer a <strong>Girona<\/strong>, una localitat amb una ubicaci\u00f3 estrat\u00e8gica que la converteix en un punt neur\u00e0lgic per al desenvolupament empresarial. Situada a pocs minuts de l&#8217;<strong>AP-7<\/strong> i la <strong>N-II<\/strong>, <strong>Girona<\/strong> ofereix un acc\u00e9s immillorable a les principals vies de comunicaci\u00f3, facilitant la log\u00edstica i el transport de mercaderies.<\/p>\n<p>La nostra oferta inclou naus en barris destacats com el <strong>Pol\u00edgon Industrial de Girona<\/strong>, conegut per la seva infraestructura moderna i serveis de qualitat. A m\u00e9s, la proximitat a municipis ve\u00efns com <strong>Salt<\/strong> i <strong>Fornells de la Selva<\/strong> amplia les possibilitats de col\u00b7laboraci\u00f3 i sinergies comercials.<\/p>\n<p>Llogar una nau industrial a <strong>Girona<\/strong> no nom\u00e9s et garanteix un espai funcional i adaptat a les teves necessitats, sin\u00f3 tamb\u00e9 l&#8217;oportunitat de formar part d&#8217;un entorn empresarial din\u00e0mic i en constant creixement. <strong>No perdis l&#8217;oportunitat d&#8217;establir el teu negoci en una ubicaci\u00f3 privilegiada que potenciar\u00e0 la teva competitivitat al mercat. Contacta&#8217;ns per a m\u00e9s informaci\u00f3 i descobreix l&#8217;espai ideal per a la teva empresa!<\/strong><\/p>\n","protected":false},"excerpt":{"rendered":"<p>Lloguer de Naus Industrials a Girona Descobreix la nostra exclusiva selecci\u00f3 de naus industrials en lloguer a Girona, una localitat amb una ubicaci\u00f3 estrat\u00e8gica que la converteix en un punt neur\u00e0lgic per al desenvolupament empresarial. Situada a pocs minuts de l&#8217;AP-7 i la N-II, Girona ofereix un acc\u00e9s immillorable a les principals vies de comunicaci\u00f3, facilitant la log\u00edstica i el transport de mercaderies. La &#8230;<\/p>\n","protected":false},"author":9,"featured_media":0,"parent":0,"menu_order":0,"comment_status":"closed","ping_status":"closed","template":"property_list_half.php","meta":{"footnotes":""},"class_list":["post-180230","page","type-page","status-publish","hentry"],"_links":{"self":[{"href":"https:\/\/masachs.com\/ca\/wp-json\/wp\/v2\/pages\/180230"}],"collection":[{"href":"https:\/\/masachs.com\/ca\/wp-json\/wp\/v2\/pages"}],"about":[{"href":"https:\/\/masachs.com\/ca\/wp-json\/wp\/v2\/types\/page"}],"author":[{"embeddable":true,"href":"https:\/\/masachs.com\/ca\/wp-json\/wp\/v2\/users\/9"}],"replies":[{"embeddable":true,"href":"https:\/\/masachs.com\/ca\/wp-json\/wp\/v2\/comments?post=180230"}],"version-history":[{"count":2,"href":"https:\/\/masachs.com\/ca\/wp-json\/wp\/v2\/pages\/180230\/revisions"}],"predecessor-version":[{"id":400496,"href":"https:\/\/masachs.com\/ca\/wp-json\/wp\/v2\/pages\/180230\/revisions\/400496"}],"wp:attachment":[{"href":"https:\/\/masachs.com\/ca\/wp-json\/wp\/v2\/media?parent=180230"}],"curies":[{"name":"wp","href":"https:\/\/api.w.org\/{rel}","templated":true}]}}