{"id":180197,"date":"2020-12-16T11:41:10","date_gmt":"2020-12-16T10:41:10","guid":{"rendered":"https:\/\/masachs.com\/?page_id=180197"},"modified":"2020-12-16T11:41:10","modified_gmt":"2020-12-16T10:41:10","slug":"naus-de-lloguer-a-aranjuez","status":"publish","type":"page","link":"https:\/\/masachs.com\/ca\/naus-de-lloguer-a-aranjuez","title":{"rendered":"Naus de lloguer a Aranjuez"},"content":{"rendered":"<h3>Lloguer de Naus Industrials a <strong>Aranjuez<\/strong>: Oportunitats Estrat\u00e8giques per al teu Negoci<\/h3>\n<p>Descobreix la nostra exclusiva selecci\u00f3 de naus industrials a <strong>Aranjuez<\/strong>, una localitat amb una ubicaci\u00f3 estrat\u00e8gica que la converteix en un punt clau per al desenvolupament de la teva empresa. Situada a nom\u00e9s 50 km de <strong>Madrid<\/strong>, <strong>Aranjuez<\/strong> ofereix un acc\u00e9s immillorable a les principals vies de comunicaci\u00f3, incloent l&#8217;<strong>A-4<\/strong> i la <strong>N-400<\/strong>, facilitant la log\u00edstica i el transport de mercaderies.<\/p>\n<p>Aquest municipi, conegut per la seva rica hist\u00f2ria i patrimoni, es troba envoltat de barris en creixement i municipis ve\u00efns com <strong>Ciempozuelos<\/strong> i <strong>San Mart\u00edn de la Vega<\/strong>, la qual cosa potencia el seu atractiu per a empreses de diversos sectors. La proximitat a la capital i la connexi\u00f3 amb importants eixos de transport fan d&#8217;<strong>Aranjuez<\/strong> un lloc ideal per establir el teu negoci i aprofitar les oportunitats que ofereix el mercat.<\/p>\n<p><strong>No perdis l&#8217;oportunitat de llogar un espai que s&#8217;adapti a les teves necessitats i que et situ\u00ef al cor d&#8217;una zona en constant desenvolupament. Contacta&#8217;ns per a m\u00e9s informaci\u00f3 i troba la nau industrial perfecta per a la teva empresa a Aranjuez!<\/strong><\/p>\n","protected":false},"excerpt":{"rendered":"<p>Lloguer de Naus Industrials a Aranjuez: Oportunitats Estrat\u00e8giques per al teu Negoci Descobreix la nostra exclusiva selecci\u00f3 de naus industrials a Aranjuez, una localitat amb una ubicaci\u00f3 estrat\u00e8gica que la converteix en un punt clau per al desenvolupament de la teva empresa. Situada a nom\u00e9s 50 km de Madrid, Aranjuez ofereix un acc\u00e9s immillorable a les principals vies de comunicaci\u00f3, incloent l&#8217;A-4 i la &#8230;<\/p>\n","protected":false},"author":9,"featured_media":0,"parent":0,"menu_order":0,"comment_status":"closed","ping_status":"closed","template":"property_list_half.php","meta":{"footnotes":""},"class_list":["post-180197","page","type-page","status-publish","hentry"],"_links":{"self":[{"href":"https:\/\/masachs.com\/ca\/wp-json\/wp\/v2\/pages\/180197"}],"collection":[{"href":"https:\/\/masachs.com\/ca\/wp-json\/wp\/v2\/pages"}],"about":[{"href":"https:\/\/masachs.com\/ca\/wp-json\/wp\/v2\/types\/page"}],"author":[{"embeddable":true,"href":"https:\/\/masachs.com\/ca\/wp-json\/wp\/v2\/users\/9"}],"replies":[{"embeddable":true,"href":"https:\/\/masachs.com\/ca\/wp-json\/wp\/v2\/comments?post=180197"}],"version-history":[{"count":1,"href":"https:\/\/masachs.com\/ca\/wp-json\/wp\/v2\/pages\/180197\/revisions"}],"predecessor-version":[{"id":180198,"href":"https:\/\/masachs.com\/ca\/wp-json\/wp\/v2\/pages\/180197\/revisions\/180198"}],"wp:attachment":[{"href":"https:\/\/masachs.com\/ca\/wp-json\/wp\/v2\/media?parent=180197"}],"curies":[{"name":"wp","href":"https:\/\/api.w.org\/{rel}","templated":true}]}}