{"id":180193,"date":"2020-12-16T11:32:00","date_gmt":"2020-12-16T10:32:00","guid":{"rendered":"https:\/\/masachs.com\/?page_id=180193"},"modified":"2025-10-03T11:11:20","modified_gmt":"2025-10-03T09:11:20","slug":"naus-industrials-lloguer-ajalvir","status":"publish","type":"page","link":"https:\/\/masachs.com\/ca\/naus-industrials-lloguer-ajalvir","title":{"rendered":"Naus de lloguer a Ajalvir"},"content":{"rendered":"<h3>Lloguer de Naus Industrials a <strong>Ajalvir<\/strong>: Oportunitats Estrat\u00e8giques per al teu Negoci<\/h3>\n<p>Descobreix la nostra exclusiva selecci\u00f3 de naus industrials a <strong>Ajalvir<\/strong>, una localitat amb una ubicaci\u00f3 estrat\u00e8gica que la converteix en un punt clau per al desenvolupament empresarial. Situada a pocs minuts de l&#8217;<strong>A-2<\/strong> i la <strong>R-2<\/strong>, <strong>Ajalvir<\/strong> ofereix un acc\u00e9s immillorable a <strong>Madrid<\/strong> i a altres ciutats importants de la <strong>Comunitat de Madrid<\/strong>.<\/p>\n<p>Aquest municipi, que limita amb localitats com <strong>Alcal\u00e1 de Henares<\/strong> i <strong>San Fernando de Henares<\/strong>, es beneficia d&#8217;una xarxa de transport eficient que facilita la log\u00edstica i distribuci\u00f3 de mercaderies. A m\u00e9s, la seva proximitat a barris industrials en expansi\u00f3 i a centres log\u00edstics de renom, potencia encara m\u00e9s el seu atractiu per a empreses de diversos sectors.<\/p>\n<p>Les nostres naus industrials a <strong>Ajalvir<\/strong> han estat seleccionades per satisfer les necessitats del teu negoci, oferint espais amplis i vers\u00e0tils que s&#8217;adapten a diferents activitats. No perdis l&#8217;oportunitat d&#8217;establir la teva empresa en una ubicaci\u00f3 privilegiada que afavoreix el creixement i la connectivitat. Contacta&#8217;ns per a m\u00e9s informaci\u00f3 sobre les nostres opcions de lloguer!<\/p>\n","protected":false},"excerpt":{"rendered":"<p>Lloguer de Naus Industrials a Ajalvir: Oportunitats Estrat\u00e8giques per al teu Negoci Descobreix la nostra exclusiva selecci\u00f3 de naus industrials a Ajalvir, una localitat amb una ubicaci\u00f3 estrat\u00e8gica que la converteix en un punt clau per al desenvolupament empresarial. Situada a pocs minuts de l&#8217;A-2 i la R-2, Ajalvir ofereix un acc\u00e9s immillorable a Madrid i a altres ciutats importants de la Comunitat de &#8230;<\/p>\n","protected":false},"author":9,"featured_media":0,"parent":0,"menu_order":0,"comment_status":"closed","ping_status":"closed","template":"property_list_half.php","meta":{"footnotes":""},"class_list":["post-180193","page","type-page","status-publish","hentry"],"_links":{"self":[{"href":"https:\/\/masachs.com\/ca\/wp-json\/wp\/v2\/pages\/180193"}],"collection":[{"href":"https:\/\/masachs.com\/ca\/wp-json\/wp\/v2\/pages"}],"about":[{"href":"https:\/\/masachs.com\/ca\/wp-json\/wp\/v2\/types\/page"}],"author":[{"embeddable":true,"href":"https:\/\/masachs.com\/ca\/wp-json\/wp\/v2\/users\/9"}],"replies":[{"embeddable":true,"href":"https:\/\/masachs.com\/ca\/wp-json\/wp\/v2\/comments?post=180193"}],"version-history":[{"count":2,"href":"https:\/\/masachs.com\/ca\/wp-json\/wp\/v2\/pages\/180193\/revisions"}],"predecessor-version":[{"id":400491,"href":"https:\/\/masachs.com\/ca\/wp-json\/wp\/v2\/pages\/180193\/revisions\/400491"}],"wp:attachment":[{"href":"https:\/\/masachs.com\/ca\/wp-json\/wp\/v2\/media?parent=180193"}],"curies":[{"name":"wp","href":"https:\/\/api.w.org\/{rel}","templated":true}]}}