{"id":180186,"date":"2020-12-16T11:07:10","date_gmt":"2020-12-16T10:07:10","guid":{"rendered":"https:\/\/masachs.com\/?page_id=180186"},"modified":"2025-10-03T11:27:29","modified_gmt":"2025-10-03T09:27:29","slug":"naus-industrials-lloguer-baix-llobregat","status":"publish","type":"page","link":"https:\/\/masachs.com\/ca\/naus-industrials-lloguer-baix-llobregat","title":{"rendered":"Naus de lloguer al Baix Llobregat"},"content":{"rendered":"<h3>Lloguer de Naus Industrials al <strong>Baix Llobregat<\/strong>: Oportunitats Estrat\u00e8giques per al teu Negoci<\/h3>\n<p>Descobreix la nostra exclusiva selecci\u00f3 de naus industrials al <strong>Baix Llobregat<\/strong>, una de les zones m\u00e9s estrat\u00e8giques per al desenvolupament empresarial a <strong>Catalunya<\/strong>. Situada a pocs minuts de <strong>Barcelona<\/strong>, aquesta \u00e0rea ofereix un acc\u00e9s immillorable a les principals vies de comunicaci\u00f3, com l&#8217;<strong>AP-2<\/strong> i la <strong>C-32<\/strong>, facilitant la log\u00edstica i el transport de mercaderies.<\/p>\n<p>El <strong>Baix Llobregat<\/strong> es beneficia d&#8217;una ubicaci\u00f3 privilegiada, envoltada de municipis com <strong>Sant Boi de Llobregat<\/strong>, <strong>Cornell\u00e0 de Llobregat<\/strong> i <strong>El Prat de Llobregat<\/strong>, la qual cosa la converteix en un punt neur\u00e0lgic per a empreses de diversos sectors. A m\u00e9s, la proximitat a l&#8217;<strong>Aeroport de Barcelona-El Prat<\/strong> i al <strong>port de la ciutat<\/strong> amplia les possibilitats de connexi\u00f3 nacional i internacional.<\/p>\n<p>Les nostres naus industrials han estat seleccionades per satisfer les necessitats d&#8217;empreses en creixement, oferint espais amplis i vers\u00e0tils que s&#8217;adapten a diferents activitats. <strong>No perdis l&#8217;oportunitat d&#8217;establir el teu negoci en una ubicaci\u00f3 que garanteix visibilitat i accessibilitat. Contacta&#8217;ns avui per a m\u00e9s informaci\u00f3 sobre les nostres opcions de lloguer al Baix Llobregat!<\/strong><\/p>\n","protected":false},"excerpt":{"rendered":"<p>Lloguer de Naus Industrials al Baix Llobregat: Oportunitats Estrat\u00e8giques per al teu Negoci Descobreix la nostra exclusiva selecci\u00f3 de naus industrials al Baix Llobregat, una de les zones m\u00e9s estrat\u00e8giques per al desenvolupament empresarial a Catalunya. Situada a pocs minuts de Barcelona, aquesta \u00e0rea ofereix un acc\u00e9s immillorable a les principals vies de comunicaci\u00f3, com l&#8217;AP-2 i la C-32, facilitant la log\u00edstica i el &#8230;<\/p>\n","protected":false},"author":9,"featured_media":0,"parent":0,"menu_order":0,"comment_status":"closed","ping_status":"closed","template":"property_list_half.php","meta":{"footnotes":""},"class_list":["post-180186","page","type-page","status-publish","hentry"],"_links":{"self":[{"href":"https:\/\/masachs.com\/ca\/wp-json\/wp\/v2\/pages\/180186"}],"collection":[{"href":"https:\/\/masachs.com\/ca\/wp-json\/wp\/v2\/pages"}],"about":[{"href":"https:\/\/masachs.com\/ca\/wp-json\/wp\/v2\/types\/page"}],"author":[{"embeddable":true,"href":"https:\/\/masachs.com\/ca\/wp-json\/wp\/v2\/users\/9"}],"replies":[{"embeddable":true,"href":"https:\/\/masachs.com\/ca\/wp-json\/wp\/v2\/comments?post=180186"}],"version-history":[{"count":3,"href":"https:\/\/masachs.com\/ca\/wp-json\/wp\/v2\/pages\/180186\/revisions"}],"predecessor-version":[{"id":400518,"href":"https:\/\/masachs.com\/ca\/wp-json\/wp\/v2\/pages\/180186\/revisions\/400518"}],"wp:attachment":[{"href":"https:\/\/masachs.com\/ca\/wp-json\/wp\/v2\/media?parent=180186"}],"curies":[{"name":"wp","href":"https:\/\/api.w.org\/{rel}","templated":true}]}}