{"id":179651,"date":"2020-12-11T10:07:08","date_gmt":"2020-12-11T09:07:08","guid":{"rendered":"https:\/\/masachs.com\/?page_id=179651"},"modified":"2025-10-03T11:13:15","modified_gmt":"2025-10-03T09:13:15","slug":"naus-de-lloguer-a-barcelona","status":"publish","type":"page","link":"https:\/\/masachs.com\/ca\/naus-de-lloguer-a-barcelona","title":{"rendered":"Naus de lloguer a Barcelona"},"content":{"rendered":"<h3>Lloguer de Naus Industrials a <strong>Barcelona<\/strong>: Oportunitats Estrat\u00e8giques per al teu Negoci<\/h3>\n<p>Descobreix la nostra exclusiva selecci\u00f3 de naus industrials en lloguer a <strong>Barcelona<\/strong>, una de les ciutats m\u00e9s din\u00e0miques i estrat\u00e8gicament situades d&#8217;Europa. Situades en punts clau de la metr\u00f2polis, les nostres propietats ofereixen f\u00e0cil acc\u00e9s a importants vies de comunicaci\u00f3, com la <strong>Ronda Litoral<\/strong> i l&#8217;<strong>Autopista AP-7<\/strong>, facilitant la log\u00edstica i distribuci\u00f3 de la teva empresa.<\/p>\n<p><strong>Barcelona<\/strong> no nom\u00e9s \u00e9s un centre econ\u00f2mic vibrant, sin\u00f3 que tamb\u00e9 est\u00e0 envoltada de municipis ve\u00efns com <strong>Hospitalet de Llobregat<\/strong> i <strong>Sant Adri\u00e0 de Bes\u00f2s<\/strong>, que amplien les oportunitats de negoci i col\u00b7laboraci\u00f3. A m\u00e9s, la proximitat a barris industrials com el <strong>22@<\/strong> i el <strong>Pol\u00edgon de la Zona Franca<\/strong> garanteix un entorn propici per al creixement i la innovaci\u00f3.<\/p>\n<p><strong>No perdis l&#8217;oportunitat d&#8217;establir la teva empresa en una ubicaci\u00f3 privilegiada que maximitza la visibilitat i la connectivitat. Explora les nostres opcions de lloguer i troba l&#8217;espai ideal que s&#8217;adapti a les teves necessitats. El teu \u00e8xit comen\u00e7a aqu\u00ed!<\/strong><\/p>\n","protected":false},"excerpt":{"rendered":"<p>Lloguer de Naus Industrials a Barcelona: Oportunitats Estrat\u00e8giques per al teu Negoci Descobreix la nostra exclusiva selecci\u00f3 de naus industrials en lloguer a Barcelona, una de les ciutats m\u00e9s din\u00e0miques i estrat\u00e8gicament situades d&#8217;Europa. Situades en punts clau de la metr\u00f2polis, les nostres propietats ofereixen f\u00e0cil acc\u00e9s a importants vies de comunicaci\u00f3, com la Ronda Litoral i l&#8217;Autopista AP-7, facilitant la log\u00edstica i distribuci\u00f3 &#8230;<\/p>\n","protected":false},"author":9,"featured_media":0,"parent":0,"menu_order":0,"comment_status":"closed","ping_status":"closed","template":"property_list_half.php","meta":{"footnotes":""},"class_list":["post-179651","page","type-page","status-publish","hentry"],"_links":{"self":[{"href":"https:\/\/masachs.com\/ca\/wp-json\/wp\/v2\/pages\/179651"}],"collection":[{"href":"https:\/\/masachs.com\/ca\/wp-json\/wp\/v2\/pages"}],"about":[{"href":"https:\/\/masachs.com\/ca\/wp-json\/wp\/v2\/types\/page"}],"author":[{"embeddable":true,"href":"https:\/\/masachs.com\/ca\/wp-json\/wp\/v2\/users\/9"}],"replies":[{"embeddable":true,"href":"https:\/\/masachs.com\/ca\/wp-json\/wp\/v2\/comments?post=179651"}],"version-history":[{"count":2,"href":"https:\/\/masachs.com\/ca\/wp-json\/wp\/v2\/pages\/179651\/revisions"}],"predecessor-version":[{"id":400493,"href":"https:\/\/masachs.com\/ca\/wp-json\/wp\/v2\/pages\/179651\/revisions\/400493"}],"wp:attachment":[{"href":"https:\/\/masachs.com\/ca\/wp-json\/wp\/v2\/media?parent=179651"}],"curies":[{"name":"wp","href":"https:\/\/api.w.org\/{rel}","templated":true}]}}