{"id":176921,"date":"2020-11-11T13:36:03","date_gmt":"2020-11-11T12:36:03","guid":{"rendered":"https:\/\/masachs.com\/politica-de-privacitat-xarxes-socials"},"modified":"2025-12-12T15:33:02","modified_gmt":"2025-12-12T14:33:02","slug":"politica-de-privacitat-xarxes-socials","status":"publish","type":"page","link":"https:\/\/masachs.com\/ca\/politica-de-privacitat-xarxes-socials","title":{"rendered":"Pol\u00edtica de Privacitat Xarxes Socials"},"content":{"rendered":"<p>D&#8217;acord amb all\u00f2 que estableix la normativa vigent en Protecci\u00f3 de Dades de Car\u00e0cter Personal (RGPD) i la Llei 34\/2002, d&#8217;11 de juliol, de Serveis de la Societat de la Informaci\u00f3 i Comer\u00e7 Electr\u00f2nic (LSSI-CE), MASACHS 1975 SL informa els seus usuaris que ha procedit a crear un perfil a les xarxes socials Facebook i Linkedin, amb la finalitat principal de publicitar els seus productes i serveis.<\/p>\n<p>Dades de MASACHS 1975 SL:<\/p>\n<p>CIF: B61544185<\/p>\n<p>ADRE\u00c7A: PLA\u00c7A CLAV\u00c9, 13, 1r DESPATX 2 08221, TERRASSA (BARCELONA)<\/p>\n<p>CORREU ELECTR\u00d2NIC:\u00a0<u>masachs@masachs.com<\/u><\/p>\n<p>DOMINI WEB:\u00a0<a href=\"https:\/\/masachs.com\/ca\">www.masachs.com<\/a><\/p>\n<p>L&#8217;usuari disposa d&#8217;un perfil a la mateixa xarxa social i ha decidit unir-se a la p\u00e0gina creada per MASACHS 1975 SL, mostrant aix\u00ed inter\u00e8s en la informaci\u00f3 que es publiqui a la xarxa. En unir-se a la nostra p\u00e0gina, ens facilita el seu consentiment per al tractament d&#8217;aquelles dades personals publicades al seu perfil.<\/p>\n<p>L&#8217;usuari pot accedir en qualsevol moment a les pol\u00edtiques de privacitat de la pr\u00f2pia xarxa social, aix\u00ed com configurar el seu perfil per garantir la seva privacitat.<\/p>\n<p>MASACHS 1975 SL t\u00e9 acc\u00e9s i tracta aquella informaci\u00f3 p\u00fablica de l&#8217;usuari, en especial, el seu nom de contacte. Aquestes dades nom\u00e9s s&#8217;utilitzen dins de la pr\u00f2pia xarxa social. No s&#8217;incorporen a cap fitxer.<\/p>\n<p>En relaci\u00f3 als drets d&#8217;acc\u00e9s, rectificaci\u00f3, limitaci\u00f3 de tractament, supressi\u00f3, portabilitat i oposici\u00f3 al tractament de les seves dades de car\u00e0cter personal, dels que l&#8217;usuari disposa i que poden ser exercits davant de MASACHS 1975 SL, d&#8217;acord amb la RGPD, cal tenir en compte els matisos seg\u00fcents:<\/p>\n<ul>\n<li>Acc\u00e9s: estar\u00e0 definit per la funcionalitat de la xarxa social i la capacitat d&#8217;acc\u00e9s a la informaci\u00f3 dels perfils dels usuaris.<\/li>\n<li>Rectificaci\u00f3: nom\u00e9s es podr\u00e0 satisfer en relaci\u00f3 a aquella informaci\u00f3 que es trobi sota el control de MASACHS 1975 SL, per exemple, eliminar comentaris publicats a la pr\u00f2pia p\u00e0gina. Normalment, aquest dret caldr\u00e0 exercir-lo davant de la xarxa social.<\/li>\n<li>Cancel\u00b7laci\u00f3 i\/o Oposici\u00f3: com en el cas anterior, nom\u00e9s es podr\u00e0 satisfer en relaci\u00f3 a aquella informaci\u00f3 que es trobi sota el control de MASACHS 1975 SL, per exemple, deixar d&#8217;estar unit al perfil.<\/li>\n<\/ul>\n<p>MASACHS 1975 SL dur\u00e0 a terme les actuacions seg\u00fcents:<\/p>\n<ul>\n<li>Acc\u00e9s a la informaci\u00f3 p\u00fablica del perfil.<\/li>\n<li>Publicaci\u00f3 al perfil de l&#8217;usuari de tota aquella informaci\u00f3 ja publicada a la p\u00e0gina de MASACHS 1975 SL.<\/li>\n<li>Enviar missatges personals i individuals a trav\u00e9s dels canals de la xarxa social.<\/li>\n<li>Actualitzacions de l&#8217;estat de la p\u00e0gina que es publicaran al perfil de l&#8217;usuari.<\/li>\n<\/ul>\n<p>L&#8217;usuari sempre pot controlar les seves connexions, eliminar els continguts que li deixin d&#8217;interessar i restringir amb qui comparteix les seves connexions, per a la qual cosa haur\u00e0 d&#8217;accedir a la seva configuraci\u00f3 de privacitat.<\/p>\n<p><strong>Publicacions<\/strong><\/p>\n<p>L&#8217;usuari, un cop unit a la p\u00e0gina de MASACHS 1975 SL, podr\u00e0 publicar en aquesta darrera comentaris, enlla\u00e7os, imatges o fotografies o qualsevol altre tipus de contingut multim\u00e8dia suportat per la xarxa social. L&#8217;usuari, en tots els casos, ha de ser el titular d&#8217;aquests, gaudir dels drets d&#8217;autor i de propietat intel\u00b7lectual o comptar amb el consentiment dels tercers afectats. Es prohibeix expressament qualsevol publicaci\u00f3 a la p\u00e0gina, ja siguin textos, gr\u00e0fics, fotografies, v\u00eddeos, etc. que atemptin o siguin susceptibles de atemptar contra la moral, l&#8217;\u00e8tica, el bon gust o el dec\u00f2rum, i\/o que infringeixin, violin o trenquin els drets de propietat intel\u00b7lectual o industrial, el dret a la imatge o la Llei. En aquests casos, MASACHS 1975 SL es reserva el dret de retirar immediatament el contingut, i podr\u00e0 sol\u00b7licitar el bloqueig permanent de l&#8217;usuari.<\/p>\n<p>MASACHS 1975 SL no es far\u00e0 responsable dels continguts que lliurement hagi publicat un usuari.<\/p>\n<p>L&#8217;usuari ha de tenir present que les seves publicacions seran conegudes per altres usuaris, per la qual cosa ell mateix \u00e9s el principal responsable de la seva privacitat.<\/p>\n<p>Les imatges que es puguin publicar a la p\u00e0gina no seran emmagatzemades a cap fitxer per part de MASACHS 1975 SL, per\u00f2 s\u00ed que romandran a la xarxa social.<\/p>\n<p><strong>Concursos i promocions<\/strong><\/p>\n<p>MASACHS 1975 SL es reserva el dret de fer concursos i promocions, en els quals podr\u00e0 participar l&#8217;usuari unit a la seva p\u00e0gina. Les bases de cadascun, quan es faci servir per a aix\u00f2 la plataforma de la xarxa social, seran publicades en aquesta. Compliran sempre amb la LSSI-CE i amb qualsevol altra norma que sigui aplicable.<\/p>\n<p>La xarxa social no patrocina, avala ni administra, de cap manera, cap de les nostres promocions, hi ni est\u00e0 associada.<\/p>\n<p><strong>Publicitat<\/strong><\/p>\n<p>MASACHS 1975 SL utilitzar\u00e0 la xarxa social per publicar els seus productes i serveis, en qualsevol cas, si decideix tractar les dades de contacte de l&#8217;usuari per fer accions directes de prospecci\u00f3 comercial, ser\u00e0 sempre complint amb les exig\u00e8ncies legals de la RGPD i de la LSSI-CE.<\/p>\n<p>No es considerar\u00e0 publicitat el fet de recomanar a altres usuaris la p\u00e0gina de MASACHS 1975 SL perqu\u00e8 tamb\u00e9 ells puguin gaudir de les promocions o estar informats de la seva activitat.<\/p>\n<p>A continuaci\u00f3 detallem l&#8217;enlla\u00e7 a la pol\u00edtica de privacitat de cada xarxa social:<\/p>\n<ul>\n<li>Facebook:\u00a0<a href=\"https:\/\/www.facebook.com\/help\/323540651073243\/\">https:\/\/www.facebook.com\/help\/323540651073243\/<\/a><\/li>\n<li>Linkedin:\u00a0<a href=\"http:\/\/www.linkedin.com\/legal\/privacy-policy?trk=hb_ft_priv\">http:\/\/www.linkedin.com\/legal\/privacy-policy?trk=hb_ft_priv<\/a><\/li>\n<\/ul>\n<p>&nbsp;<\/p>\n","protected":false},"excerpt":{"rendered":"<p>D&#8217;acord amb all\u00f2 que estableix la normativa vigent en Protecci\u00f3 de Dades de Car\u00e0cter Personal (RGPD) i la Llei 34\/2002, d&#8217;11 de juliol, de Serveis de la Societat de la Informaci\u00f3 i Comer\u00e7 Electr\u00f2nic (LSSI-CE), MASACHS 1975 SL informa els seus usuaris que ha procedit a crear un perfil a les xarxes socials Facebook i Linkedin, amb la finalitat principal de publicitar els seus &#8230;<\/p>\n","protected":false},"author":1,"featured_media":0,"parent":0,"menu_order":0,"comment_status":"closed","ping_status":"closed","template":"","meta":{"footnotes":""},"class_list":["post-176921","page","type-page","status-publish","hentry"],"_links":{"self":[{"href":"https:\/\/masachs.com\/ca\/wp-json\/wp\/v2\/pages\/176921"}],"collection":[{"href":"https:\/\/masachs.com\/ca\/wp-json\/wp\/v2\/pages"}],"about":[{"href":"https:\/\/masachs.com\/ca\/wp-json\/wp\/v2\/types\/page"}],"author":[{"embeddable":true,"href":"https:\/\/masachs.com\/ca\/wp-json\/wp\/v2\/users\/1"}],"replies":[{"embeddable":true,"href":"https:\/\/masachs.com\/ca\/wp-json\/wp\/v2\/comments?post=176921"}],"version-history":[{"count":5,"href":"https:\/\/masachs.com\/ca\/wp-json\/wp\/v2\/pages\/176921\/revisions"}],"predecessor-version":[{"id":434660,"href":"https:\/\/masachs.com\/ca\/wp-json\/wp\/v2\/pages\/176921\/revisions\/434660"}],"wp:attachment":[{"href":"https:\/\/masachs.com\/ca\/wp-json\/wp\/v2\/media?parent=176921"}],"curies":[{"name":"wp","href":"https:\/\/api.w.org\/{rel}","templated":true}]}}