{"id":176028,"date":"2020-10-27T10:47:26","date_gmt":"2020-10-27T09:47:26","guid":{"rendered":"https:\/\/masachs.com\/?page_id=176028"},"modified":"2020-10-27T10:47:26","modified_gmt":"2020-10-27T09:47:26","slug":"naus-de-lloguer-a-santpedor","status":"publish","type":"page","link":"https:\/\/masachs.com\/ca\/naus-de-lloguer-a-santpedor","title":{"rendered":"Naus de lloguer a Santpedor"},"content":{"rendered":"<h3>Lloguer de Naus Industrials a <strong>Santpedor<\/strong><\/h3>\n<p>Descobreix la nostra exclusiva selecci\u00f3 de naus industrials a <strong>Santpedor<\/strong>, una localitat amb una ubicaci\u00f3 estrat\u00e8gica que la converteix en un punt clau per al desenvolupament empresarial. Situada a pocs minuts de <strong>Manresa<\/strong> i a nom\u00e9s 50 km de <strong>Barcelona<\/strong>, <strong>Santpedor<\/strong> ofereix un acc\u00e9s immillorable a les principals vies de comunicaci\u00f3, com la <strong>C-55<\/strong> i la <strong>C-16<\/strong>, facilitant la log\u00edstica i el transport de mercaderies.<\/p>\n<p>Aquest municipi, envoltat de barris en creixement i amb una comunitat empresarial activa, \u00e9s ideal per a empreses que busquen expandir les seves operacions en un entorn din\u00e0mic. A m\u00e9s, la seva proximitat a localitats com <strong>Art\u00e9s<\/strong> i <strong>Navarcles<\/strong>, aix\u00ed com a importants centres industrials, garanteix un flux constant d&#8217;oportunitats comercials.<\/p>\n<p>No perdis l&#8217;oportunitat d&#8217;establir el teu negoci en una ubicaci\u00f3 privilegiada. <strong>Explora les nostres opcions de lloguer i troba l&#8217;espai perfecte que s&#8217;adapti a les teves necessitats. El teu \u00e8xit comen\u00e7a aqu\u00ed, a Santpedor!<\/strong><\/p>\n","protected":false},"excerpt":{"rendered":"<p>Lloguer de Naus Industrials a Santpedor Descobreix la nostra exclusiva selecci\u00f3 de naus industrials a Santpedor, una localitat amb una ubicaci\u00f3 estrat\u00e8gica que la converteix en un punt clau per al desenvolupament empresarial. Situada a pocs minuts de Manresa i a nom\u00e9s 50 km de Barcelona, Santpedor ofereix un acc\u00e9s immillorable a les principals vies de comunicaci\u00f3, com la C-55 i la C-16, facilitant &#8230;<\/p>\n","protected":false},"author":9,"featured_media":0,"parent":0,"menu_order":0,"comment_status":"closed","ping_status":"closed","template":"property_list_half.php","meta":{"footnotes":""},"class_list":["post-176028","page","type-page","status-publish","hentry"],"_links":{"self":[{"href":"https:\/\/masachs.com\/ca\/wp-json\/wp\/v2\/pages\/176028"}],"collection":[{"href":"https:\/\/masachs.com\/ca\/wp-json\/wp\/v2\/pages"}],"about":[{"href":"https:\/\/masachs.com\/ca\/wp-json\/wp\/v2\/types\/page"}],"author":[{"embeddable":true,"href":"https:\/\/masachs.com\/ca\/wp-json\/wp\/v2\/users\/9"}],"replies":[{"embeddable":true,"href":"https:\/\/masachs.com\/ca\/wp-json\/wp\/v2\/comments?post=176028"}],"version-history":[{"count":2,"href":"https:\/\/masachs.com\/ca\/wp-json\/wp\/v2\/pages\/176028\/revisions"}],"predecessor-version":[{"id":176030,"href":"https:\/\/masachs.com\/ca\/wp-json\/wp\/v2\/pages\/176028\/revisions\/176030"}],"wp:attachment":[{"href":"https:\/\/masachs.com\/ca\/wp-json\/wp\/v2\/media?parent=176028"}],"curies":[{"name":"wp","href":"https:\/\/api.w.org\/{rel}","templated":true}]}}