{"id":171325,"date":"2020-09-16T12:17:15","date_gmt":"2020-09-16T10:17:15","guid":{"rendered":"https:\/\/masachs.com\/naus-de-lloguer-a-la-roca-del-valles"},"modified":"2025-09-23T16:17:29","modified_gmt":"2025-09-23T14:17:29","slug":"naus-de-lloguer-a-la-roca-del-valles","status":"publish","type":"page","link":"https:\/\/masachs.com\/ca\/naus-de-lloguer-a-la-roca-del-valles","title":{"rendered":"Naus de lloguer a la Roca del Vall\u00e8s"},"content":{"rendered":"<h3>Lloguer de Naus Industrials a <strong>Roca del Vall\u00e8s<\/strong><\/h3>\n<p>Descobreix una \u00e0mplia selecci\u00f3 de naus industrials en lloguer a <strong>Roca del Vall\u00e8s<\/strong>, una localitat estrat\u00e8gica situada al cor de la comarca del <strong>Vall\u00e8s Oriental<\/strong>. Aquest enclavament es beneficia de la seva proximitat a importants vies de comunicaci\u00f3, com l&#8217;<strong>AP-7<\/strong> i la <strong>C-58<\/strong>, que faciliten l&#8217;acc\u00e9s a <strong>Barcelona<\/strong> i altres ciutats clau de la regi\u00f3.<\/p>\n<p><strong>Roca del Vall\u00e8s<\/strong> es troba envoltada de barris din\u00e0mics i municipis ve\u00efns com <strong>Sant Cugat del Vall\u00e8s<\/strong> i <strong>Rub\u00ed<\/strong>, la qual cosa la converteix en un punt neur\u00e0lgic per a empreses que busquen optimitzar la seva log\u00edstica i distribuci\u00f3. La zona compta amb una infraestructura s\u00f2lida i serveis de qualitat, ideals per al desenvolupament d&#8217;activitats industrials i comercials.<\/p>\n<p>No perdis l&#8217;oportunitat d&#8217;establir el teu negoci en un entorn que afavoreix el creixement i la connectivitat. <strong>Explora les nostres opcions de lloguer i troba l&#8217;espai perfecte per a les teves necessitats empresarials a Roca del Vall\u00e8s.<\/strong><\/p>\n","protected":false},"excerpt":{"rendered":"<p>Lloguer de Naus Industrials a Roca del Vall\u00e8s Descobreix una \u00e0mplia selecci\u00f3 de naus industrials en lloguer a Roca del Vall\u00e8s, una localitat estrat\u00e8gica situada al cor de la comarca del Vall\u00e8s Oriental. Aquest enclavament es beneficia de la seva proximitat a importants vies de comunicaci\u00f3, com l&#8217;AP-7 i la C-58, que faciliten l&#8217;acc\u00e9s a Barcelona i altres ciutats clau de la regi\u00f3. Roca &#8230;<\/p>\n","protected":false},"author":9,"featured_media":0,"parent":0,"menu_order":0,"comment_status":"closed","ping_status":"closed","template":"property_list_half.php","meta":{"footnotes":""},"class_list":["post-171325","page","type-page","status-publish","hentry"],"_links":{"self":[{"href":"https:\/\/masachs.com\/ca\/wp-json\/wp\/v2\/pages\/171325"}],"collection":[{"href":"https:\/\/masachs.com\/ca\/wp-json\/wp\/v2\/pages"}],"about":[{"href":"https:\/\/masachs.com\/ca\/wp-json\/wp\/v2\/types\/page"}],"author":[{"embeddable":true,"href":"https:\/\/masachs.com\/ca\/wp-json\/wp\/v2\/users\/9"}],"replies":[{"embeddable":true,"href":"https:\/\/masachs.com\/ca\/wp-json\/wp\/v2\/comments?post=171325"}],"version-history":[{"count":2,"href":"https:\/\/masachs.com\/ca\/wp-json\/wp\/v2\/pages\/171325\/revisions"}],"predecessor-version":[{"id":369222,"href":"https:\/\/masachs.com\/ca\/wp-json\/wp\/v2\/pages\/171325\/revisions\/369222"}],"wp:attachment":[{"href":"https:\/\/masachs.com\/ca\/wp-json\/wp\/v2\/media?parent=171325"}],"curies":[{"name":"wp","href":"https:\/\/api.w.org\/{rel}","templated":true}]}}