{"id":171313,"date":"2020-09-16T12:01:47","date_gmt":"2020-09-16T10:01:47","guid":{"rendered":"https:\/\/masachs.com\/naus-de-lloguer-a-mollet-del-valles"},"modified":"2020-09-16T12:02:28","modified_gmt":"2020-09-16T10:02:28","slug":"naus-de-lloguer-a-mollet-del-valles","status":"publish","type":"page","link":"https:\/\/masachs.com\/ca\/naus-de-lloguer-a-mollet-del-valles","title":{"rendered":"Naus de lloguer a Mollet del Vall\u00e8s"},"content":{"rendered":"<h3>Lloguer de Naus Industrials a <strong>Mollet del Vall\u00e8s<\/strong><\/h3>\n<p>Descobreix les nostres naus industrials en lloguer a <strong>Mollet del Vall\u00e8s<\/strong>, una localitat estrat\u00e8gica situada al cor de la comarca del <strong>Vall\u00e8s Oriental<\/strong>. Aquest municipi es beneficia d&#8217;una ubicaci\u00f3 privilegiada, amb acc\u00e9s directe a importants vies de comunicaci\u00f3 com l&#8217;<strong>AP-7<\/strong> i la <strong>C-17<\/strong>, facilitant la connexi\u00f3 amb <strong>Barcelona<\/strong> i altres ciutats clau de la regi\u00f3.<\/p>\n<p><strong>Mollet del Vall\u00e8s<\/strong> es troba envoltat de barris din\u00e0mics i municipis ve\u00efns com <strong>Montcada i Reixac<\/strong>, <strong>Santa Perp\u00e8tua de Mogoda<\/strong> i <strong>Parets del Vall\u00e8s<\/strong>, la qual cosa potencia el seu atractiu per a empreses que busquen un entorn industrial competitiu. La proximitat a l&#8217;estaci\u00f3 de tren i a diverses parades d&#8217;autob\u00fas assegura una excel\u00b7lent mobilitat per a empleats i clients.<\/p>\n<p>Les nostres naus industrials han estat seleccionades per satisfer les necessitats d&#8217;empreses de diversos sectors, oferint espais amplis i vers\u00e0tils en una ubicaci\u00f3 que maximitza l&#8217;efici\u00e8ncia log\u00edstica. <strong>No perdis l&#8217;oportunitat d&#8217;establir el teu negoci en una \u00e0rea en constant creixement i amb un gran potencial. Contacta&#8217;ns per a m\u00e9s informaci\u00f3 sobre les nostres opcions de lloguer!<\/strong><\/p>\n","protected":false},"excerpt":{"rendered":"<p>Lloguer de Naus Industrials a Mollet del Vall\u00e8s Descobreix les nostres naus industrials en lloguer a Mollet del Vall\u00e8s, una localitat estrat\u00e8gica situada al cor de la comarca del Vall\u00e8s Oriental. Aquest municipi es beneficia d&#8217;una ubicaci\u00f3 privilegiada, amb acc\u00e9s directe a importants vies de comunicaci\u00f3 com l&#8217;AP-7 i la C-17, facilitant la connexi\u00f3 amb Barcelona i altres ciutats clau de la regi\u00f3. Mollet &#8230;<\/p>\n","protected":false},"author":9,"featured_media":0,"parent":0,"menu_order":0,"comment_status":"closed","ping_status":"closed","template":"property_list_half.php","meta":{"footnotes":""},"class_list":["post-171313","page","type-page","status-publish","hentry"],"_links":{"self":[{"href":"https:\/\/masachs.com\/ca\/wp-json\/wp\/v2\/pages\/171313"}],"collection":[{"href":"https:\/\/masachs.com\/ca\/wp-json\/wp\/v2\/pages"}],"about":[{"href":"https:\/\/masachs.com\/ca\/wp-json\/wp\/v2\/types\/page"}],"author":[{"embeddable":true,"href":"https:\/\/masachs.com\/ca\/wp-json\/wp\/v2\/users\/9"}],"replies":[{"embeddable":true,"href":"https:\/\/masachs.com\/ca\/wp-json\/wp\/v2\/comments?post=171313"}],"version-history":[{"count":1,"href":"https:\/\/masachs.com\/ca\/wp-json\/wp\/v2\/pages\/171313\/revisions"}],"predecessor-version":[{"id":171314,"href":"https:\/\/masachs.com\/ca\/wp-json\/wp\/v2\/pages\/171313\/revisions\/171314"}],"wp:attachment":[{"href":"https:\/\/masachs.com\/ca\/wp-json\/wp\/v2\/media?parent=171313"}],"curies":[{"name":"wp","href":"https:\/\/api.w.org\/{rel}","templated":true}]}}