{"id":171296,"date":"2020-09-16T11:55:52","date_gmt":"2020-09-16T09:55:52","guid":{"rendered":"https:\/\/masachs.com\/naus-de-lloguer-a-granollers"},"modified":"2025-09-23T16:17:02","modified_gmt":"2025-09-23T14:17:02","slug":"naus-de-lloguer-a-granollers","status":"publish","type":"page","link":"https:\/\/masachs.com\/ca\/naus-de-lloguer-a-granollers","title":{"rendered":"Naus de lloguer a Granollers"},"content":{"rendered":"<h3>Lloguer de Naus Industrials a <strong>Granollers<\/strong><\/h3>\n<p>Descobreix la nostra exclusiva selecci\u00f3 de naus industrials a <strong>Granollers<\/strong>, una localitat amb una ubicaci\u00f3 estrat\u00e8gica que la converteix en un punt neur\u00e0lgic per al desenvolupament empresarial. Situada a nom\u00e9s 30 quil\u00f2metres de <strong>Barcelona<\/strong>, <strong>Granollers<\/strong> ofereix un acc\u00e9s immillorable a les principals vies de comunicaci\u00f3, incloent l&#8217;<strong>AP-7<\/strong> i la <strong>C-17<\/strong>, facilitant la connexi\u00f3 amb importants municipis ve\u00efns com <strong>Mollet del Vall\u00e8s<\/strong>, <strong>La Roca del Vall\u00e8s<\/strong> i <strong>Cardedeu<\/strong>.<\/p>\n<p>Les nostres naus industrials estan ubicades en zones properes a barris clau, cosa que garanteix una excel\u00b7lent visibilitat i accessibilitat per a les teves operacions. Amb un entorn din\u00e0mic i en constant creixement, <strong>Granollers<\/strong> es presenta com l&#8217;opci\u00f3 ideal per a empreses que busquen expandir la seva pres\u00e8ncia al mercat. <strong>Aprofita aquesta oportunitat d&#8217;establir el teu negoci en una de les \u00e0rees m\u00e9s prometedores de la comarca del Vall\u00e8s Oriental. Contacta&#8217;ns i troba l&#8217;espai perfecte per a la teva empresa!<\/strong><\/p>\n","protected":false},"excerpt":{"rendered":"<p>Lloguer de Naus Industrials a Granollers Descobreix la nostra exclusiva selecci\u00f3 de naus industrials a Granollers, una localitat amb una ubicaci\u00f3 estrat\u00e8gica que la converteix en un punt neur\u00e0lgic per al desenvolupament empresarial. Situada a nom\u00e9s 30 quil\u00f2metres de Barcelona, Granollers ofereix un acc\u00e9s immillorable a les principals vies de comunicaci\u00f3, incloent l&#8217;AP-7 i la C-17, facilitant la connexi\u00f3 amb importants municipis ve\u00efns com &#8230;<\/p>\n","protected":false},"author":9,"featured_media":0,"parent":0,"menu_order":0,"comment_status":"closed","ping_status":"closed","template":"property_list_half.php","meta":{"footnotes":""},"class_list":["post-171296","page","type-page","status-publish","hentry"],"_links":{"self":[{"href":"https:\/\/masachs.com\/ca\/wp-json\/wp\/v2\/pages\/171296"}],"collection":[{"href":"https:\/\/masachs.com\/ca\/wp-json\/wp\/v2\/pages"}],"about":[{"href":"https:\/\/masachs.com\/ca\/wp-json\/wp\/v2\/types\/page"}],"author":[{"embeddable":true,"href":"https:\/\/masachs.com\/ca\/wp-json\/wp\/v2\/users\/9"}],"replies":[{"embeddable":true,"href":"https:\/\/masachs.com\/ca\/wp-json\/wp\/v2\/comments?post=171296"}],"version-history":[{"count":2,"href":"https:\/\/masachs.com\/ca\/wp-json\/wp\/v2\/pages\/171296\/revisions"}],"predecessor-version":[{"id":369219,"href":"https:\/\/masachs.com\/ca\/wp-json\/wp\/v2\/pages\/171296\/revisions\/369219"}],"wp:attachment":[{"href":"https:\/\/masachs.com\/ca\/wp-json\/wp\/v2\/media?parent=171296"}],"curies":[{"name":"wp","href":"https:\/\/api.w.org\/{rel}","templated":true}]}}