{"id":171284,"date":"2020-09-16T11:35:49","date_gmt":"2020-09-16T09:35:49","guid":{"rendered":"https:\/\/masachs.com\/naus-de-lloguer-a-santa-perpetua-de-mogoda"},"modified":"2025-10-03T11:22:30","modified_gmt":"2025-10-03T09:22:30","slug":"naus-de-lloguer-a-santa-perpetua-de-mogoda","status":"publish","type":"page","link":"https:\/\/masachs.com\/ca\/naus-de-lloguer-a-santa-perpetua-de-mogoda","title":{"rendered":"Naus de lloguer a Santa Perp\u00e8tua de Mogoda"},"content":{"rendered":"<h3>Lloguer de Naus Industrials a <strong>Santa Perp\u00e8tua de Mogoda<\/strong><\/h3>\n<p>Descobreix una \u00e0mplia selecci\u00f3 de naus industrials en lloguer a <strong>Santa Perp\u00e8tua de Mogoda<\/strong>, una localitat estrat\u00e8gica situada al cor de la comarca del <strong>Vall\u00e8s Oriental<\/strong>. Amb la seva proximitat a importants vies de comunicaci\u00f3 com l&#8217;<strong>AP-7<\/strong> i la <strong>C-59<\/strong>, aix\u00ed com la seva proximitat a municipis clau com <strong>Granollers<\/strong> i <strong>Sabadell<\/strong>, aquesta zona es presenta com un punt neur\u00e0lgic per al desenvolupament empresarial.<\/p>\n<p><strong>Santa Perp\u00e8tua de Mogoda<\/strong> no nom\u00e9s ofereix un entorn industrial consolidat, sin\u00f3 que tamb\u00e9 compta amb una excel\u00b7lent connectivitat que facilita l&#8217;acc\u00e9s a <strong>Barcelona<\/strong> i altres \u00e0rees metropolitanes. Els barris propers, com el <strong>Pol\u00edgon Industrial Can Salvatella<\/strong>, proporcionen un ambient propici per a l&#8217;activitat comercial i log\u00edstica.<\/p>\n<p>Llogar una nau en aquesta localitat significa posicionar la teva empresa en un lloc estrat\u00e8gic, optimitzant tant la distribuci\u00f3 de productes com l&#8217;acc\u00e9s a clients i prove\u00efdors. <strong>No perdis l&#8217;oportunitat d&#8217;establir el teu negoci en una \u00e0rea amb un gran potencial de creixement i desenvolupament. Contacta&#8217;ns per a m\u00e9s informaci\u00f3 sobre les nostres opcions de lloguer!<\/strong><\/p>\n","protected":false},"excerpt":{"rendered":"<p>Lloguer de Naus Industrials a Santa Perp\u00e8tua de Mogoda Descobreix una \u00e0mplia selecci\u00f3 de naus industrials en lloguer a Santa Perp\u00e8tua de Mogoda, una localitat estrat\u00e8gica situada al cor de la comarca del Vall\u00e8s Oriental. Amb la seva proximitat a importants vies de comunicaci\u00f3 com l&#8217;AP-7 i la C-59, aix\u00ed com la seva proximitat a municipis clau com Granollers i Sabadell, aquesta zona es &#8230;<\/p>\n","protected":false},"author":9,"featured_media":0,"parent":0,"menu_order":0,"comment_status":"closed","ping_status":"closed","template":"property_list_half.php","meta":{"footnotes":""},"class_list":["post-171284","page","type-page","status-publish","hentry"],"_links":{"self":[{"href":"https:\/\/masachs.com\/ca\/wp-json\/wp\/v2\/pages\/171284"}],"collection":[{"href":"https:\/\/masachs.com\/ca\/wp-json\/wp\/v2\/pages"}],"about":[{"href":"https:\/\/masachs.com\/ca\/wp-json\/wp\/v2\/types\/page"}],"author":[{"embeddable":true,"href":"https:\/\/masachs.com\/ca\/wp-json\/wp\/v2\/users\/9"}],"replies":[{"embeddable":true,"href":"https:\/\/masachs.com\/ca\/wp-json\/wp\/v2\/comments?post=171284"}],"version-history":[{"count":3,"href":"https:\/\/masachs.com\/ca\/wp-json\/wp\/v2\/pages\/171284\/revisions"}],"predecessor-version":[{"id":400511,"href":"https:\/\/masachs.com\/ca\/wp-json\/wp\/v2\/pages\/171284\/revisions\/400511"}],"wp:attachment":[{"href":"https:\/\/masachs.com\/ca\/wp-json\/wp\/v2\/media?parent=171284"}],"curies":[{"name":"wp","href":"https:\/\/api.w.org\/{rel}","templated":true}]}}