{"id":171276,"date":"2020-09-16T11:26:29","date_gmt":"2020-09-16T09:26:29","guid":{"rendered":"https:\/\/masachs.com\/naus-de-lloguer-a-sant-cugat-del-valles"},"modified":"2025-10-03T11:24:20","modified_gmt":"2025-10-03T09:24:20","slug":"naus-de-lloguer-a-sant-cugat-del-valles","status":"publish","type":"page","link":"https:\/\/masachs.com\/ca\/naus-de-lloguer-a-sant-cugat-del-valles","title":{"rendered":"Naus de lloguer a Sant Cugat del Vall\u00e8s"},"content":{"rendered":"<h3>Lloguer de Naus Industrials a <strong>Sant Cugat del Vall\u00e8s<\/strong><\/h3>\n<p>Descobreix una \u00e0mplia selecci\u00f3 de naus industrials en lloguer a <strong>Sant Cugat del Vall\u00e8s<\/strong>, una localitat estrat\u00e8gica que combina un entorn empresarial din\u00e0mic amb una excel\u00b7lent connectivitat. Situada a nom\u00e9s 20 minuts de <strong>Barcelona<\/strong>, <strong>Sant Cugat<\/strong> es beneficia de la seva proximitat a importants vies de comunicaci\u00f3 com l&#8217;<strong>AP-7<\/strong> i la <strong>C-16<\/strong>, facilitant l&#8217;acc\u00e9s a mercats clau a tota <strong>Catalunya<\/strong>.<\/p>\n<p>Aquest municipi, conegut per la seva qualitat de vida i el seu entorn empresarial, est\u00e0 envoltat de barris com <strong>Mira-sol<\/strong> i <strong>Volpelleres<\/strong>, aix\u00ed com de municipis ve\u00efns com <strong>Rub\u00ed<\/strong> i <strong>Cerdanyola del Vall\u00e8s<\/strong>. La zona \u00e9s ideal per a empreses que busquen un espai que no nom\u00e9s ofereixi funcionalitat, sin\u00f3 tamb\u00e9 una ubicaci\u00f3 privilegiada per al desenvolupament de les seves operacions.<\/p>\n<p>Les nostres naus industrials en lloguer han estat seleccionades per satisfer les necessitats de diverses ind\u00fastries, garantint un entorn \u00f2ptim per al creixement i la productivitat. No perdis l&#8217;oportunitat d&#8217;establir el teu negoci en un lloc que combina accessibilitat, infraestructura moderna i un entorn empresarial en constant evoluci\u00f3. <strong>Contacta&#8217;ns per a m\u00e9s informaci\u00f3 i troba l&#8217;espai perfecte per a la teva empresa a Sant Cugat del Vall\u00e8s!<\/strong><\/p>\n","protected":false},"excerpt":{"rendered":"<p>Lloguer de Naus Industrials a Sant Cugat del Vall\u00e8s Descobreix una \u00e0mplia selecci\u00f3 de naus industrials en lloguer a Sant Cugat del Vall\u00e8s, una localitat estrat\u00e8gica que combina un entorn empresarial din\u00e0mic amb una excel\u00b7lent connectivitat. Situada a nom\u00e9s 20 minuts de Barcelona, Sant Cugat es beneficia de la seva proximitat a importants vies de comunicaci\u00f3 com l&#8217;AP-7 i la C-16, facilitant l&#8217;acc\u00e9s a &#8230;<\/p>\n","protected":false},"author":9,"featured_media":0,"parent":0,"menu_order":0,"comment_status":"closed","ping_status":"closed","template":"property_list_half.php","meta":{"footnotes":""},"class_list":["post-171276","page","type-page","status-publish","hentry"],"_links":{"self":[{"href":"https:\/\/masachs.com\/ca\/wp-json\/wp\/v2\/pages\/171276"}],"collection":[{"href":"https:\/\/masachs.com\/ca\/wp-json\/wp\/v2\/pages"}],"about":[{"href":"https:\/\/masachs.com\/ca\/wp-json\/wp\/v2\/types\/page"}],"author":[{"embeddable":true,"href":"https:\/\/masachs.com\/ca\/wp-json\/wp\/v2\/users\/9"}],"replies":[{"embeddable":true,"href":"https:\/\/masachs.com\/ca\/wp-json\/wp\/v2\/comments?post=171276"}],"version-history":[{"count":2,"href":"https:\/\/masachs.com\/ca\/wp-json\/wp\/v2\/pages\/171276\/revisions"}],"predecessor-version":[{"id":400512,"href":"https:\/\/masachs.com\/ca\/wp-json\/wp\/v2\/pages\/171276\/revisions\/400512"}],"wp:attachment":[{"href":"https:\/\/masachs.com\/ca\/wp-json\/wp\/v2\/media?parent=171276"}],"curies":[{"name":"wp","href":"https:\/\/api.w.org\/{rel}","templated":true}]}}