{"id":171272,"date":"2020-09-16T11:21:15","date_gmt":"2020-09-16T09:21:15","guid":{"rendered":"https:\/\/masachs.com\/naus-de-lloguer-a-sabadell"},"modified":"2025-09-23T16:17:47","modified_gmt":"2025-09-23T14:17:47","slug":"naus-de-lloguer-a-sabadell","status":"publish","type":"page","link":"https:\/\/masachs.com\/ca\/naus-de-lloguer-a-sabadell","title":{"rendered":"Naus de lloguer a Sabadell"},"content":{"rendered":"<h3>Lloguer de Naus Industrials a <strong>Sabadell<\/strong><\/h3>\n<p>Descobreix la nostra exclusiva selecci\u00f3 de naus industrials a <strong>Sabadell<\/strong>, una localitat amb una ubicaci\u00f3 estrat\u00e8gica que la converteix en un punt neur\u00e0lgic per al desenvolupament empresarial. Situada a nom\u00e9s 20 quil\u00f2metres de <strong>Barcelona<\/strong>, <strong>Sabadell<\/strong> ofereix un acc\u00e9s immillorable a les principals vies de comunicaci\u00f3, com l&#8217;<strong>AP-7<\/strong> i la <strong>C-58<\/strong>, facilitant la connexi\u00f3 amb altres ciutats clau de la regi\u00f3.<\/p>\n<p>La nostra oferta inclou naus industrials en barris destacats com <strong>Can Roqueta<\/strong> i <strong>La Creu Alta<\/strong>, aix\u00ed com a les proximitats de municipis ve\u00efns com <strong>Terrassa<\/strong> i <strong>Barber\u00e0 del Vall\u00e8s<\/strong>. Aquestes \u00e0rees no nom\u00e9s compten amb una infraestructura s\u00f2lida, sin\u00f3 que tamb\u00e9 estan envoltades de serveis i recursos que potenciaran l&#8217;operativa de la teva empresa.<\/p>\n<p>Llogar una nau industrial a <strong>Sabadell<\/strong> significa triar un entorn din\u00e0mic i en constant creixement, ideal per a empreses que busquen maximitzar el seu potencial log\u00edstic i comercial. <strong>No perdis l&#8217;oportunitat d&#8217;establir el teu negoci en una de les localitats m\u00e9s prometedores de l&#8217;\u00e0rea metropolitana de Barcelona. Contacta&#8217;ns per a m\u00e9s informaci\u00f3 i troba l&#8217;espai perfecte per a la teva empresa!<\/strong><\/p>\n","protected":false},"excerpt":{"rendered":"<p>Lloguer de Naus Industrials a Sabadell Descobreix la nostra exclusiva selecci\u00f3 de naus industrials a Sabadell, una localitat amb una ubicaci\u00f3 estrat\u00e8gica que la converteix en un punt neur\u00e0lgic per al desenvolupament empresarial. Situada a nom\u00e9s 20 quil\u00f2metres de Barcelona, Sabadell ofereix un acc\u00e9s immillorable a les principals vies de comunicaci\u00f3, com l&#8217;AP-7 i la C-58, facilitant la connexi\u00f3 amb altres ciutats clau de &#8230;<\/p>\n","protected":false},"author":9,"featured_media":0,"parent":0,"menu_order":0,"comment_status":"closed","ping_status":"closed","template":"property_list_half.php","meta":{"footnotes":""},"class_list":["post-171272","page","type-page","status-publish","hentry"],"_links":{"self":[{"href":"https:\/\/masachs.com\/ca\/wp-json\/wp\/v2\/pages\/171272"}],"collection":[{"href":"https:\/\/masachs.com\/ca\/wp-json\/wp\/v2\/pages"}],"about":[{"href":"https:\/\/masachs.com\/ca\/wp-json\/wp\/v2\/types\/page"}],"author":[{"embeddable":true,"href":"https:\/\/masachs.com\/ca\/wp-json\/wp\/v2\/users\/9"}],"replies":[{"embeddable":true,"href":"https:\/\/masachs.com\/ca\/wp-json\/wp\/v2\/comments?post=171272"}],"version-history":[{"count":2,"href":"https:\/\/masachs.com\/ca\/wp-json\/wp\/v2\/pages\/171272\/revisions"}],"predecessor-version":[{"id":369223,"href":"https:\/\/masachs.com\/ca\/wp-json\/wp\/v2\/pages\/171272\/revisions\/369223"}],"wp:attachment":[{"href":"https:\/\/masachs.com\/ca\/wp-json\/wp\/v2\/media?parent=171272"}],"curies":[{"name":"wp","href":"https:\/\/api.w.org\/{rel}","templated":true}]}}