{"id":171255,"date":"2020-09-15T15:20:48","date_gmt":"2020-09-15T13:20:48","guid":{"rendered":"https:\/\/masachs.com\/naus-de-lloguer-a-montcada-i-reixac"},"modified":"2025-10-03T11:18:08","modified_gmt":"2025-10-03T09:18:08","slug":"naus-de-lloguer-a-montcada-i-reixac","status":"publish","type":"page","link":"https:\/\/masachs.com\/ca\/naus-de-lloguer-a-montcada-i-reixac","title":{"rendered":"Naus de lloguer a Montcada i Reixac"},"content":{"rendered":"<h3>Lloguer de Naus Industrials a <strong>Montcada i Reixac<\/strong><\/h3>\n<p>Descobreix una \u00e0mplia selecci\u00f3 de naus industrials en lloguer a <strong>Montcada i Reixac<\/strong>, una localitat estrat\u00e8gica situada a nom\u00e9s 10 km de <strong>Barcelona<\/strong>. Aquest municipi es beneficia d&#8217;una ubicaci\u00f3 privilegiada, amb f\u00e0cil acc\u00e9s a importants vies de comunicaci\u00f3 com l&#8217;<strong>AP-7<\/strong> i la <strong>C-58<\/strong>, que connecten r\u00e0pidament amb l&#8217;\u00e0rea metropolitana i altres ciutats clau de <strong>Catalunya<\/strong>.<\/p>\n<p><strong>Montcada i Reixac<\/strong> es troba envoltat de barris din\u00e0mics i municipis ve\u00efns com <strong>Ripollet<\/strong>, <strong>Badalona<\/strong> i <strong>Sant Cugat del Vall\u00e8s<\/strong>, la qual cosa el converteix en un punt neur\u00e0lgic per a empreses que busquen optimitzar la seva log\u00edstica i distribuci\u00f3. La proximitat a l&#8217;estaci\u00f3 de tren i diverses parades d&#8217;autob\u00fas facilita el transport d&#8217;empleats i mercaderies, assegurant una connectivitat excepcional.<\/p>\n<p>Les nostres naus industrials en lloguer han estat seleccionades per satisfer les necessitats de diverses ind\u00fastries, oferint espais amplis i vers\u00e0tils que s&#8217;adapten a qualsevol tipus d&#8217;activitat. <strong>No perdis l&#8217;oportunitat d&#8217;establir el teu negoci en una ubicaci\u00f3 que combina accessibilitat, infraestructura i un entorn empresarial en creixement. Contacta&#8217;ns avui per a m\u00e9s informaci\u00f3 i assegura el teu espai a<\/strong> <strong>Montcada i Reixac!<\/strong><\/p>\n","protected":false},"excerpt":{"rendered":"<p>Lloguer de Naus Industrials a Montcada i Reixac Descobreix una \u00e0mplia selecci\u00f3 de naus industrials en lloguer a Montcada i Reixac, una localitat estrat\u00e8gica situada a nom\u00e9s 10 km de Barcelona. Aquest municipi es beneficia d&#8217;una ubicaci\u00f3 privilegiada, amb f\u00e0cil acc\u00e9s a importants vies de comunicaci\u00f3 com l&#8217;AP-7 i la C-58, que connecten r\u00e0pidament amb l&#8217;\u00e0rea metropolitana i altres ciutats clau de Catalunya. Montcada &#8230;<\/p>\n","protected":false},"author":9,"featured_media":0,"parent":0,"menu_order":0,"comment_status":"closed","ping_status":"closed","template":"property_list_half.php","meta":{"footnotes":""},"class_list":["post-171255","page","type-page","status-publish","hentry"],"_links":{"self":[{"href":"https:\/\/masachs.com\/ca\/wp-json\/wp\/v2\/pages\/171255"}],"collection":[{"href":"https:\/\/masachs.com\/ca\/wp-json\/wp\/v2\/pages"}],"about":[{"href":"https:\/\/masachs.com\/ca\/wp-json\/wp\/v2\/types\/page"}],"author":[{"embeddable":true,"href":"https:\/\/masachs.com\/ca\/wp-json\/wp\/v2\/users\/9"}],"replies":[{"embeddable":true,"href":"https:\/\/masachs.com\/ca\/wp-json\/wp\/v2\/comments?post=171255"}],"version-history":[{"count":2,"href":"https:\/\/masachs.com\/ca\/wp-json\/wp\/v2\/pages\/171255\/revisions"}],"predecessor-version":[{"id":400501,"href":"https:\/\/masachs.com\/ca\/wp-json\/wp\/v2\/pages\/171255\/revisions\/400501"}],"wp:attachment":[{"href":"https:\/\/masachs.com\/ca\/wp-json\/wp\/v2\/media?parent=171255"}],"curies":[{"name":"wp","href":"https:\/\/api.w.org\/{rel}","templated":true}]}}